{"id":49,"date":"2023-10-07T11:24:28","date_gmt":"2023-10-07T09:24:28","guid":{"rendered":"https:\/\/aik.se\/brottning\/?page_id=49"},"modified":"2024-05-29T08:05:20","modified_gmt":"2024-05-29T06:05:20","slug":"om-klubben","status":"publish","type":"page","link":"https:\/\/aik.se\/brottning\/om-klubben\/","title":{"rendered":"Om Klubben"},"content":{"rendered":"\n<h2 class=\"wp-block-heading\">V\u00e5r historia<\/h2>\n\n\n\n<p>Vi startades \u00e5r 2017. Antagligen en ganska vanlig dag f\u00f6r dom allra flesta, men inte f\u00f6r oss brottare. Den dagen var b\u00f6rjan p\u00e5 vad vi \u00e4r \u00f6vertygade om kommer att bli en v\u00e4ldigt l\u00e5ng resa. V\u00e5rt v\u00e4rde grundar sig i gemenskap och engagemang, i den k\u00e4rlek och passion till den idrott vi v\u00e4ljer att ut\u00f6va. Vi vet att h\u00e5rt arbete l\u00f6nar sig och p\u00e5 det s\u00e4ttet \u00e4r vi s\u00e4kra p\u00e5 att vi kommer ta oss dit vi vill.<\/p>\n\n\n\n<p>Trots att vi under hela f\u00f6rsta \u00e5ret stod utan lokal har m\u00e5let alltid varit tydligt f\u00f6r oss. En klubb och f\u00f6rening d\u00e4r alla \u00e4r v\u00e4lkomna, d\u00e4r du f\u00e5r r\u00e4tt f\u00f6ruts\u00e4ttningar att g\u00f6ra det du \u00e4lskar, p\u00e5 den niv\u00e5 du befinner dig p\u00e5. Trots att vi beh\u00f6vt resa runt i hela Stockholm flera g\u00e5nger i veckan f\u00f6r att kunna f\u00e5 tillg\u00e5ng till enstaka tr\u00e4ningstider har vi alltid gjort det som kr\u00e4vs f\u00f6r att v\u00e5r tr\u00e4ning ska bli av.<\/p>\n\n\n\n<h2 class=\"wp-block-heading\">V\u00e5r ideologi<\/h2>\n\n\n\n<p>Sedan m\u00e5nga av oss var barn har tr\u00e4ning varit en naturlig del av v\u00e5r vardag. Trots att v\u00e5ra m\u00e5l \u00e4r individuella och v\u00e4ldigt olika varandras \u00e4r det n\u00e5gonting vi alla g\u00f6r av samma anledning. Vi tror p\u00e5 att tr\u00e4ning ska vara f\u00f6rknippat med disciplin, trygghet och gl\u00e4dje. Det \u00e4r n\u00e4r dessa komponenter st\u00e4mmer \u00f6verens som vi vet att det blir h\u00e5llbart.<\/p>\n\n\n\n<p>Det spelar d\u00e4rf\u00f6r ingen roll p\u00e5 vilken niv\u00e5 just du befinner dig p\u00e5 d\u00e5&nbsp;dessa saker g\u00e5r att hitta i alla \u00e5ldrar och storlekar. Just d\u00e4rf\u00f6r kombinerar vi elitidrottande, motionstr\u00e4ning och knattegrupper. AIK Brottning \u00e4r en klubb f\u00f6r dig som oavsett niv\u00e5&nbsp;vill prioritera dig sj\u00e4lv, dina m\u00e5l och din h\u00e4lsa. Vi vill bidra till ett starkare Sverige d\u00e4r ursprung, storlek eller niv\u00e5 inte har betydelse.<\/p>\n\n\n\n<h2 class=\"wp-block-heading\">Vill du provtr\u00e4na hos oss?<\/h2>\n\n\n\n<p>Hos oss f\u00e5r du alltid\u00a0provtr\u00e4na vid ett tillf\u00e4lle utan kostnad f\u00f6r att se hur det \u00e4r att vara en del av AIK Brottning.<br>G\u00e5 in p\u00e5 respektive grupp f\u00f6r att st\u00e4lla er i k\u00f6 till de olika grupperna.<\/p>\n\n\n\n<p><\/p>\n\n\n\n<p><\/p>\n\n\n\n<p><\/p>\n","protected":false},"excerpt":{"rendered":"<p>V\u00e5r historia Vi startades \u00e5r 2017. Antagligen en ganska vanlig dag f\u00f6r dom allra flesta, men inte f\u00f6r oss brottare. Den dagen var b\u00f6rjan p\u00e5 vad vi \u00e4r \u00f6vertygade om [&hellip;]<\/p>\n","protected":false},"author":76,"featured_media":0,"parent":0,"menu_order":0,"comment_status":"closed","ping_status":"closed","template":"","meta":{"_kad_blocks_custom_css":"","_kad_blocks_head_custom_js":"","_kad_blocks_body_custom_js":"","_kad_blocks_footer_custom_js":"","_EventAllDay":false,"_EventTimezone":"","_EventStartDate":"","_EventEndDate":"","_EventStartDateUTC":"","_EventEndDateUTC":"","_EventShowMap":false,"_EventShowMapLink":false,"_EventURL":"","_EventCost":"","_EventCostDescription":"","_EventCurrencySymbol":"","_EventCurrencyCode":"","_EventCurrencyPosition":"","_EventDateTimeSeparator":"","_EventTimeRangeSeparator":"","_EventOrganizerID":[],"_EventVenueID":[],"_OrganizerEmail":"","_OrganizerPhone":"","_OrganizerWebsite":"","_VenueAddress":"","_VenueCity":"","_VenueCountry":"","_VenueProvince":"","_VenueState":"","_VenueZip":"","_VenuePhone":"","_VenueURL":"","_VenueStateProvince":"","_VenueLat":"","_VenueLng":"","_VenueShowMap":false,"_VenueShowMapLink":false,"_vp_format_video_url":"","_vp_image_focal_point":[],"_vp_custom_popup_image":0,"_vp_format_audio_url":"","_vp_album_images":[],"_vp_custom_thumbnail":0,"_vp_custom_thumbnail_focal_point":[],"_vp_custom_thumbnail_cover":0,"_vp_hover_thumbnail":0,"_vp_hover_thumbnail_focal_point":[],"footnotes":""},"class_list":["post-49","page","type-page","status-publish","hentry"],"blocksy_meta":[],"taxonomy_info":[],"featured_image_src_large":false,"author_info":{"display_name":"joakimfagerlund","author_link":"https:\/\/aik.se\/brottning\/author\/joakimfagerlund\/"},"comment_info":0,"_links":{"self":[{"href":"https:\/\/aik.se\/brottning\/wp-json\/wp\/v2\/pages\/49","targetHints":{"allow":["GET"]}}],"collection":[{"href":"https:\/\/aik.se\/brottning\/wp-json\/wp\/v2\/pages"}],"about":[{"href":"https:\/\/aik.se\/brottning\/wp-json\/wp\/v2\/types\/page"}],"author":[{"embeddable":true,"href":"https:\/\/aik.se\/brottning\/wp-json\/wp\/v2\/users\/76"}],"replies":[{"embeddable":true,"href":"https:\/\/aik.se\/brottning\/wp-json\/wp\/v2\/comments?post=49"}],"version-history":[{"count":3,"href":"https:\/\/aik.se\/brottning\/wp-json\/wp\/v2\/pages\/49\/revisions"}],"predecessor-version":[{"id":227,"href":"https:\/\/aik.se\/brottning\/wp-json\/wp\/v2\/pages\/49\/revisions\/227"}],"wp:attachment":[{"href":"https:\/\/aik.se\/brottning\/wp-json\/wp\/v2\/media?parent=49"}],"curies":[{"name":"wp","href":"https:\/\/api.w.org\/{rel}","templated":true}]}}