{"id":60,"date":"2023-10-07T11:05:26","date_gmt":"2023-10-07T09:05:26","guid":{"rendered":"https:\/\/aik.se\/brottning\/?page_id=60"},"modified":"2026-02-26T14:37:36","modified_gmt":"2026-02-26T13:37:36","slug":"6-9-ar","status":"publish","type":"page","link":"https:\/\/aik.se\/brottning\/6-9-ar\/","title":{"rendered":"Forts\u00e4ttningsgruppen"},"content":{"rendered":"\n<p>Gruppen l\u00e4mpar sig f\u00f6r dig som har brottats tidigare och har erfarenhet av brottningstr\u00e4ning.<\/p>\n\n\n\n<h2 class=\"wp-block-heading\">Tr\u00e4ningstider<\/h2>\n\n\n\n<p><strong>M\u00e5ndag<\/strong><br>17:45-19:15<\/p>\n\n\n\n<p><br><strong>Onsdag<\/strong><br>17:30-18:45<\/p>\n\n\n\n<h2 class=\"wp-block-heading\">Priser &amp; medlemskap<\/h2>\n\n\n\n<p><strong>Tr\u00e4ningsavgift:<\/strong><br>Forts\u00e4ttningsgrupp: 2 500 kr\/termin<\/p>\n\n\n\n<p>Tr\u00e4ningsavgiften aviseras via Sportadmin vid fr\u00e5gor kontakta ekonomi@aikbrottning.se<\/p>\n\n\n\n<p><strong>Medlemsavgift\u00a0i f\u00f6reningen AIK:<\/strong><br>F\u00f6rutom terminsavgift\u00a0m\u00e5ste \u00e4ven medlemsavgift i klubben AIK\u00a0betalas av alla som deltar i<br>v\u00e5r verksamhet. Denna avgift \u00e4r olika f\u00f6r olika \u00e5ldrar och g\u00e4ller f\u00f6r hel\u00e5r.<br>L\u00e4s mer om detta <a href=\"https:\/\/member.myclub.se\/public\/forms\/13459\/k03lfOEXsy\/\">h\u00e4r<\/a> om barnet\/ungdomen inte redan \u00e4r medlem. Genom medlemskapet blir barnen\/ungdomarna f\u00f6rs\u00e4krade i Folksam genom<br>Friidrottsf\u00f6rbundet.<\/p>\n\n\n\n<p><\/p>\n","protected":false},"excerpt":{"rendered":"<p>Gruppen l\u00e4mpar sig f\u00f6r dig som har brottats tidigare och har erfarenhet av brottningstr\u00e4ning. Tr\u00e4ningstider M\u00e5ndag17:45-19:15 Onsdag17:30-18:45 Priser &amp; medlemskap Tr\u00e4ningsavgift:Forts\u00e4ttningsgrupp: 2 500 kr\/termin Tr\u00e4ningsavgiften aviseras via Sportadmin vid fr\u00e5gor [&hellip;]<\/p>\n","protected":false},"author":76,"featured_media":0,"parent":0,"menu_order":0,"comment_status":"closed","ping_status":"closed","template":"","meta":{"_kad_blocks_custom_css":"","_kad_blocks_head_custom_js":"","_kad_blocks_body_custom_js":"","_kad_blocks_footer_custom_js":"","_EventAllDay":false,"_EventTimezone":"","_EventStartDate":"","_EventEndDate":"","_EventStartDateUTC":"","_EventEndDateUTC":"","_EventShowMap":false,"_EventShowMapLink":false,"_EventURL":"","_EventCost":"","_EventCostDescription":"","_EventCurrencySymbol":"","_EventCurrencyCode":"","_EventCurrencyPosition":"","_EventDateTimeSeparator":"","_EventTimeRangeSeparator":"","_EventOrganizerID":[],"_EventVenueID":[],"_OrganizerEmail":"","_OrganizerPhone":"","_OrganizerWebsite":"","_VenueAddress":"","_VenueCity":"","_VenueCountry":"","_VenueProvince":"","_VenueState":"","_VenueZip":"","_VenuePhone":"","_VenueURL":"","_VenueStateProvince":"","_VenueLat":"","_VenueLng":"","_VenueShowMap":false,"_VenueShowMapLink":false,"_vp_format_video_url":"","_vp_image_focal_point":[],"_vp_custom_popup_image":0,"_vp_format_audio_url":"","_vp_album_images":[],"_vp_custom_thumbnail":0,"_vp_custom_thumbnail_focal_point":[],"_vp_custom_thumbnail_cover":0,"_vp_hover_thumbnail":0,"_vp_hover_thumbnail_focal_point":[],"footnotes":""},"class_list":["post-60","page","type-page","status-publish","hentry"],"blocksy_meta":[],"taxonomy_info":[],"featured_image_src_large":false,"author_info":{"display_name":"joakimfagerlund","author_link":"https:\/\/aik.se\/brottning\/author\/joakimfagerlund\/"},"comment_info":0,"_links":{"self":[{"href":"https:\/\/aik.se\/brottning\/wp-json\/wp\/v2\/pages\/60","targetHints":{"allow":["GET"]}}],"collection":[{"href":"https:\/\/aik.se\/brottning\/wp-json\/wp\/v2\/pages"}],"about":[{"href":"https:\/\/aik.se\/brottning\/wp-json\/wp\/v2\/types\/page"}],"author":[{"embeddable":true,"href":"https:\/\/aik.se\/brottning\/wp-json\/wp\/v2\/users\/76"}],"replies":[{"embeddable":true,"href":"https:\/\/aik.se\/brottning\/wp-json\/wp\/v2\/comments?post=60"}],"version-history":[{"count":20,"href":"https:\/\/aik.se\/brottning\/wp-json\/wp\/v2\/pages\/60\/revisions"}],"predecessor-version":[{"id":570,"href":"https:\/\/aik.se\/brottning\/wp-json\/wp\/v2\/pages\/60\/revisions\/570"}],"wp:attachment":[{"href":"https:\/\/aik.se\/brottning\/wp-json\/wp\/v2\/media?parent=60"}],"curies":[{"name":"wp","href":"https:\/\/api.w.org\/{rel}","templated":true}]}}