{"id":65,"date":"2023-10-07T11:12:02","date_gmt":"2023-10-07T09:12:02","guid":{"rendered":"https:\/\/aik.se\/brottning\/?page_id=65"},"modified":"2026-01-08T12:55:51","modified_gmt":"2026-01-08T11:55:51","slug":"wresfit","status":"publish","type":"page","link":"https:\/\/aik.se\/brottning\/wresfit\/","title":{"rendered":"Wresfit"},"content":{"rendered":"\n<p><strong>Wresfit \u00e4r en fystr\u00e4ningsform riktad<\/strong> till motion\u00e4rer, gamla brottare, motionsbrottare, idrottslag och m\u00e4nniskor som aldrig tidigare varit i kontakt med varken brottning eller n\u00e5gon annan idrott f\u00f6r den delen. Kort och gott; f\u00f6r alla som vill prova en utmanade tr\u00e4ningsform. Vi ser flera andra tr\u00e4ningsformer som anv\u00e4nder sig av just brottningens grunder. Vi ser det som en sj\u00e4lvklarhet att vi som idrott skall vara den ledande akt\u00f6ren n\u00e4r det kommer till brottningsfys.<\/p>\n\n\n\n<p>Har du fr\u00e5gor eller funderingar, h\u00f6r av dig p\u00e5 <strong>wresfit@aikbrottning.se<\/strong> eller kom till tr\u00e4ningen och prata med ansvarig tr\u00e4nare. <\/p>\n\n\n\n<h2 class=\"wp-block-heading\">V\u00e5ra tr\u00e4ningstider<\/h2>\n\n\n\n<p><strong>Tisdag<\/strong><br>19:15 &#8211; 20:15 &#8211; Wresfit<\/p>\n\n\n\n<p><strong>L\u00f6rdag<\/strong><br>12:00 &#8211; 13:00 &#8211; Wresfit<\/p>\n\n\n\n<h2 class=\"wp-block-heading\">Priser &amp; betalning<\/h2>\n\n\n\n<p><strong>Tr\u00e4ningsavgift:<\/strong><br><strong>Wresfit: <\/strong>1900 kr\/termin eller 150 kr\/tillf\u00e4lle<\/p>\n\n\n\n<p>Wresfit ing\u00e5r \u00e4ven Bruce appen l\u00e4s mer <a href=\"https:\/\/www.bruce.app\/sv\/studios\/521\/aik-brottning-wresfit\">h\u00e4r<\/a>.<\/p>\n\n\n\n<p><\/p>\n\n\n\n<p><\/p>\n","protected":false},"excerpt":{"rendered":"<p>Wresfit \u00e4r en fystr\u00e4ningsform riktad till motion\u00e4rer, gamla brottare, motionsbrottare, idrottslag och m\u00e4nniskor som aldrig tidigare varit i kontakt med varken brottning eller n\u00e5gon annan idrott f\u00f6r den delen. Kort [&hellip;]<\/p>\n","protected":false},"author":76,"featured_media":0,"parent":0,"menu_order":0,"comment_status":"closed","ping_status":"closed","template":"","meta":{"_kad_blocks_custom_css":"","_kad_blocks_head_custom_js":"","_kad_blocks_body_custom_js":"","_kad_blocks_footer_custom_js":"","_EventAllDay":false,"_EventTimezone":"","_EventStartDate":"","_EventEndDate":"","_EventStartDateUTC":"","_EventEndDateUTC":"","_EventShowMap":false,"_EventShowMapLink":false,"_EventURL":"","_EventCost":"","_EventCostDescription":"","_EventCurrencySymbol":"","_EventCurrencyCode":"","_EventCurrencyPosition":"","_EventDateTimeSeparator":"","_EventTimeRangeSeparator":"","_EventOrganizerID":[],"_EventVenueID":[],"_OrganizerEmail":"","_OrganizerPhone":"","_OrganizerWebsite":"","_VenueAddress":"","_VenueCity":"","_VenueCountry":"","_VenueProvince":"","_VenueState":"","_VenueZip":"","_VenuePhone":"","_VenueURL":"","_VenueStateProvince":"","_VenueLat":"","_VenueLng":"","_VenueShowMap":false,"_VenueShowMapLink":false,"_vp_format_video_url":"","_vp_image_focal_point":[],"_vp_custom_popup_image":0,"_vp_format_audio_url":"","_vp_album_images":[],"_vp_custom_thumbnail":0,"_vp_custom_thumbnail_focal_point":[],"_vp_custom_thumbnail_cover":0,"_vp_hover_thumbnail":0,"_vp_hover_thumbnail_focal_point":[],"footnotes":""},"class_list":["post-65","page","type-page","status-publish","hentry"],"blocksy_meta":[],"taxonomy_info":[],"featured_image_src_large":false,"author_info":{"display_name":"joakimfagerlund","author_link":"https:\/\/aik.se\/brottning\/author\/joakimfagerlund\/"},"comment_info":0,"_links":{"self":[{"href":"https:\/\/aik.se\/brottning\/wp-json\/wp\/v2\/pages\/65","targetHints":{"allow":["GET"]}}],"collection":[{"href":"https:\/\/aik.se\/brottning\/wp-json\/wp\/v2\/pages"}],"about":[{"href":"https:\/\/aik.se\/brottning\/wp-json\/wp\/v2\/types\/page"}],"author":[{"embeddable":true,"href":"https:\/\/aik.se\/brottning\/wp-json\/wp\/v2\/users\/76"}],"replies":[{"embeddable":true,"href":"https:\/\/aik.se\/brottning\/wp-json\/wp\/v2\/comments?post=65"}],"version-history":[{"count":15,"href":"https:\/\/aik.se\/brottning\/wp-json\/wp\/v2\/pages\/65\/revisions"}],"predecessor-version":[{"id":527,"href":"https:\/\/aik.se\/brottning\/wp-json\/wp\/v2\/pages\/65\/revisions\/527"}],"wp:attachment":[{"href":"https:\/\/aik.se\/brottning\/wp-json\/wp\/v2\/media?parent=65"}],"curies":[{"name":"wp","href":"https:\/\/api.w.org\/{rel}","templated":true}]}}