{"id":12,"date":"2022-09-15T07:58:36","date_gmt":"2022-09-15T05:58:36","guid":{"rendered":"https:\/\/aik.se\/dart\/?page_id=12"},"modified":"2023-06-22T10:23:54","modified_gmt":"2023-06-22T08:23:54","slug":"hem","status":"publish","type":"page","link":"https:\/\/aik.se\/dart\/","title":{"rendered":"Hem"},"content":{"rendered":"<style>.kb-row-layout-id_300aef-29 > .kt-row-column-wrap{align-content:start;}:where(.kb-row-layout-id_300aef-29 > .kt-row-column-wrap) > .wp-block-kadence-column{justify-content:start;}.kb-row-layout-id_300aef-29 > .kt-row-column-wrap{column-gap:var(--global-kb-gap-md, 2rem);row-gap:var(--global-kb-gap-md, 2rem);padding-top:var(--global-kb-spacing-xs, 1rem);min-height:630px;grid-template-columns:minmax(0, 1fr);}.kb-row-layout-id_300aef-29{background-image:url('https:\/\/aik.se\/dart\/wp-content\/uploads\/sites\/9\/2023\/05\/aik_dart_1.jpg');background-size:cover;background-position:center center;background-attachment:scroll;background-repeat:no-repeat;}.kb-row-layout-id_300aef-29 > .kt-row-layout-overlay{opacity:0.30;}@media all and (max-width: 1024px){.kb-row-layout-id_300aef-29 > .kt-row-column-wrap{grid-template-columns:minmax(0, 1fr);}}@media all and (max-width: 767px){.kb-row-layout-id_300aef-29 > .kt-row-column-wrap{grid-template-columns:minmax(0, 1fr);}}<\/style><div class=\"kb-row-layout-wrap kb-row-layout-id_300aef-29 alignfull kt-row-has-bg wp-block-kadence-rowlayout\"><div class=\"kt-row-column-wrap kt-has-1-columns kt-row-layout-equal kt-tab-layout-inherit kt-mobile-layout-row kt-row-valign-top\">\n<style>.kadence-column_f00e59-1d > .kt-inside-inner-col,.kadence-column_f00e59-1d > .kt-inside-inner-col:before{border-top-left-radius:0px;border-top-right-radius:0px;border-bottom-right-radius:0px;border-bottom-left-radius:0px;}.kadence-column_f00e59-1d > .kt-inside-inner-col{column-gap:var(--global-kb-gap-sm, 1rem);}.kadence-column_f00e59-1d > .kt-inside-inner-col{flex-direction:column;}.kadence-column_f00e59-1d > .kt-inside-inner-col > .aligncenter{width:100%;}.kadence-column_f00e59-1d > .kt-inside-inner-col:before{opacity:0.3;}.kadence-column_f00e59-1d{position:relative;}@media all and (max-width: 1024px){.kadence-column_f00e59-1d > .kt-inside-inner-col{flex-direction:column;justify-content:center;}}@media all and (max-width: 767px){.kadence-column_f00e59-1d > .kt-inside-inner-col{flex-direction:column;justify-content:center;}}<\/style>\n<div class=\"wp-block-kadence-column kadence-column_f00e59-1d\"><div class=\"kt-inside-inner-col\"><\/div><\/div>\n\n<\/div><\/div>\n\n<style>.wp-block-kadence-advancedheading.kt-adv-heading_6f0207-84, .wp-block-kadence-advancedheading.kt-adv-heading_6f0207-84[data-kb-block=\"kb-adv-heading_6f0207-84\"]{font-style:normal;}.wp-block-kadence-advancedheading.kt-adv-heading_6f0207-84 mark.kt-highlight, .wp-block-kadence-advancedheading.kt-adv-heading_6f0207-84[data-kb-block=\"kb-adv-heading_6f0207-84\"] mark.kt-highlight{font-style:normal;color:#f76a0c;-webkit-box-decoration-break:clone;box-decoration-break:clone;padding-top:0px;padding-right:0px;padding-bottom:0px;padding-left:0px;}.wp-block-kadence-advancedheading.kt-adv-heading_6f0207-84 img.kb-inline-image, .wp-block-kadence-advancedheading.kt-adv-heading_6f0207-84[data-kb-block=\"kb-adv-heading_6f0207-84\"] img.kb-inline-image{width:150px;vertical-align:baseline;}@media all and (max-width: 767px){.wp-block-kadence-advancedheading.kt-adv-heading_6f0207-84, .wp-block-kadence-advancedheading.kt-adv-heading_6f0207-84[data-kb-block=\"kb-adv-heading_6f0207-84\"]{font-size:var(--global-kb-font-size-lg, 2rem);}}<\/style>\n<h2 class=\"kt-adv-heading_6f0207-84 wp-block-kadence-advancedheading\" data-kb-block=\"kb-adv-heading_6f0207-84\">V\u00e4lkommen till AIK Dart<\/h2>\n\n\n\n<p>AIK Dart \u00e4r en f\u00f6rening f\u00f6r oss AIK:are som gillar att kasta Dart<br>V\u00e5r hemmaplan \u00e4r p\u00e5 restaurang East, Solnav\u00e4gen 104 B, precis i anslutning till d\u00e4r R\u00e5sunda stadion l\u00e5g.<\/p>\n\n\n\n<p>Det finns en fantastisk uppsj\u00f6 av varianter p\u00e5 alternativa spel men den vanligaste varianten man t\u00e4vlar i \u00e4r 501 med utg\u00e5ng. <\/p>\n\n\n\n<p>&nbsp;Allt \u00e4r egentligen enkel matematik i kombination med ren fysik. Det sv\u00e5ra \u00e4r att tr\u00e4ffa just r\u00e4tt po\u00e4ngf\u00e4lt vid r\u00e4tt tillf\u00e4lle. Som med allting annat &#8211; \u00f6vning ger f\u00e4rdighet.&nbsp;<\/p>\n\n\n\n<p>AIK Dartf\u00f6rening har som m\u00e5ls\u00e4ttning att utg\u00f6ra den sj\u00e4lvklara m\u00f6tesplatsen f\u00f6r alla med svartgult hj\u00e4rta som vill ut\u00f6va Dart. Detta oavsett skicklighet, \u00e5lder, k\u00f6n, etniskt ursprung, funktionshinder, mm &#8211; Alla \u00e4r v\u00e4lkomna inom darten.<\/p>\n\n\n\n<p>Tveka inte att kontakta oss om du har fr\u00e5gor, vill t\u00e4vla med oss eller bara prova p\u00e5 att kasta dart.<\/p>\n\n\n\n<p>Mejl: <a href=\"mailto:info@aikdart.se\">info@aikdart.se<\/a><\/p>\n\n\n\n<p><\/p>\n","protected":false},"excerpt":{"rendered":"<p>V\u00e4lkommen till AIK Dart AIK Dart \u00e4r en f\u00f6rening f\u00f6r oss AIK:are som gillar att kasta DartV\u00e5r hemmaplan \u00e4r p\u00e5 restaurang East, Solnav\u00e4gen 104 B, precis i anslutning till d\u00e4r [&hellip;]<\/p>\n","protected":false},"author":24,"featured_media":243,"parent":0,"menu_order":0,"comment_status":"closed","ping_status":"closed","template":"","meta":{"_kad_blocks_custom_css":"","_kad_blocks_head_custom_js":"","_kad_blocks_body_custom_js":"","_kad_blocks_footer_custom_js":"","_EventAllDay":false,"_EventTimezone":"","_EventStartDate":"","_EventEndDate":"","_EventStartDateUTC":"","_EventEndDateUTC":"","_EventShowMap":false,"_EventShowMapLink":false,"_EventURL":"","_EventCost":"","_EventCostDescription":"","_EventCurrencySymbol":"","_EventCurrencyCode":"","_EventCurrencyPosition":"","_EventDateTimeSeparator":"","_EventTimeRangeSeparator":"","_EventOrganizerID":[],"_EventVenueID":[0],"_OrganizerEmail":"","_OrganizerPhone":"","_OrganizerWebsite":"","_VenueAddress":"","_VenueCity":"","_VenueCountry":"","_VenueProvince":"","_VenueState":"","_VenueZip":"","_VenuePhone":"","_VenueURL":"","_VenueStateProvince":"","_VenueLat":"","_VenueLng":"","_VenueShowMap":false,"_VenueShowMapLink":false,"_vp_format_video_url":"","_vp_image_focal_point":{"x":0.51,"y":0.49},"_vp_custom_popup_image":0,"_vp_format_audio_url":"","_vp_album_images":[],"_vp_custom_thumbnail":0,"_vp_custom_thumbnail_focal_point":[],"_vp_custom_thumbnail_cover":0,"_vp_hover_thumbnail":0,"_vp_hover_thumbnail_focal_point":[],"footnotes":""},"class_list":["post-12","page","type-page","status-publish","has-post-thumbnail","hentry"],"blocksy_meta":{"page_title_panel":"","has_hero_section":"disabled","3bda3edad846cdb92d0f4058527338ee":"","hero_section":"type-1","hero_elements":[{"id":"custom_title","enabled":true,"heading_tag":"h1","title":"Home","__id":"j6RPco5pS_UFT1pPM59fM"},{"id":"custom_description","enabled":false,"description_visibility":{"desktop":true,"tablet":true,"mobile":false},"__id":"JAbUPRcYR71MiBNz1m6FS"},{"id":"custom_meta","enabled":false,"meta_elements":[{"id":"author","enabled":true,"label":"By","has_author_avatar":"yes","avatar_size":25},{"id":"post_date","enabled":true,"label":"On","date_format_source":"default","date_format":"M j, Y"},{"id":"updated_date","enabled":false,"label":"On","date_format_source":"default","date_format":"M j, Y"},{"id":"categories","enabled":false,"label":"In","style":"simple"},{"id":"comments","enabled":true}],"page_meta_elements":{"joined":true,"articles_count":true,"comments":true},"__id":"Q_-O5tEgXCl1oBQuU9a4M"},{"id":"breadcrumbs","enabled":false,"__id":"kztCvbdYXAn_QZOUyX19T"}],"7410c3cc3d6abb96a65cf0c1a8408853":"","hero_alignment1":"CT_CSS_SKIP_RULE","hero_margin":40,"hero_alignment2":"center","hero_vertical_alignment":"center","6855f3009bae032714d341f27bd182c2":"","hero_structure":"narrow","09567eaa1626d3fe7ab8d611afdf9a98":"","page_title_bg_type":"featured_image","custom_hero_background":{"attachment_id":null},"page_title_image_size":"full","parallax":{"desktop":false,"tablet":false,"mobile":false},"2f8aca356d2ba53282b8236280f90200":"","hero_height":{"desktop":"570px","tablet":"570px","mobile":"570px","__changed":[]},"pageTitleFont":{"family":"Default","variation":"Default","size":"30px","line-height":"CT_CSS_SKIP_RULE","letter-spacing":"CT_CSS_SKIP_RULE","text-transform":"CT_CSS_SKIP_RULE","text-decoration":"CT_CSS_SKIP_RULE"},"pageTitleFontColor":{"default":{"color":"CT_CSS_SKIP_RULEDEFAULT"}},"pageMetaFont":{"family":"Default","variation":"n6","size":"12px","line-height":"1.3","letter-spacing":"CT_CSS_SKIP_RULE","text-transform":"uppercase","text-decoration":"CT_CSS_SKIP_RULE"},"pageMetaFontColor":{"default":{"color":"CT_CSS_SKIP_RULEDEFAULT"},"hover":{"color":"CT_CSS_SKIP_RULEDEFAULT"}},"page_meta_button_type_font_colors":{"default":{"color":"CT_CSS_SKIP_RULEDEFAULT"},"hover":{"color":"CT_CSS_SKIP_RULEDEFAULT"}},"page_meta_button_type_background_colors":{"default":{"color":"CT_CSS_SKIP_RULEDEFAULT"},"hover":{"color":"CT_CSS_SKIP_RULEDEFAULT"}},"pageExcerptFont":{"family":"Default","variation":"Default","size":"CT_CSS_SKIP_RULE","line-height":"CT_CSS_SKIP_RULE","letter-spacing":"CT_CSS_SKIP_RULE","text-transform":"CT_CSS_SKIP_RULE","text-decoration":"CT_CSS_SKIP_RULE"},"pageExcerptColor":{"default":{"color":"CT_CSS_SKIP_RULEDEFAULT"}},"breadcrumbsFont":{"family":"Default","variation":"Default","size":"CT_CSS_SKIP_RULE","line-height":"CT_CSS_SKIP_RULE","letter-spacing":"CT_CSS_SKIP_RULE","text-transform":"CT_CSS_SKIP_RULE","text-decoration":"CT_CSS_SKIP_RULE"},"breadcrumbsFontColor":{"default":{"color":"CT_CSS_SKIP_RULEDEFAULT"},"initial":{"color":"CT_CSS_SKIP_RULEDEFAULT"},"hover":{"color":"CT_CSS_SKIP_RULEDEFAULT"}},"pageTitleOverlay":{"background_type":"color","background_pattern":"type-1","background_image":{"attachment_id":null,"x":0,"y":0},"gradient":"linear-gradient(135deg,rgba(6,147,227,1) 0%,rgb(155,81,224) 100%)","background_repeat":"repeat","background_size":"auto","background_attachment":"scroll","patternColor":{"default":{"color":"#e5e7ea"}},"overlayColor":{"default":{"color":"CT_CSS_SKIP_RULE"}},"backgroundColor":{"default":{"color":"CT_CSS_SKIP_RULE"}}},"pageTitleBackground":{"background_type":"color","background_pattern":"type-1","background_image":{"attachment_id":null,"x":0,"y":0},"gradient":"linear-gradient(135deg,rgba(6,147,227,1) 0%,rgb(155,81,224) 100%)","background_repeat":"repeat","background_size":"auto","background_attachment":"scroll","patternColor":{"default":{"color":"#e5e7ea"}},"overlayColor":{"default":{"color":"CT_CSS_SKIP_RULE"}},"backgroundColor":{"default":{"color":"var(--theme-palette-color-6)"}}},"pageTitlePadding":{"top":"50px","bottom":"50px","left":"auto","right":"auto","linked":true},"eeacbf6329c906adcb652ec7a195447e":"","page_structure_type":"type-3","5d7a2c1177205c92fffb461e27bad21a":"","content_style_source":"inherit","content_style":"wide","vertical_spacing_source":"custom","content_area_spacing":"none","background":{"background_type":"color","background_pattern":"type-1","background_image":{"attachment_id":null,"x":0,"y":0},"gradient":"linear-gradient(135deg,rgba(6,147,227,1) 0%,rgb(155,81,224) 100%)","background_repeat":"repeat","background_size":"auto","background_attachment":"scroll","patternColor":{"default":{"color":"#e5e7ea"}},"overlayColor":{"default":{"color":"CT_CSS_SKIP_RULE"}},"backgroundColor":{"default":{"color":"CT_CSS_SKIP_RULE"}}},"content_background":{"background_type":"color","background_pattern":"type-1","background_image":{"attachment_id":null,"x":0,"y":0},"gradient":"linear-gradient(135deg,rgba(6,147,227,1) 0%,rgb(155,81,224) 100%)","background_repeat":"repeat","background_size":"auto","background_attachment":"scroll","patternColor":{"default":{"color":"#e5e7ea"}},"overlayColor":{"default":{"color":"CT_CSS_SKIP_RULE"}},"backgroundColor":{"default":{"color":"var(--theme-palette-color-8)"}}},"content_boxed_shadow":{"inherit":false,"blur":18,"spread":-6,"v_offset":12,"h_offset":0,"inset":false,"enable":true,"color":{"color":"rgba(34, 56, 101, 0.04)"}},"content_boxed_border":{"width":1,"style":"none","color":{"color":"rgba(44,62,80,0.2)"}},"content_boxed_radius":{"top":"3px","bottom":"3px","left":"3px","right":"3px","linked":true},"boxed_content_spacing":{"desktop":{"top":"40px","bottom":"40px","left":"40px","right":"40px","linked":true},"tablet":{"top":"35px","bottom":"35px","left":"35px","right":"35px","linked":true},"mobile":{"top":"20px","bottom":"20px","left":"20px","right":"20px","linked":true}},"e8b5bde9b00d9bb851c1edbdbf48f5f1":"","disable_featured_image":"no","disable_share_box":"no","disable_header":"no","disable_footer":"no","fb01de285f4a224de912a2c6a96260ea":"","ab30b73778d59f6d56077025c791faab":"","0567c8e9b448deeb7b8694d00af91b61":"","1f1162a64aa9ff0d3f08ee217ddd30fe":"","efd0befbd19a9b68ec78571e721875e1":"","02482299818c167dc81ffd3b6b91d4a8":"","96468c2a4600099c0795a79d84d51893":"","9af2644d6f8f09bee0666db13aed9cda":"","ddb10659cf8dfaebfeb537b921354357":"","899cfde46c082e3eee8d631813d9bca7":"","9f569af7cfe42acf6f6aed46a7415fa7":"","64657edf6e813baf4c19e4073c1174d0":"","7350e07b75d536837e08ab509c9c5665":"","7caeee39f71c033775359baec7227d4e":"","47c4c8d75d790fbbcc09de5c9639720b":"","5c3054eb72c36ccdd32eb19a62ba660a":"","a8eb9e3c576a5173ad704feeed3154f9":"","f1a441cb60af7c10022cf686c6a83740":"","8af19cfbd0fe0cab1db07af5357d7a97":"","91ed24f2085b5b9bd55a475f129d8fdc":"","78a9b27e362e550669412ce9ab4d3aa7":"","fb31bc9867b7d2f00f496dcaaa963620":"","2732d7cc4d0fdef785cc925c0ae7fb8d":"","800a43d0ed3738114ffce4f56d3798b6":""},"taxonomy_info":[],"featured_image_src_large":["https:\/\/aik.se\/dart\/wp-content\/uploads\/sites\/9\/2023\/05\/aik_dart_1-1024x576.jpg",1024,576,true],"author_info":{"display_name":"Realisatorerna","author_link":"https:\/\/aik.se\/dart\/author\/realisatorerna\/"},"comment_info":0,"_links":{"self":[{"href":"https:\/\/aik.se\/dart\/wp-json\/wp\/v2\/pages\/12","targetHints":{"allow":["GET"]}}],"collection":[{"href":"https:\/\/aik.se\/dart\/wp-json\/wp\/v2\/pages"}],"about":[{"href":"https:\/\/aik.se\/dart\/wp-json\/wp\/v2\/types\/page"}],"author":[{"embeddable":true,"href":"https:\/\/aik.se\/dart\/wp-json\/wp\/v2\/users\/24"}],"replies":[{"embeddable":true,"href":"https:\/\/aik.se\/dart\/wp-json\/wp\/v2\/comments?post=12"}],"version-history":[{"count":48,"href":"https:\/\/aik.se\/dart\/wp-json\/wp\/v2\/pages\/12\/revisions"}],"predecessor-version":[{"id":646,"href":"https:\/\/aik.se\/dart\/wp-json\/wp\/v2\/pages\/12\/revisions\/646"}],"wp:featuredmedia":[{"embeddable":true,"href":"https:\/\/aik.se\/dart\/wp-json\/wp\/v2\/media\/243"}],"wp:attachment":[{"href":"https:\/\/aik.se\/dart\/wp-json\/wp\/v2\/media?parent=12"}],"curies":[{"name":"wp","href":"https:\/\/api.w.org\/{rel}","templated":true}]}}