{"id":308,"date":"2023-06-20T10:06:21","date_gmt":"2023-06-20T08:06:21","guid":{"rendered":"https:\/\/aik.se\/dart\/?page_id=308"},"modified":"2025-08-03T21:45:28","modified_gmt":"2025-08-03T19:45:28","slug":"bli-medlem","status":"publish","type":"page","link":"https:\/\/aik.se\/dart\/bli-medlem\/","title":{"rendered":"Bli medlem"},"content":{"rendered":"\n<p><\/p>\n\n\n\n<p><strong>1. Medlemskap i AIK huvudf\u00f6rening<\/strong> (obligatoriskt f\u00f6r alla utom st\u00f6dmedlem)<br><a href=\"https:\/\/aik.se\/medlem\/\" target=\"_blank\" rel=\"noreferrer noopener\">Bli medlem i AIK | Allm\u00e4nna Idrottsklubben<\/a><br>Medlemsavgifter och \u00e5ldersgr\u00e4nser:<\/p>\n\n\n\n<ul class=\"wp-block-list\">\n<li>Gnagismedlem (0-12 \u00e5r): 150 kr<\/li>\n\n\n\n<li>Ungdomsmedlem (13-17\u00e5r): 200 kr<\/li>\n\n\n\n<li>Juniormedlem (18-24 \u00e5r): 250 kr<\/li>\n\n\n\n<li>Seniormedlem (25-64 \u00e5r): 600 kr<\/li>\n\n\n\n<li>Pension\u00e4rsmedlem (65 \u00e5r och \u00e4ldre): 400 kr<\/li>\n\n\n\n<li>Familjemedlemskap: 700 kr<\/li>\n\n\n\n<li>St\u00e4ndig medlem: 6 000 kr<br><br>Nya medlemskap&nbsp;som tecknas fr o m 1 oktober g\u00e4ller f\u00f6r innevarande samt n\u00e4stkommande \u00e5r.<\/li>\n<\/ul>\n\n\n\n<p><strong>2. Medlem i AIK Dartf\u00f6rening<\/strong><br>Medlemsavgift 0 kr (obligatoriskt)<br>St\u00f6dmedlem 100 kr, f\u00f6r de som vill st\u00f6tta darten (valfritt)<br>Swish-nummer: 123 294 05 34<br><br>Ans\u00f6k genom att mejla namn, personnummer, mejladress och mobilnummer till <a href=\"mailto:info@aikdart.se\">info@aikdart.se<\/a>\u00a0eller kom p\u00e5 en av v\u00e5ra \u00f6ppna m\u00e5ndagstr\u00e4ningar p\u00e5 restaurang East, se\u00a0<a href=\"https:\/\/aik.se\/dart\/events\/\" target=\"_blank\" rel=\"noreferrer noopener\">Evenemang | AIK DART<\/a><\/p>\n\n\n\n<p><strong>3. Aktivitetsavgift<\/strong><br><br>Senior (fr\u00e5n 18 \u00e5r):&nbsp;100&nbsp;kr<br>Barn\/Ungdom (0-17 \u00e5r) 0 kr<\/p>\n\n\n\n<p>Swish-nummer: 123 294 05 34<br><br>Skicka mejl till <a href=\"mailto:info@aikdart.se\">info@aikdart.se<\/a> f\u00f6r information om betalning eller kom p\u00e5 en m\u00e5ndagstr\u00e4ning, se kalendern.<br><\/p>\n\n\n\n<p><strong>4. T\u00e4vlingslicens\/spelarlicens<\/strong><br><br>F\u00f6r att kunna t\u00e4vla i seriespelet beh\u00f6ver man en spelarlicens. <br>Spelarlicens f\u00f6r seniorer \u00e4r 700 kronor\/spel\u00e5r\u00a0<strong>\u00a0<\/strong>(1 augusti &#8211; 31 juli).<br>Juniorer betalar 100 kronor. (1 augusti &#8211; 31 juli)<br><br>Seniorer som aldrig spelat dart eller inte innehaft spelarlicens de senaste fem \u00e5ren kan teckna en Prova-p\u00e5-Licens f\u00f6r 350 kr\/spel\u00e5r. (1 augusti &#8211; 31 juli)<br><br>L\u00e4s mer h\u00e4r om seriespelet: <a href=\"https:\/\/www.stdf.se\/seriespel\/\" target=\"_blank\" rel=\"noreferrer noopener\">https:\/\/www.stdf.se\/seriespel\/<\/a> <br>eller kom p\u00e5 n\u00e5gon av v\u00e5ra m\u00e5ndagstr\u00e4ningar s\u00e5 f\u00f6rklarar vi mer.<br><br>V\u00e4l m\u00f6tt och heja gnaget!<\/p>\n\n\n\n<p><\/p>\n","protected":false},"excerpt":{"rendered":"<p>1. Medlemskap i AIK huvudf\u00f6rening (obligatoriskt f\u00f6r alla utom st\u00f6dmedlem)Bli medlem i AIK | Allm\u00e4nna IdrottsklubbenMedlemsavgifter och \u00e5ldersgr\u00e4nser: 2. Medlem i AIK Dartf\u00f6reningMedlemsavgift 0 kr (obligatoriskt)St\u00f6dmedlem 100 kr, f\u00f6r de [&hellip;]<\/p>\n","protected":false},"author":75,"featured_media":0,"parent":0,"menu_order":0,"comment_status":"closed","ping_status":"closed","template":"","meta":{"_kad_blocks_custom_css":"","_kad_blocks_head_custom_js":"","_kad_blocks_body_custom_js":"","_kad_blocks_footer_custom_js":"","_EventAllDay":false,"_EventTimezone":"","_EventStartDate":"","_EventEndDate":"","_EventStartDateUTC":"","_EventEndDateUTC":"","_EventShowMap":false,"_EventShowMapLink":false,"_EventURL":"","_EventCost":"","_EventCostDescription":"","_EventCurrencySymbol":"","_EventCurrencyCode":"","_EventCurrencyPosition":"","_EventDateTimeSeparator":"","_EventTimeRangeSeparator":"","_EventOrganizerID":[],"_EventVenueID":[],"_OrganizerEmail":"","_OrganizerPhone":"","_OrganizerWebsite":"","_VenueAddress":"","_VenueCity":"","_VenueCountry":"","_VenueProvince":"","_VenueState":"","_VenueZip":"","_VenuePhone":"","_VenueURL":"","_VenueStateProvince":"","_VenueLat":"","_VenueLng":"","_VenueShowMap":false,"_VenueShowMapLink":false,"_vp_format_video_url":"","_vp_image_focal_point":[],"_vp_custom_popup_image":0,"_vp_format_audio_url":"","_vp_album_images":[],"_vp_custom_thumbnail":0,"_vp_custom_thumbnail_focal_point":[],"_vp_custom_thumbnail_cover":0,"_vp_hover_thumbnail":0,"_vp_hover_thumbnail_focal_point":[],"footnotes":""},"class_list":["post-308","page","type-page","status-publish","hentry"],"blocksy_meta":[],"taxonomy_info":[],"featured_image_src_large":false,"author_info":{"display_name":"Martin Ross-Langley","author_link":"https:\/\/aik.se\/dart\/author\/vretarna\/"},"comment_info":0,"_links":{"self":[{"href":"https:\/\/aik.se\/dart\/wp-json\/wp\/v2\/pages\/308","targetHints":{"allow":["GET"]}}],"collection":[{"href":"https:\/\/aik.se\/dart\/wp-json\/wp\/v2\/pages"}],"about":[{"href":"https:\/\/aik.se\/dart\/wp-json\/wp\/v2\/types\/page"}],"author":[{"embeddable":true,"href":"https:\/\/aik.se\/dart\/wp-json\/wp\/v2\/users\/75"}],"replies":[{"embeddable":true,"href":"https:\/\/aik.se\/dart\/wp-json\/wp\/v2\/comments?post=308"}],"version-history":[{"count":13,"href":"https:\/\/aik.se\/dart\/wp-json\/wp\/v2\/pages\/308\/revisions"}],"predecessor-version":[{"id":704,"href":"https:\/\/aik.se\/dart\/wp-json\/wp\/v2\/pages\/308\/revisions\/704"}],"wp:attachment":[{"href":"https:\/\/aik.se\/dart\/wp-json\/wp\/v2\/media?parent=308"}],"curies":[{"name":"wp","href":"https:\/\/api.w.org\/{rel}","templated":true}]}}