{"id":588,"date":"2024-03-05T09:14:40","date_gmt":"2024-03-05T08:14:40","guid":{"rendered":"https:\/\/aik.se\/dart\/?page_id=588"},"modified":"2024-07-16T11:11:10","modified_gmt":"2024-07-16T09:11:10","slug":"arsmote","status":"publish","type":"page","link":"https:\/\/aik.se\/dart\/arsmote\/","title":{"rendered":"\u00c5rsm\u00f6te"},"content":{"rendered":"\n<p><strong>Extra \u00c5rsm\u00f6te AIK Dartf\u00f6rening<\/strong><br><strong>Plats<\/strong>: East<br><strong>Tid<\/strong>: L\u00f6rdag 2024-08-10 Kl. 12:30<br><br><strong>Dagordning:<\/strong><br>1. M\u00f6tet \u00f6ppnas<br>2. Fastst\u00e4llande av r\u00f6stl\u00e4ngd<br>3. Val av m\u00f6tesfunktion\u00e4rer<br><code>a) M\u00f6tesordf\u00f6rande <\/code><br><code>b) M\u00f6tessekreterare<\/code><br><code>c) Justeringsm\u00e4n\/kvinnor (tv\u00e5 Stycken)<\/code><br><code>d) R\u00f6str\u00e4knare (tv\u00e5 Stycken)<\/code><br>4. <code>Fr\u00e5ga om m\u00f6tet har utlysts p\u00e5 r\u00e4tt s\u00e4tt och inom r\u00e4tt tid.<\/code><br>5. <code>Fastst\u00e4llande av f\u00f6redragningslista.<\/code><br>6. <code>Behandling av:<br>a) Revisorernas ber\u00e4ttelse(r) f\u00f6r det g\u00e5ngna verksamhets\/r\u00e4kenskaps\u00e5ret<\/code><br>7. <code>Fr\u00e5ga om ansvarsfrihet f\u00f6r den avg\u00e5ende styrelsen.<\/code><br>8. <code>Val av revisorer<\/code><br><code>a) Revisor samt revisorssuppleant f\u00f6r en period p\u00e5 ett \u00e5r vardera<\/code><br><code>\u2022 Revisor<br>\u2022 Revisorssuppleant<\/code><br>9. <code>M\u00f6tet avslutas<\/code><\/p>\n\n\n\n<ol class=\"wp-block-list\"><\/ol>\n\n\n\n<p><\/p>\n\n\n\n<p><\/p>\n","protected":false},"excerpt":{"rendered":"<p>Extra \u00c5rsm\u00f6te AIK Dartf\u00f6reningPlats: EastTid: L\u00f6rdag 2024-08-10 Kl. 12:30 Dagordning:1. M\u00f6tet \u00f6ppnas2. Fastst\u00e4llande av r\u00f6stl\u00e4ngd3. Val av m\u00f6tesfunktion\u00e4rera) M\u00f6tesordf\u00f6rande b) M\u00f6tessekreterarec) Justeringsm\u00e4n\/kvinnor (tv\u00e5 Stycken)d) R\u00f6str\u00e4knare (tv\u00e5 Stycken)4. Fr\u00e5ga om m\u00f6tet [&hellip;]<\/p>\n","protected":false},"author":75,"featured_media":0,"parent":0,"menu_order":0,"comment_status":"closed","ping_status":"closed","template":"","meta":{"_kad_blocks_custom_css":"","_kad_blocks_head_custom_js":"","_kad_blocks_body_custom_js":"","_kad_blocks_footer_custom_js":"","_EventAllDay":false,"_EventTimezone":"","_EventStartDate":"","_EventEndDate":"","_EventStartDateUTC":"","_EventEndDateUTC":"","_EventShowMap":false,"_EventShowMapLink":false,"_EventURL":"","_EventCost":"","_EventCostDescription":"","_EventCurrencySymbol":"","_EventCurrencyCode":"","_EventCurrencyPosition":"","_EventDateTimeSeparator":"","_EventTimeRangeSeparator":"","_EventOrganizerID":[],"_EventVenueID":[],"_OrganizerEmail":"","_OrganizerPhone":"","_OrganizerWebsite":"","_VenueAddress":"","_VenueCity":"","_VenueCountry":"","_VenueProvince":"","_VenueState":"","_VenueZip":"","_VenuePhone":"","_VenueURL":"","_VenueStateProvince":"","_VenueLat":"","_VenueLng":"","_VenueShowMap":false,"_VenueShowMapLink":false,"_vp_format_video_url":"","_vp_image_focal_point":[],"_vp_custom_popup_image":0,"_vp_format_audio_url":"","_vp_album_images":[],"_vp_custom_thumbnail":0,"_vp_custom_thumbnail_focal_point":[],"_vp_custom_thumbnail_cover":0,"_vp_hover_thumbnail":0,"_vp_hover_thumbnail_focal_point":[],"footnotes":""},"class_list":["post-588","page","type-page","status-publish","hentry"],"blocksy_meta":[],"taxonomy_info":[],"featured_image_src_large":false,"author_info":{"display_name":"Martin Ross-Langley","author_link":"https:\/\/aik.se\/dart\/author\/vretarna\/"},"comment_info":0,"_links":{"self":[{"href":"https:\/\/aik.se\/dart\/wp-json\/wp\/v2\/pages\/588","targetHints":{"allow":["GET"]}}],"collection":[{"href":"https:\/\/aik.se\/dart\/wp-json\/wp\/v2\/pages"}],"about":[{"href":"https:\/\/aik.se\/dart\/wp-json\/wp\/v2\/types\/page"}],"author":[{"embeddable":true,"href":"https:\/\/aik.se\/dart\/wp-json\/wp\/v2\/users\/75"}],"replies":[{"embeddable":true,"href":"https:\/\/aik.se\/dart\/wp-json\/wp\/v2\/comments?post=588"}],"version-history":[{"count":4,"href":"https:\/\/aik.se\/dart\/wp-json\/wp\/v2\/pages\/588\/revisions"}],"predecessor-version":[{"id":618,"href":"https:\/\/aik.se\/dart\/wp-json\/wp\/v2\/pages\/588\/revisions\/618"}],"wp:attachment":[{"href":"https:\/\/aik.se\/dart\/wp-json\/wp\/v2\/media?parent=588"}],"curies":[{"name":"wp","href":"https:\/\/api.w.org\/{rel}","templated":true}]}}