{"id":60,"date":"2023-01-19T09:05:28","date_gmt":"2023-01-19T08:05:28","guid":{"rendered":"https:\/\/aik.se\/dart\/?page_id=60"},"modified":"2023-06-20T14:53:07","modified_gmt":"2023-06-20T12:53:07","slug":"oppen-klass","status":"publish","type":"page","link":"https:\/\/aik.se\/dart\/oppen-klass\/","title":{"rendered":"F\u00f6reningen"},"content":{"rendered":"<style>.wp-block-kadence-advancedheading.kt-adv-heading_023fc8-71, .wp-block-kadence-advancedheading.kt-adv-heading_023fc8-71[data-kb-block=\"kb-adv-heading_023fc8-71\"]{font-style:normal;}.wp-block-kadence-advancedheading.kt-adv-heading_023fc8-71 mark.kt-highlight, .wp-block-kadence-advancedheading.kt-adv-heading_023fc8-71[data-kb-block=\"kb-adv-heading_023fc8-71\"] mark.kt-highlight{font-style:normal;color:#f76a0c;-webkit-box-decoration-break:clone;box-decoration-break:clone;padding-top:0px;padding-right:0px;padding-bottom:0px;padding-left:0px;}.wp-block-kadence-advancedheading.kt-adv-heading_023fc8-71 img.kb-inline-image, .wp-block-kadence-advancedheading.kt-adv-heading_023fc8-71[data-kb-block=\"kb-adv-heading_023fc8-71\"] img.kb-inline-image{width:150px;vertical-align:baseline;}<\/style>\n<h2 class=\"kt-adv-heading_023fc8-71 wp-block-kadence-advancedheading\" data-kb-block=\"kb-adv-heading_023fc8-71\">Om f\u00f6reningen<\/h2>\n\n\n\n<p>Dartklubben med AIK-hj\u00e4rta startade v\u00e5ren 2008 med namnet Solna AIK DC och har sedan starten utvecklats till den fantastiska klubb och f\u00f6rening den \u00e4r idag.<br><br>Klubben spelar i Sveriges st\u00f6rsta seriesystem f\u00f6r dart, med ett flertal lag i b\u00e5de \u00f6ppna serien och i damserien, med lag representerade i samtliga divisioner fr\u00e5n division 3 \u00e4nda upp till Superligan.<\/p>\n\n\n\n<p>Klubben har \u00e4ven lag som representerar f\u00f6reningen i Riksserien, som \u00e4r en nationell dartt\u00e4vling med sammankomster \u00f6ver hela landet.<\/p>\n\n\n\n<p>Vi arrangerar \u00e4ven cuper som \u00e4r \u00f6ppna f\u00f6r alla, allt f\u00f6r att inkludera flera intresserade att b\u00f6rja med dart.<\/p>\n\n\n\n<p>Under 2023 avser vi \u00e4ven att b\u00f6rja samarbeta med skolor inom Solna kommun f\u00f6r att dels introducera ungdomar till sporten, samt p\u00e5 b\u00e5de ett roligt och annorlunda s\u00e4tt utveckla ungdomarnas matematiska kunskaper \u2013 d\u00e5 detta \u00e4r en stor del av dartsporten.<\/p>\n\n\n\n<p>Klubben hade s\u00e4songen 2021\/2022 ca 50 licensierade spelare och var d\u00e4rmed en av Stockholms st\u00f6rsta dartklubbar. <br>I hela Stockholms dartf\u00f6rbund \u00e4r det ca 1 300 licensierade spelare och i hela Sverige finns det cirka 2 800.<\/p>\n\n\n\n<p>Den 24:e januari 2023 skickade vi in v\u00e5r ans\u00f6kan om att bli specialidrottsf\u00f6rening i AIK.<br>P\u00e5 \u00e5rsm\u00f6tet den 29:e mars 2023 godk\u00e4ndes v\u00e5r ans\u00f6kan och vi tog d\u00e5 namnet AIK Dartf\u00f6rening.<\/p>\n\n\n\n<p>Vi spelar f\u00f6reningens hemmamatcher p\u00e5 restaurang East i Solna som genomg\u00e5tt en renovering f\u00f6r att ha m\u00f6jligheten att arrangera b\u00e5de seriespel och cuper i dart.<br>Detta \u00e4r v\u00e4ldigt positivt d\u00e5 det medf\u00f6r att AIK Dart har m\u00f6jlighet att expandera sin verksamhet.<br>En annan aspekt genom renoveringen \u00e4r att Solna kommer att f\u00f6rbli hemmaplan f\u00f6r AIK Dart, vilket f\u00f6rst\u00e4rker AIK-f\u00f6rankringen, d\u00e5 anl\u00e4ggningen \u00e4r anpassad efter de behov som en modern dartklubb beh\u00f6ver.<\/p>\n\n\n\n<p>Dartsporten \u00e4r enligt Riksidrottsstyrelsens (RS) uppfattning en precisionsidrott, d\u00e4r \u00e4ven sporter s\u00e5som boule, golf och sportskytte med flera andra idrotter ing\u00e5r under samma ben\u00e4mning.<br><\/p>\n\n\n\n<p>Svenska Dartf\u00f6rbundets ans\u00f6kan till Riksidrottsf\u00f6rbundets st\u00e4mma i Visby 2009 resulterade i medlemskap.<\/p>\n\n\n\n<p>Vi ser fram emot ett framtida samarbete med \u00f6vriga sporter inom AIK.<\/p>\n\n\n\n<p>H\u00e4lsningar<\/p>\n\n\n\n<p>Bj\u00f6rn Lysell<br>Ordf\u00f6rande AIK Dartf\u00f6rening<\/p>\n","protected":false},"excerpt":{"rendered":"<p>Om f\u00f6reningen Dartklubben med AIK-hj\u00e4rta startade v\u00e5ren 2008 med namnet Solna AIK DC och har sedan starten utvecklats till den fantastiska klubb och f\u00f6rening den \u00e4r idag. Klubben spelar i [&hellip;]<\/p>\n","protected":false},"author":24,"featured_media":0,"parent":0,"menu_order":0,"comment_status":"closed","ping_status":"closed","template":"","meta":{"_kad_blocks_custom_css":"","_kad_blocks_head_custom_js":"","_kad_blocks_body_custom_js":"","_kad_blocks_footer_custom_js":"","_EventAllDay":false,"_EventTimezone":"","_EventStartDate":"","_EventEndDate":"","_EventStartDateUTC":"","_EventEndDateUTC":"","_EventShowMap":false,"_EventShowMapLink":false,"_EventURL":"","_EventCost":"","_EventCostDescription":"","_EventCurrencySymbol":"","_EventCurrencyCode":"","_EventCurrencyPosition":"","_EventDateTimeSeparator":"","_EventTimeRangeSeparator":"","_EventOrganizerID":[],"_EventVenueID":[],"_OrganizerEmail":"","_OrganizerPhone":"","_OrganizerWebsite":"","_VenueAddress":"","_VenueCity":"","_VenueCountry":"","_VenueProvince":"","_VenueState":"","_VenueZip":"","_VenuePhone":"","_VenueURL":"","_VenueStateProvince":"","_VenueLat":"","_VenueLng":"","_VenueShowMap":false,"_VenueShowMapLink":false,"_vp_format_video_url":"","_vp_image_focal_point":[],"_vp_custom_popup_image":0,"_vp_format_audio_url":"","_vp_album_images":[],"_vp_custom_thumbnail":0,"_vp_custom_thumbnail_focal_point":[],"_vp_custom_thumbnail_cover":0,"_vp_hover_thumbnail":0,"_vp_hover_thumbnail_focal_point":[],"footnotes":""},"class_list":["post-60","page","type-page","status-publish","hentry"],"blocksy_meta":{"styles_descriptor":{"styles":{"desktop":"","tablet":"","mobile":""},"google_fonts":[],"version":6}},"taxonomy_info":[],"featured_image_src_large":false,"author_info":{"display_name":"Realisatorerna","author_link":"https:\/\/aik.se\/dart\/author\/realisatorerna\/"},"comment_info":0,"_links":{"self":[{"href":"https:\/\/aik.se\/dart\/wp-json\/wp\/v2\/pages\/60","targetHints":{"allow":["GET"]}}],"collection":[{"href":"https:\/\/aik.se\/dart\/wp-json\/wp\/v2\/pages"}],"about":[{"href":"https:\/\/aik.se\/dart\/wp-json\/wp\/v2\/types\/page"}],"author":[{"embeddable":true,"href":"https:\/\/aik.se\/dart\/wp-json\/wp\/v2\/users\/24"}],"replies":[{"embeddable":true,"href":"https:\/\/aik.se\/dart\/wp-json\/wp\/v2\/comments?post=60"}],"version-history":[{"count":12,"href":"https:\/\/aik.se\/dart\/wp-json\/wp\/v2\/pages\/60\/revisions"}],"predecessor-version":[{"id":324,"href":"https:\/\/aik.se\/dart\/wp-json\/wp\/v2\/pages\/60\/revisions\/324"}],"wp:attachment":[{"href":"https:\/\/aik.se\/dart\/wp-json\/wp\/v2\/media?parent=60"}],"curies":[{"name":"wp","href":"https:\/\/api.w.org\/{rel}","templated":true}]}}