{"id":601,"date":"2024-06-11T09:43:45","date_gmt":"2024-06-11T07:43:45","guid":{"rendered":"https:\/\/aik.se\/dart\/?page_id=601"},"modified":"2025-06-10T19:05:08","modified_gmt":"2025-06-10T17:05:08","slug":"protokoll-dokument","status":"publish","type":"page","link":"https:\/\/aik.se\/dart\/protokoll-dokument\/","title":{"rendered":"Protokoll &amp; dokument"},"content":{"rendered":"\n<ul class=\"wp-block-list\">\n<li><a href=\"https:\/\/aik.se\/dart\/wp-content\/uploads\/sites\/9\/2025\/06\/Stadgar-AIK-Dartforening.docx\">Stadgar AIK Dartf\u00f6rening<\/a><\/li>\n\n\n\n<li><a href=\"https:\/\/aik.se\/dart\/wp-content\/uploads\/sites\/9\/2025\/06\/Dagordning-arsmote-2025.docx\">Dagordning \u00e5rsm\u00f6te 2025<\/a><\/li>\n\n\n\n<li><a href=\"https:\/\/aik.se\/dart\/wp-content\/uploads\/sites\/9\/2025\/06\/AIK-Dart-Verksamhetsberattelse-2024-25.docx\">AIK Dart Verksamhetsber\u00e4ttelse 2024-25<\/a><\/li>\n\n\n\n<li><a href=\"https:\/\/aik.se\/dart\/wp-content\/uploads\/sites\/9\/2025\/06\/ARsbokslutAIK-2019-24.xlsx\">\u00c5RsbokslutAIK 2025<\/a><\/li>\n\n\n\n<li><a href=\"https:\/\/aik.se\/dart\/wp-content\/uploads\/sites\/9\/2025\/06\/AIK-Dart-Styrelsens-forslag-pa-stadgeandring.docx\">AIK Dart Styrelsens f\u00f6rslag p\u00e5 stadge\u00e4ndring<\/a><\/li>\n\n\n\n<li><a href=\"https:\/\/aik.se\/dart\/wp-content\/uploads\/sites\/9\/2025\/06\/AIK-Dart-Valberedningens-forslag.docx\">AIK Dart Valberedningens f\u00f6rslag<\/a><\/li>\n\n\n\n<li><a href=\"https:\/\/aik.se\/dart\/wp-content\/uploads\/sites\/9\/2024\/07\/Dagordning-extra-arsmote-2024-08-10.pdf\">Extra \u00e5rsm\u00f6te 2024-08-10<\/a><\/li>\n\n\n\n<li><a href=\"https:\/\/aik.se\/dart\/wp-content\/uploads\/sites\/9\/2024\/06\/AIK-Revisionsberattelse-2024.pdf\" data-type=\"attachment\" data-id=\"603\">Revisionsber\u00e4ttelse 2024<\/a><\/li>\n\n\n\n<li><a href=\"https:\/\/aik.se\/dart\/wp-content\/uploads\/sites\/9\/2024\/06\/Dagordning-arsmote-2024.pdf\" data-type=\"attachment\" data-id=\"608\">Dagordning \u00e5rsm\u00f6te 2024<\/a><\/li>\n\n\n\n<li><a href=\"https:\/\/aik.se\/dart\/wp-content\/uploads\/sites\/9\/2024\/06\/Verksamhetsberattelse-23-24.pdf\" data-type=\"attachment\" data-id=\"611\">Verksamhetsber\u00e4ttelse 2023-24<\/a><\/li>\n\n\n\n<li><a href=\"https:\/\/aik.se\/dart\/wp-content\/uploads\/sites\/9\/2024\/06\/Arsbokslut-for-rakenskapsaret-2023-05-01-\u2013-2024-04-30.pdf\" data-type=\"attachment\" data-id=\"613\">\u00c5rsbokslut 2023-2024<\/a><\/li>\n<\/ul>\n\n\n\n<p><\/p>\n","protected":false},"excerpt":{"rendered":"","protected":false},"author":75,"featured_media":0,"parent":0,"menu_order":0,"comment_status":"closed","ping_status":"closed","template":"","meta":{"_kad_blocks_custom_css":"","_kad_blocks_head_custom_js":"","_kad_blocks_body_custom_js":"","_kad_blocks_footer_custom_js":"","_EventAllDay":false,"_EventTimezone":"","_EventStartDate":"","_EventEndDate":"","_EventStartDateUTC":"","_EventEndDateUTC":"","_EventShowMap":false,"_EventShowMapLink":false,"_EventURL":"","_EventCost":"","_EventCostDescription":"","_EventCurrencySymbol":"","_EventCurrencyCode":"","_EventCurrencyPosition":"","_EventDateTimeSeparator":"","_EventTimeRangeSeparator":"","_EventOrganizerID":[],"_EventVenueID":[],"_OrganizerEmail":"","_OrganizerPhone":"","_OrganizerWebsite":"","_VenueAddress":"","_VenueCity":"","_VenueCountry":"","_VenueProvince":"","_VenueState":"","_VenueZip":"","_VenuePhone":"","_VenueURL":"","_VenueStateProvince":"","_VenueLat":"","_VenueLng":"","_VenueShowMap":false,"_VenueShowMapLink":false,"_vp_format_video_url":"","_vp_image_focal_point":[],"_vp_custom_popup_image":0,"_vp_format_audio_url":"","_vp_album_images":[],"_vp_custom_thumbnail":0,"_vp_custom_thumbnail_focal_point":[],"_vp_custom_thumbnail_cover":0,"_vp_hover_thumbnail":0,"_vp_hover_thumbnail_focal_point":[],"footnotes":""},"class_list":["post-601","page","type-page","status-publish","hentry"],"blocksy_meta":[],"taxonomy_info":[],"featured_image_src_large":false,"author_info":{"display_name":"Martin Ross-Langley","author_link":"https:\/\/aik.se\/dart\/author\/vretarna\/"},"comment_info":0,"_links":{"self":[{"href":"https:\/\/aik.se\/dart\/wp-json\/wp\/v2\/pages\/601","targetHints":{"allow":["GET"]}}],"collection":[{"href":"https:\/\/aik.se\/dart\/wp-json\/wp\/v2\/pages"}],"about":[{"href":"https:\/\/aik.se\/dart\/wp-json\/wp\/v2\/types\/page"}],"author":[{"embeddable":true,"href":"https:\/\/aik.se\/dart\/wp-json\/wp\/v2\/users\/75"}],"replies":[{"embeddable":true,"href":"https:\/\/aik.se\/dart\/wp-json\/wp\/v2\/comments?post=601"}],"version-history":[{"count":10,"href":"https:\/\/aik.se\/dart\/wp-json\/wp\/v2\/pages\/601\/revisions"}],"predecessor-version":[{"id":699,"href":"https:\/\/aik.se\/dart\/wp-json\/wp\/v2\/pages\/601\/revisions\/699"}],"wp:attachment":[{"href":"https:\/\/aik.se\/dart\/wp-json\/wp\/v2\/media?parent=601"}],"curies":[{"name":"wp","href":"https:\/\/api.w.org\/{rel}","templated":true}]}}