{"id":67,"date":"2023-01-19T09:06:56","date_gmt":"2023-01-19T08:06:56","guid":{"rendered":"https:\/\/aik.se\/dart\/?page_id=67"},"modified":"2024-10-22T14:03:31","modified_gmt":"2024-10-22T12:03:31","slug":"veteran","status":"publish","type":"page","link":"https:\/\/aik.se\/dart\/veteran\/","title":{"rendered":"Lagen"},"content":{"rendered":"\n<figure class=\"wp-block-image size-large\"><img loading=\"lazy\" decoding=\"async\" width=\"1024\" height=\"576\" src=\"https:\/\/aik.se\/dart\/wp-content\/uploads\/sites\/9\/2023\/10\/AIK-dart-lagbild-1024x576.jpg\" alt=\"\" class=\"wp-image-468\" srcset=\"https:\/\/aik.se\/dart\/wp-content\/uploads\/sites\/9\/2023\/10\/AIK-dart-lagbild-1024x576.jpg 1024w, https:\/\/aik.se\/dart\/wp-content\/uploads\/sites\/9\/2023\/10\/AIK-dart-lagbild-300x169.jpg 300w, https:\/\/aik.se\/dart\/wp-content\/uploads\/sites\/9\/2023\/10\/AIK-dart-lagbild-768x432.jpg 768w, https:\/\/aik.se\/dart\/wp-content\/uploads\/sites\/9\/2023\/10\/AIK-dart-lagbild-1536x865.jpg 1536w, https:\/\/aik.se\/dart\/wp-content\/uploads\/sites\/9\/2023\/10\/AIK-dart-lagbild-scaled.jpg 2048w, https:\/\/aik.se\/dart\/wp-content\/uploads\/sites\/9\/2023\/10\/AIK-dart-lagbild-500x281.jpg 500w, https:\/\/aik.se\/dart\/wp-content\/uploads\/sites\/9\/2023\/10\/AIK-dart-lagbild-800x450.jpg 800w, https:\/\/aik.se\/dart\/wp-content\/uploads\/sites\/9\/2023\/10\/AIK-dart-lagbild-1280x720.jpg 1280w, https:\/\/aik.se\/dart\/wp-content\/uploads\/sites\/9\/2023\/10\/AIK-dart-lagbild-1920x1081.jpg 1920w\" sizes=\"auto, (max-width: 1024px) 100vw, 1024px\" \/><\/figure>\n\n\n\n<p>I ovan bild saknas n\u00e5gra lag, d\u00e4ribland damlaget.<\/p>\n\n\n\n<p>AIK dart har lag i f\u00f6ljande divisioner:<br>(Klicka p\u00e5 l\u00e4nkarna nedan f\u00f6r att se tabellen f\u00f6r respektive division).<\/p>\n\n\n\n<ol class=\"wp-block-list\">\n<li><a href=\"http:\/\/www.dartstatistik.se\/league\/stdf\/2425\/statistics\/SL6.php\">Division SL6<\/a><\/li>\n\n\n\n<li><a href=\"http:\/\/www.dartstatistik.se\/league\/stdf\/2425\/statistics\/1A.php\">Division 1A<\/a><\/li>\n\n\n\n<li><a href=\"http:\/\/www.dartstatistik.se\/league\/stdf\/2425\/statistics\/2A.php\">Division 2A<\/a><\/li>\n\n\n\n<li><a href=\"http:\/\/www.dartstatistik.se\/league\/stdf\/2425\/statistics\/2FA.php\">Division 2FA<\/a><\/li>\n\n\n\n<li><a href=\"http:\/\/www.dartstatistik.se\/league\/stdf\/2425\/statistics\/3A.php\">Division 3A<\/a><\/li>\n\n\n\n<li><a href=\"http:\/\/www.dartstatistik.se\/league\/stdf\/2425\/statistics\/3FA.php\">Division 3FA<\/a><\/li>\n\n\n\n<li><a href=\"http:\/\/www.dartstatistik.se\/league\/stdf\/2425\/statistics\/3FB.php\">Division 3FB<\/a><\/li>\n\n\n\n<li><a href=\"http:\/\/www.dartstatistik.se\/league\/stdf\/2425\/statistics\/DS.php\">Division DS<\/a><\/li>\n\n\n\n<li><a href=\"http:\/\/www.dartstatistik.se\/league\/stdf\/2425\/statistics\/X1.php\">Division X1<\/a><\/li>\n\n\n\n<li><a href=\"http:\/\/dartstatistik.se\/league\/riksserien\/2425\/statistics\/ELIT_gathering.php\">Riksserien Elit<\/a><\/li>\n\n\n\n<li><a href=\"http:\/\/dartstatistik.se\/league\/riksserien\/2425\/statistics\/1B_gathering.php\">Riksserien Div 1B<\/a><\/li>\n\n\n\n<li><a href=\"http:\/\/dartstatistik.se\/league\/riksserien\/2425\/statistics\/3A_gathering.php\">Riksserien Div 3A<\/a><\/li>\n\n\n\n<li><a href=\"http:\/\/dartstatistik.se\/league\/riksserien\/2425\/statistics\/3B_gathering.php\">Riksserien Div 3B<\/a><\/li>\n<\/ol>\n","protected":false},"excerpt":{"rendered":"<p>I ovan bild saknas n\u00e5gra lag, d\u00e4ribland damlaget. AIK dart har lag i f\u00f6ljande divisioner:(Klicka p\u00e5 l\u00e4nkarna nedan f\u00f6r att se tabellen f\u00f6r respektive division).<\/p>\n","protected":false},"author":24,"featured_media":0,"parent":0,"menu_order":0,"comment_status":"closed","ping_status":"closed","template":"","meta":{"_kad_blocks_custom_css":"","_kad_blocks_head_custom_js":"","_kad_blocks_body_custom_js":"","_kad_blocks_footer_custom_js":"","_EventAllDay":false,"_EventTimezone":"","_EventStartDate":"","_EventEndDate":"","_EventStartDateUTC":"","_EventEndDateUTC":"","_EventShowMap":false,"_EventShowMapLink":false,"_EventURL":"","_EventCost":"","_EventCostDescription":"","_EventCurrencySymbol":"","_EventCurrencyCode":"","_EventCurrencyPosition":"","_EventDateTimeSeparator":"","_EventTimeRangeSeparator":"","_EventOrganizerID":[],"_EventVenueID":[],"_OrganizerEmail":"","_OrganizerPhone":"","_OrganizerWebsite":"","_VenueAddress":"","_VenueCity":"","_VenueCountry":"","_VenueProvince":"","_VenueState":"","_VenueZip":"","_VenuePhone":"","_VenueURL":"","_VenueStateProvince":"","_VenueLat":"","_VenueLng":"","_VenueShowMap":false,"_VenueShowMapLink":false,"_vp_format_video_url":"","_vp_image_focal_point":[],"_vp_custom_popup_image":0,"_vp_format_audio_url":"","_vp_album_images":[],"_vp_custom_thumbnail":0,"_vp_custom_thumbnail_focal_point":[],"_vp_custom_thumbnail_cover":0,"_vp_hover_thumbnail":0,"_vp_hover_thumbnail_focal_point":[],"footnotes":""},"class_list":["post-67","page","type-page","status-publish","hentry"],"blocksy_meta":{"styles_descriptor":{"styles":{"desktop":"","tablet":"","mobile":""},"google_fonts":[],"version":6}},"taxonomy_info":[],"featured_image_src_large":false,"author_info":{"display_name":"Realisatorerna","author_link":"https:\/\/aik.se\/dart\/author\/realisatorerna\/"},"comment_info":0,"_links":{"self":[{"href":"https:\/\/aik.se\/dart\/wp-json\/wp\/v2\/pages\/67","targetHints":{"allow":["GET"]}}],"collection":[{"href":"https:\/\/aik.se\/dart\/wp-json\/wp\/v2\/pages"}],"about":[{"href":"https:\/\/aik.se\/dart\/wp-json\/wp\/v2\/types\/page"}],"author":[{"embeddable":true,"href":"https:\/\/aik.se\/dart\/wp-json\/wp\/v2\/users\/24"}],"replies":[{"embeddable":true,"href":"https:\/\/aik.se\/dart\/wp-json\/wp\/v2\/comments?post=67"}],"version-history":[{"count":16,"href":"https:\/\/aik.se\/dart\/wp-json\/wp\/v2\/pages\/67\/revisions"}],"predecessor-version":[{"id":655,"href":"https:\/\/aik.se\/dart\/wp-json\/wp\/v2\/pages\/67\/revisions\/655"}],"wp:attachment":[{"href":"https:\/\/aik.se\/dart\/wp-json\/wp\/v2\/media?parent=67"}],"curies":[{"name":"wp","href":"https:\/\/api.w.org\/{rel}","templated":true}]}}