{"id":866,"date":"2023-10-15T14:44:19","date_gmt":"2023-10-15T12:44:19","guid":{"rendered":"https:\/\/aik.se\/friidrott\/?page_id=866"},"modified":"2023-10-15T14:44:20","modified_gmt":"2023-10-15T12:44:20","slug":"borja-trana-med-aik-friidrott","status":"publish","type":"page","link":"https:\/\/aik.se\/friidrott\/borja-trana-med-aik-friidrott\/","title":{"rendered":"B\u00f6rja tr\u00e4na med AIK Friidrott"},"content":{"rendered":"\n<p>AIK Friidrott har verksamhet f\u00f6r barn f\u00f6dda 2016 och tidigare (v\u00e5ren 2024 v\u00e4lkomnar vi barn f\u00f6dda 2017).<\/p>\n\n\n\n<p>Vi har olika tr\u00e4ningsgrupper f\u00f6rdelade efter \u00e5lder. Vi tr\u00e4nar fr\u00e4mst i Solnahallen och erbjuder en gratis provtr\u00e4ning\/person. Vill du b\u00f6rja tr\u00e4na med oss \u00e4r du v\u00e4lkommen att <a href=\"https:\/\/www.svenskalag.se\/aikfriidrott\/sida\/64528\/borja-trana-med-oss\" data-type=\"link\" data-id=\"https:\/\/www.svenskalag.se\/aikfriidrott\/sida\/64528\/borja-trana-med-oss\">anm\u00e4la ditt intresse p\u00e5 v\u00e5r lagsida<\/a>.<\/p>\n","protected":false},"excerpt":{"rendered":"<p>AIK Friidrott har verksamhet f\u00f6r barn f\u00f6dda 2016 och tidigare (v\u00e5ren 2024 v\u00e4lkomnar vi barn f\u00f6dda 2017). Vi har olika tr\u00e4ningsgrupper f\u00f6rdelade efter \u00e5lder. Vi tr\u00e4nar fr\u00e4mst i Solnahallen och [&hellip;]<\/p>\n","protected":false},"author":78,"featured_media":0,"parent":0,"menu_order":0,"comment_status":"closed","ping_status":"closed","template":"","meta":{"_kad_blocks_custom_css":"","_kad_blocks_head_custom_js":"","_kad_blocks_body_custom_js":"","_kad_blocks_footer_custom_js":"","_EventAllDay":false,"_EventTimezone":"","_EventStartDate":"","_EventEndDate":"","_EventStartDateUTC":"","_EventEndDateUTC":"","_EventShowMap":false,"_EventShowMapLink":false,"_EventURL":"","_EventCost":"","_EventCostDescription":"","_EventCurrencySymbol":"","_EventCurrencyCode":"","_EventCurrencyPosition":"","_EventDateTimeSeparator":"","_EventTimeRangeSeparator":"","_EventOrganizerID":[],"_EventVenueID":[],"_OrganizerEmail":"","_OrganizerPhone":"","_OrganizerWebsite":"","_VenueAddress":"","_VenueCity":"","_VenueCountry":"","_VenueProvince":"","_VenueState":"","_VenueZip":"","_VenuePhone":"","_VenueURL":"","_VenueStateProvince":"","_VenueLat":"","_VenueLng":"","_VenueShowMap":false,"_VenueShowMapLink":false,"_vp_format_video_url":"","_vp_image_focal_point":[],"_vp_custom_popup_image":0,"_vp_format_audio_url":"","_vp_album_images":[],"_vp_custom_thumbnail":0,"_vp_custom_thumbnail_focal_point":[],"_vp_custom_thumbnail_cover":0,"_vp_hover_thumbnail":0,"_vp_hover_thumbnail_focal_point":[],"footnotes":""},"class_list":["post-866","page","type-page","status-publish","hentry"],"blocksy_meta":[],"taxonomy_info":[],"featured_image_src_large":false,"author_info":{"display_name":"tommy","author_link":"https:\/\/aik.se\/friidrott\/author\/tommy\/"},"comment_info":0,"_links":{"self":[{"href":"https:\/\/aik.se\/friidrott\/wp-json\/wp\/v2\/pages\/866","targetHints":{"allow":["GET"]}}],"collection":[{"href":"https:\/\/aik.se\/friidrott\/wp-json\/wp\/v2\/pages"}],"about":[{"href":"https:\/\/aik.se\/friidrott\/wp-json\/wp\/v2\/types\/page"}],"author":[{"embeddable":true,"href":"https:\/\/aik.se\/friidrott\/wp-json\/wp\/v2\/users\/78"}],"replies":[{"embeddable":true,"href":"https:\/\/aik.se\/friidrott\/wp-json\/wp\/v2\/comments?post=866"}],"version-history":[{"count":1,"href":"https:\/\/aik.se\/friidrott\/wp-json\/wp\/v2\/pages\/866\/revisions"}],"predecessor-version":[{"id":867,"href":"https:\/\/aik.se\/friidrott\/wp-json\/wp\/v2\/pages\/866\/revisions\/867"}],"wp:attachment":[{"href":"https:\/\/aik.se\/friidrott\/wp-json\/wp\/v2\/media?parent=866"}],"curies":[{"name":"wp","href":"https:\/\/api.w.org\/{rel}","templated":true}]}}