{"id":1009,"date":"2023-10-22T17:45:44","date_gmt":"2023-10-22T15:45:44","guid":{"rendered":"https:\/\/aik.se\/golf\/?page_id=1009"},"modified":"2025-09-25T10:58:46","modified_gmt":"2025-09-25T08:58:46","slug":"aik-golf-pro-am","status":"publish","type":"page","link":"https:\/\/aik.se\/golf\/aik-golf-pro-am\/","title":{"rendered":"AIK Golf Pro-AM"},"content":{"rendered":"\n<p><strong>N\u00e4r golfstyrelsen 2007 konstaterade att antalet proffs och duktiga elitgolfare i klubben var s\u00e5 m\u00e5nga v\u00e4cktes id\u00e9n om en egen Pro-Am t\u00e4vling d\u00e4r v\u00e5ra medlemmar f\u00e5r en m\u00f6jlighet att t\u00e4vla och spela med v\u00e5ra proffs.<\/strong><\/p>\n\n\n\n<p>Eftersom m\u00e5nga tidigare aktiva men ocks\u00e5 nuvarande aktiva inom v\u00e5ra andra idrottssektioner i AIK \u00e4r golfspelare ville styrelsen \u00e4ven bjuda in intresserade idrottsprofiler till Pro-Am.<\/p>\n\n\n\n<p>Under de sju \u00e5r aktiviteten genomf\u00f6rts kan vi konstatera att t\u00e4vlingarna varit bra och att proffsens n\u00e4rvaro varit och fortfarande \u00e4r en stark faktor f\u00f6r en bra golfdag. F\u00f6r att det varit bra golfdagar vittnar verkligen deltagarnas omd\u00f6me genom \u00e5ren om.<\/p>\n\n\n\n<p>T\u00e4vlingen har arrangerats fem g\u00e5nger p\u00e5 Kungs\u00e4ngen (Kings Course), 2013 p\u00e5 \u00d6ster\u00e5ker (V\u00e4sterled) och 2016 p\u00e5 M\u00e4lar\u00f6 Golfklubb.<\/p>\n\n\n\n<p><\/p>\n","protected":false},"excerpt":{"rendered":"<p>N\u00e4r golfstyrelsen 2007 konstaterade att antalet proffs och duktiga elitgolfare i klubben var s\u00e5 m\u00e5nga v\u00e4cktes id\u00e9n om en egen Pro-Am t\u00e4vling d\u00e4r v\u00e5ra medlemmar f\u00e5r en m\u00f6jlighet att t\u00e4vla [&hellip;]<\/p>\n","protected":false},"author":81,"featured_media":0,"parent":0,"menu_order":0,"comment_status":"closed","ping_status":"closed","template":"","meta":{"_kad_blocks_custom_css":"","_kad_blocks_head_custom_js":"","_kad_blocks_body_custom_js":"","_kad_blocks_footer_custom_js":"","_EventAllDay":false,"_EventTimezone":"","_EventStartDate":"","_EventEndDate":"","_EventStartDateUTC":"","_EventEndDateUTC":"","_EventShowMap":false,"_EventShowMapLink":false,"_EventURL":"","_EventCost":"","_EventCostDescription":"","_EventCurrencySymbol":"","_EventCurrencyCode":"","_EventCurrencyPosition":"","_EventDateTimeSeparator":"","_EventTimeRangeSeparator":"","_EventOrganizerID":[],"_EventVenueID":[],"_OrganizerEmail":"","_OrganizerPhone":"","_OrganizerWebsite":"","_VenueAddress":"","_VenueCity":"","_VenueCountry":"","_VenueProvince":"","_VenueState":"","_VenueZip":"","_VenuePhone":"","_VenueURL":"","_VenueStateProvince":"","_VenueLat":"","_VenueLng":"","_VenueShowMap":false,"_VenueShowMapLink":false,"_vp_format_video_url":"","_vp_image_focal_point":[],"_vp_custom_popup_image":0,"_vp_format_audio_url":"","_vp_album_images":[],"_vp_custom_thumbnail":0,"_vp_custom_thumbnail_focal_point":[],"_vp_custom_thumbnail_cover":0,"_vp_hover_thumbnail":0,"_vp_hover_thumbnail_focal_point":[],"footnotes":""},"class_list":["post-1009","page","type-page","status-publish","hentry"],"blocksy_meta":[],"taxonomy_info":[],"featured_image_src_large":false,"author_info":{"display_name":"natalie","author_link":"https:\/\/aik.se\/golf\/author\/natalie\/"},"comment_info":0,"_links":{"self":[{"href":"https:\/\/aik.se\/golf\/wp-json\/wp\/v2\/pages\/1009","targetHints":{"allow":["GET"]}}],"collection":[{"href":"https:\/\/aik.se\/golf\/wp-json\/wp\/v2\/pages"}],"about":[{"href":"https:\/\/aik.se\/golf\/wp-json\/wp\/v2\/types\/page"}],"author":[{"embeddable":true,"href":"https:\/\/aik.se\/golf\/wp-json\/wp\/v2\/users\/81"}],"replies":[{"embeddable":true,"href":"https:\/\/aik.se\/golf\/wp-json\/wp\/v2\/comments?post=1009"}],"version-history":[{"count":3,"href":"https:\/\/aik.se\/golf\/wp-json\/wp\/v2\/pages\/1009\/revisions"}],"predecessor-version":[{"id":2425,"href":"https:\/\/aik.se\/golf\/wp-json\/wp\/v2\/pages\/1009\/revisions\/2425"}],"wp:attachment":[{"href":"https:\/\/aik.se\/golf\/wp-json\/wp\/v2\/media?parent=1009"}],"curies":[{"name":"wp","href":"https:\/\/api.w.org\/{rel}","templated":true}]}}