{"id":875,"date":"2023-10-17T16:48:09","date_gmt":"2023-10-17T14:48:09","guid":{"rendered":"https:\/\/aik.se\/golf\/?page_id=875"},"modified":"2024-08-10T12:50:55","modified_gmt":"2024-08-10T10:50:55","slug":"tavling-2","status":"publish","type":"page","link":"https:\/\/aik.se\/golf\/tavling-2\/","title":{"rendered":"T\u00e4vling"},"content":{"rendered":"\n<p><\/p>\n\n\n<style>.wp-block-kadence-advancedheading.kt-adv-heading875_43c9e5-33, .wp-block-kadence-advancedheading.kt-adv-heading875_43c9e5-33[data-kb-block=\"kb-adv-heading875_43c9e5-33\"]{text-align:center;font-style:normal;}.wp-block-kadence-advancedheading.kt-adv-heading875_43c9e5-33 mark.kt-highlight, .wp-block-kadence-advancedheading.kt-adv-heading875_43c9e5-33[data-kb-block=\"kb-adv-heading875_43c9e5-33\"] mark.kt-highlight{font-style:normal;color:#f76a0c;-webkit-box-decoration-break:clone;box-decoration-break:clone;padding-top:0px;padding-right:0px;padding-bottom:0px;padding-left:0px;}.wp-block-kadence-advancedheading.kt-adv-heading875_43c9e5-33 img.kb-inline-image, .wp-block-kadence-advancedheading.kt-adv-heading875_43c9e5-33[data-kb-block=\"kb-adv-heading875_43c9e5-33\"] img.kb-inline-image{width:150px;vertical-align:baseline;}<\/style>\n<h2 class=\"kt-adv-heading875_43c9e5-33 wp-block-kadence-advancedheading\" data-kb-block=\"kb-adv-heading875_43c9e5-33\">T\u00e4vlingar<\/h2>\n\n\n\n<p class=\"has-text-align-center\">Att arrangera t\u00e4vlingar \u00e4r en viktig del av AIK Golfs verksamhet. T\u00e4vlingarna nedan \u00e4r de som vi arrangerar f\u00f6r v\u00e5ra medlemmar.<\/p>\n\n\n\n<p class=\"has-text-align-center\">Inbjudningar till s\u00e4songens t\u00e4vlingar kommer att presenteras efter hand och publiceras i v\u00e5r <a href=\"https:\/\/aik.se\/golf\/events\/\">kalender<\/a>. Anm\u00e4lningar till klubbens t\u00e4vlingar g\u00f6rs alltid via \u201dMin Golf\u201d p\u00e5<a href=\"https:\/\/web.archive.org\/web\/20190312233155\/http:\/\/www.golf.se\/\" target=\"_blank\" rel=\"noreferrer noopener\">&nbsp;www.golf.se<\/a><\/p>\n\n\n<style>.kb-row-layout-id875_b5865c-77 > .kt-row-column-wrap{align-content:start;}:where(.kb-row-layout-id875_b5865c-77 > .kt-row-column-wrap) > .wp-block-kadence-column{justify-content:start;}.kb-row-layout-id875_b5865c-77 > .kt-row-column-wrap{column-gap:var(--global-kb-gap-md, 2rem);row-gap:var(--global-kb-gap-md, 2rem);padding-top:var(--global-kb-spacing-sm, 1.5rem);padding-bottom:var(--global-kb-spacing-sm, 1.5rem);}.kb-row-layout-id875_b5865c-77 > .kt-row-column-wrap > div:not(.added-for-specificity){grid-column:initial;}.kb-row-layout-id875_b5865c-77 > .kt-row-column-wrap{grid-template-columns:repeat(4, minmax(0, 1fr));}.kb-row-layout-id875_b5865c-77 > .kt-row-layout-overlay{opacity:0.30;}@media all and (max-width: 1024px){.kb-row-layout-id875_b5865c-77 > .kt-row-column-wrap > div:not(.added-for-specificity){grid-column:initial;}}@media all and (max-width: 1024px){.kb-row-layout-id875_b5865c-77 > .kt-row-column-wrap{grid-template-columns:repeat(4, minmax(0, 1fr));}}@media all and (max-width: 767px){.kb-row-layout-id875_b5865c-77 > .kt-row-column-wrap > div:not(.added-for-specificity){grid-column:initial;}.kb-row-layout-id875_b5865c-77 > .kt-row-column-wrap{grid-template-columns:minmax(0, 1fr);}}<\/style><div class=\"kb-row-layout-wrap kb-row-layout-id875_b5865c-77 alignnone wp-block-kadence-rowlayout\"><div class=\"kt-row-column-wrap kt-has-4-columns kt-row-layout-equal kt-tab-layout-inherit kt-mobile-layout-row kt-row-valign-top kt-inner-column-height-full\">\n<style>.kadence-column875_569a34-22 > .kt-inside-inner-col{min-height:432px;}.kadence-column875_569a34-22 > .kt-inside-inner-col,.kadence-column875_569a34-22 > .kt-inside-inner-col:before{border-top-left-radius:0px;border-top-right-radius:0px;border-bottom-right-radius:0px;border-bottom-left-radius:0px;}.kadence-column875_569a34-22 > .kt-inside-inner-col{column-gap:var(--global-kb-gap-sm, 1rem);}.kadence-column875_569a34-22 > .kt-inside-inner-col{flex-direction:column;}.kadence-column875_569a34-22 > .kt-inside-inner-col > .aligncenter{width:100%;}.kadence-column875_569a34-22 > .kt-inside-inner-col{background-color:#af9664;}.kadence-column875_569a34-22 > .kt-inside-inner-col:before{opacity:0.3;}.kadence-column875_569a34-22{position:relative;}@media all and (max-width: 1024px){.kadence-column875_569a34-22 > .kt-inside-inner-col{flex-direction:column;justify-content:center;}}@media all and (max-width: 767px){.kadence-column875_569a34-22 > .kt-inside-inner-col{flex-direction:column;justify-content:center;}}<\/style>\n<div class=\"wp-block-kadence-column kadence-column875_569a34-22\"><div class=\"kt-inside-inner-col\"><style>.wp-block-kadence-column.kb-section-dir-horizontal > .kt-inside-inner-col > .kt-info-box875_f8cf85-1b .kt-blocks-info-box-link-wrap{max-width:unset;}.kt-info-box875_f8cf85-1b .kt-blocks-info-box-link-wrap{background:#af9664;padding-top:var(--global-kb-spacing-xs, 1rem);padding-right:var(--global-kb-spacing-xs, 1rem);padding-bottom:var(--global-kb-spacing-xs, 1rem);padding-left:var(--global-kb-spacing-xs, 1rem);}.kt-info-box875_f8cf85-1b .kadence-info-box-icon-container .kt-info-svg-icon, .kt-info-box875_f8cf85-1b .kt-info-svg-icon-flip, .kt-info-box875_f8cf85-1b .kt-blocks-info-box-number{font-size:50px;}.kt-info-box875_f8cf85-1b .kt-blocks-info-box-media{color:var(--theme-palette-color-8, #ffffff);border-top-width:0px;border-right-width:0px;border-bottom-width:0px;border-left-width:0px;padding-top:10px;padding-right:10px;padding-bottom:10px;padding-left:10px;}.kt-info-box875_f8cf85-1b .kt-blocks-info-box-media-container{margin-top:0px;margin-right:15px;margin-bottom:0px;margin-left:15px;}.kt-info-box875_f8cf85-1b .kt-infobox-textcontent h2.kt-blocks-info-box-title{color:var(--theme-palette-color-8, #ffffff);}.kt-info-box875_f8cf85-1b .kt-infobox-textcontent .kt-blocks-info-box-text{color:var(--theme-palette-color-8, #ffffff);}.kt-info-box875_f8cf85-1b .kt-blocks-info-box-learnmore{background:transparent;border-width:0px 0px 0px 0px;padding-top:4px;padding-right:8px;padding-bottom:4px;padding-left:8px;margin-top:10px;margin-right:0px;margin-bottom:10px;margin-left:0px;}<\/style>\n<div class=\"wp-block-kadence-infobox kt-info-box875_f8cf85-1b\"><a class=\"kt-blocks-info-box-link-wrap info-box-link kt-blocks-info-box-media-align-top kt-info-halign-center\" rel=\"sponsored\" href=\"https:\/\/aik.se\/golf\/aik-golfen\/\"><div class=\"kt-blocks-info-box-media-container\"><div class=\"kt-blocks-info-box-media kt-info-media-animate-none\"><div class=\"kadence-info-box-icon-container kt-info-icon-animate-none\"><div class=\"kadence-info-box-icon-inner-container\"><span class=\"kb-svg-icon-wrap kb-svg-icon-fas_golf-ball kt-info-svg-icon\"><svg viewBox=\"0 0 416 512\"  fill=\"currentColor\" xmlns=\"http:\/\/www.w3.org\/2000\/svg\"  aria-hidden=\"true\"><path d=\"M96 416h224c0 17.7-14.3 32-32 32h-16c-17.7 0-32 14.3-32 32v20c0 6.6-5.4 12-12 12h-40c-6.6 0-12-5.4-12-12v-20c0-17.7-14.3-32-32-32h-16c-17.7 0-32-14.3-32-32zm320-208c0 74.2-39 139.2-97.5 176h-221C39 347.2 0 282.2 0 208 0 93.1 93.1 0 208 0s208 93.1 208 208zm-180.1 43.9c18.3 0 33.1-14.8 33.1-33.1 0-14.4-9.3-26.3-22.1-30.9 9.6 26.8-15.6 51.3-41.9 41.9 4.6 12.8 16.5 22.1 30.9 22.1zm49.1 46.9c0-14.4-9.3-26.3-22.1-30.9 9.6 26.8-15.6 51.3-41.9 41.9 4.6 12.8 16.5 22.1 30.9 22.1 18.3 0 33.1-14.9 33.1-33.1zm64-64c0-14.4-9.3-26.3-22.1-30.9 9.6 26.8-15.6 51.3-41.9 41.9 4.6 12.8 16.5 22.1 30.9 22.1 18.3 0 33.1-14.9 33.1-33.1z\"\/><\/svg><\/span><\/div><\/div><\/div><\/div><div class=\"kt-infobox-textcontent\"><h2 class=\"kt-blocks-info-box-title\">AIK-golfen<\/h2><p class=\"kt-blocks-info-box-text\">En t\u00e4vling med mycket historia och prestige i. 18 h\u00e5l slaggolf.<\/p><\/div><\/a><\/div>\n<\/div><\/div>\n\n\n<style>.kadence-column875_0ab181-f8 > .kt-inside-inner-col{min-height:432px;}.kadence-column875_0ab181-f8 > .kt-inside-inner-col,.kadence-column875_0ab181-f8 > .kt-inside-inner-col:before{border-top-left-radius:0px;border-top-right-radius:0px;border-bottom-right-radius:0px;border-bottom-left-radius:0px;}.kadence-column875_0ab181-f8 > .kt-inside-inner-col{column-gap:var(--global-kb-gap-sm, 1rem);}.kadence-column875_0ab181-f8 > .kt-inside-inner-col{flex-direction:column;}.kadence-column875_0ab181-f8 > .kt-inside-inner-col > .aligncenter{width:100%;}.kadence-column875_0ab181-f8 > .kt-inside-inner-col{background-color:#af9664;}.kadence-column875_0ab181-f8 > .kt-inside-inner-col:before{opacity:0.3;}.kadence-column875_0ab181-f8{position:relative;}@media all and (max-width: 1024px){.kadence-column875_0ab181-f8 > .kt-inside-inner-col{flex-direction:column;justify-content:center;}}@media all and (max-width: 767px){.kadence-column875_0ab181-f8 > .kt-inside-inner-col{flex-direction:column;justify-content:center;}}<\/style>\n<div class=\"wp-block-kadence-column kadence-column875_0ab181-f8\"><div class=\"kt-inside-inner-col\"><style>.wp-block-kadence-column.kb-section-dir-horizontal > .kt-inside-inner-col > .kt-info-box875_379b81-88 .kt-blocks-info-box-link-wrap{max-width:unset;}.kt-info-box875_379b81-88 .kt-blocks-info-box-link-wrap{background:#af9664;padding-top:var(--global-kb-spacing-xs, 1rem);padding-right:var(--global-kb-spacing-xs, 1rem);padding-bottom:var(--global-kb-spacing-xs, 1rem);padding-left:var(--global-kb-spacing-xs, 1rem);}.kt-info-box875_379b81-88 .kadence-info-box-icon-container .kt-info-svg-icon, .kt-info-box875_379b81-88 .kt-info-svg-icon-flip, .kt-info-box875_379b81-88 .kt-blocks-info-box-number{font-size:50px;}.kt-info-box875_379b81-88 .kt-blocks-info-box-media{color:var(--theme-palette-color-8, #ffffff);border-top-width:0px;border-right-width:0px;border-bottom-width:0px;border-left-width:0px;padding-top:10px;padding-right:10px;padding-bottom:10px;padding-left:10px;}.kt-info-box875_379b81-88 .kt-blocks-info-box-media-container{margin-top:0px;margin-right:15px;margin-bottom:0px;margin-left:15px;}.kt-info-box875_379b81-88 .kt-infobox-textcontent h2.kt-blocks-info-box-title{color:var(--theme-palette-color-8, #ffffff);}.kt-info-box875_379b81-88 .kt-infobox-textcontent .kt-blocks-info-box-text{color:var(--theme-palette-color-8, #ffffff);}.kt-info-box875_379b81-88 .kt-blocks-info-box-learnmore{background:transparent;border-width:0px 0px 0px 0px;padding-top:4px;padding-right:8px;padding-bottom:4px;padding-left:8px;margin-top:10px;margin-right:0px;margin-bottom:10px;margin-left:0px;}<\/style>\n<div class=\"wp-block-kadence-infobox kt-info-box875_379b81-88\"><a class=\"kt-blocks-info-box-link-wrap info-box-link kt-blocks-info-box-media-align-top kt-info-halign-center\" href=\"https:\/\/aik.se\/golf\/derbygolfen\/\"><div class=\"kt-blocks-info-box-media-container\"><div class=\"kt-blocks-info-box-media kt-info-media-animate-none\"><div class=\"kadence-info-box-icon-container kt-info-icon-animate-none\"><div class=\"kadence-info-box-icon-inner-container\"><span class=\"kb-svg-icon-wrap kb-svg-icon-fas_golf-ball kt-info-svg-icon\"><svg viewBox=\"0 0 416 512\"  fill=\"currentColor\" xmlns=\"http:\/\/www.w3.org\/2000\/svg\"  aria-hidden=\"true\"><path d=\"M96 416h224c0 17.7-14.3 32-32 32h-16c-17.7 0-32 14.3-32 32v20c0 6.6-5.4 12-12 12h-40c-6.6 0-12-5.4-12-12v-20c0-17.7-14.3-32-32-32h-16c-17.7 0-32-14.3-32-32zm320-208c0 74.2-39 139.2-97.5 176h-221C39 347.2 0 282.2 0 208 0 93.1 93.1 0 208 0s208 93.1 208 208zm-180.1 43.9c18.3 0 33.1-14.8 33.1-33.1 0-14.4-9.3-26.3-22.1-30.9 9.6 26.8-15.6 51.3-41.9 41.9 4.6 12.8 16.5 22.1 30.9 22.1zm49.1 46.9c0-14.4-9.3-26.3-22.1-30.9 9.6 26.8-15.6 51.3-41.9 41.9 4.6 12.8 16.5 22.1 30.9 22.1 18.3 0 33.1-14.9 33.1-33.1zm64-64c0-14.4-9.3-26.3-22.1-30.9 9.6 26.8-15.6 51.3-41.9 41.9 4.6 12.8 16.5 22.1 30.9 22.1 18.3 0 33.1-14.9 33.1-33.1z\"\/><\/svg><\/span><\/div><\/div><\/div><\/div><div class=\"kt-infobox-textcontent\"><h2 class=\"kt-blocks-info-box-title\">Derbygolfen<\/h2><p class=\"kt-blocks-info-box-text\">Elitlaget tillsammans med sponsorer och AIK-profiler bildar lag f\u00f6r att i Ryder Cupformat krossa \u00e4rkerivalen Djurg\u00e5rden.<\/p><\/div><\/a><\/div>\n<\/div><\/div>\n\n\n<style>.kadence-column875_02206a-5e > .kt-inside-inner-col{min-height:432px;}.kadence-column875_02206a-5e > .kt-inside-inner-col,.kadence-column875_02206a-5e > .kt-inside-inner-col:before{border-top-left-radius:0px;border-top-right-radius:0px;border-bottom-right-radius:0px;border-bottom-left-radius:0px;}.kadence-column875_02206a-5e > .kt-inside-inner-col{column-gap:var(--global-kb-gap-sm, 1rem);}.kadence-column875_02206a-5e > .kt-inside-inner-col{flex-direction:column;}.kadence-column875_02206a-5e > .kt-inside-inner-col > .aligncenter{width:100%;}.kadence-column875_02206a-5e > .kt-inside-inner-col{background-color:#af9664;}.kadence-column875_02206a-5e > .kt-inside-inner-col:before{opacity:0.3;}.kadence-column875_02206a-5e{position:relative;}@media all and (max-width: 1024px){.kadence-column875_02206a-5e > .kt-inside-inner-col{flex-direction:column;justify-content:center;}}@media all and (max-width: 767px){.kadence-column875_02206a-5e > .kt-inside-inner-col{flex-direction:column;justify-content:center;}}<\/style>\n<div class=\"wp-block-kadence-column kadence-column875_02206a-5e\"><div class=\"kt-inside-inner-col\"><style>.wp-block-kadence-column.kb-section-dir-horizontal > .kt-inside-inner-col > .kt-info-box875_ab9b17-a5 .kt-blocks-info-box-link-wrap{max-width:unset;}.kt-info-box875_ab9b17-a5 .kt-blocks-info-box-link-wrap{background:#af9664;padding-top:var(--global-kb-spacing-xs, 1rem);padding-right:var(--global-kb-spacing-xs, 1rem);padding-bottom:var(--global-kb-spacing-xs, 1rem);padding-left:var(--global-kb-spacing-xs, 1rem);}.kt-info-box875_ab9b17-a5 .kadence-info-box-icon-container .kt-info-svg-icon, .kt-info-box875_ab9b17-a5 .kt-info-svg-icon-flip, .kt-info-box875_ab9b17-a5 .kt-blocks-info-box-number{font-size:50px;}.kt-info-box875_ab9b17-a5 .kt-blocks-info-box-media{color:var(--theme-palette-color-8, #ffffff);border-top-width:0px;border-right-width:0px;border-bottom-width:0px;border-left-width:0px;padding-top:10px;padding-right:10px;padding-bottom:10px;padding-left:10px;}.kt-info-box875_ab9b17-a5 .kt-blocks-info-box-media-container{margin-top:0px;margin-right:15px;margin-bottom:0px;margin-left:15px;}.kt-info-box875_ab9b17-a5 .kt-infobox-textcontent h2.kt-blocks-info-box-title{color:var(--theme-palette-color-8, #ffffff);}.kt-info-box875_ab9b17-a5 .kt-infobox-textcontent .kt-blocks-info-box-text{color:var(--theme-palette-color-8, #ffffff);}.kt-info-box875_ab9b17-a5 .kt-blocks-info-box-learnmore{background:transparent;border-width:0px 0px 0px 0px;padding-top:4px;padding-right:8px;padding-bottom:4px;padding-left:8px;margin-top:10px;margin-right:0px;margin-bottom:10px;margin-left:0px;}<\/style>\n<div class=\"wp-block-kadence-infobox kt-info-box875_ab9b17-a5\"><a class=\"kt-blocks-info-box-link-wrap info-box-link kt-blocks-info-box-media-align-top kt-info-halign-center\" href=\"https:\/\/aik.se\/golf\/alliansgolfen\/\"><div class=\"kt-blocks-info-box-media-container\"><div class=\"kt-blocks-info-box-media kt-info-media-animate-none\"><div class=\"kadence-info-box-icon-container kt-info-icon-animate-none\"><div class=\"kadence-info-box-icon-inner-container\"><span class=\"kb-svg-icon-wrap kb-svg-icon-fas_golf-ball kt-info-svg-icon\"><svg viewBox=\"0 0 416 512\"  fill=\"currentColor\" xmlns=\"http:\/\/www.w3.org\/2000\/svg\"  aria-hidden=\"true\"><path d=\"M96 416h224c0 17.7-14.3 32-32 32h-16c-17.7 0-32 14.3-32 32v20c0 6.6-5.4 12-12 12h-40c-6.6 0-12-5.4-12-12v-20c0-17.7-14.3-32-32-32h-16c-17.7 0-32-14.3-32-32zm320-208c0 74.2-39 139.2-97.5 176h-221C39 347.2 0 282.2 0 208 0 93.1 93.1 0 208 0s208 93.1 208 208zm-180.1 43.9c18.3 0 33.1-14.8 33.1-33.1 0-14.4-9.3-26.3-22.1-30.9 9.6 26.8-15.6 51.3-41.9 41.9 4.6 12.8 16.5 22.1 30.9 22.1zm49.1 46.9c0-14.4-9.3-26.3-22.1-30.9 9.6 26.8-15.6 51.3-41.9 41.9 4.6 12.8 16.5 22.1 30.9 22.1 18.3 0 33.1-14.9 33.1-33.1zm64-64c0-14.4-9.3-26.3-22.1-30.9 9.6 26.8-15.6 51.3-41.9 41.9 4.6 12.8 16.5 22.1 30.9 22.1 18.3 0 33.1-14.9 33.1-33.1z\"\/><\/svg><\/span><\/div><\/div><\/div><\/div><div class=\"kt-infobox-textcontent\"><h2 class=\"kt-blocks-info-box-title\">Alliansgolfen<\/h2><p class=\"kt-blocks-info-box-text\">Anrik t\u00e4vling som startades av Sven Tumba. 15 AIK:are spelar mot lika m\u00e5nga fr\u00e5n vardera&nbsp;Hammarby, Djurg\u00e5rden och S\u00f6dert\u00e4lje. Varje lags 10 b\u00e4sta resultat r\u00e4knas f\u00f6r att f\u00e5 fram segraren.<\/p><\/div><\/a><\/div>\n<\/div><\/div>\n\n\n<style>.kadence-column875_5ea844-96 > .kt-inside-inner-col{min-height:432px;}.kadence-column875_5ea844-96 > .kt-inside-inner-col,.kadence-column875_5ea844-96 > .kt-inside-inner-col:before{border-top-left-radius:0px;border-top-right-radius:0px;border-bottom-right-radius:0px;border-bottom-left-radius:0px;}.kadence-column875_5ea844-96 > .kt-inside-inner-col{column-gap:var(--global-kb-gap-sm, 1rem);}.kadence-column875_5ea844-96 > .kt-inside-inner-col{flex-direction:column;}.kadence-column875_5ea844-96 > .kt-inside-inner-col > .aligncenter{width:100%;}.kadence-column875_5ea844-96 > .kt-inside-inner-col{background-color:#af9664;}.kadence-column875_5ea844-96 > .kt-inside-inner-col:before{opacity:0.3;}.kadence-column875_5ea844-96{position:relative;}@media all and (max-width: 1024px){.kadence-column875_5ea844-96 > .kt-inside-inner-col{flex-direction:column;justify-content:center;}}@media all and (max-width: 767px){.kadence-column875_5ea844-96 > .kt-inside-inner-col{flex-direction:column;justify-content:center;}}<\/style>\n<div class=\"wp-block-kadence-column kadence-column875_5ea844-96\"><div class=\"kt-inside-inner-col\"><style>.wp-block-kadence-column.kb-section-dir-horizontal > .kt-inside-inner-col > .kt-info-box875_318183-01 .kt-blocks-info-box-link-wrap{max-width:unset;}.kt-info-box875_318183-01 .kt-blocks-info-box-link-wrap{background:#af9664;padding-top:var(--global-kb-spacing-xs, 1rem);padding-right:var(--global-kb-spacing-xs, 1rem);padding-bottom:var(--global-kb-spacing-xs, 1rem);padding-left:var(--global-kb-spacing-xs, 1rem);}.kt-info-box875_318183-01 .kadence-info-box-icon-container .kt-info-svg-icon, .kt-info-box875_318183-01 .kt-info-svg-icon-flip, .kt-info-box875_318183-01 .kt-blocks-info-box-number{font-size:50px;}.kt-info-box875_318183-01 .kt-blocks-info-box-media{color:var(--theme-palette-color-8, #ffffff);border-top-width:0px;border-right-width:0px;border-bottom-width:0px;border-left-width:0px;padding-top:10px;padding-right:10px;padding-bottom:10px;padding-left:10px;}.kt-info-box875_318183-01 .kt-blocks-info-box-media-container{margin-top:0px;margin-right:15px;margin-bottom:0px;margin-left:15px;}.kt-info-box875_318183-01 .kt-infobox-textcontent h2.kt-blocks-info-box-title{color:var(--theme-palette-color-8, #ffffff);}.kt-info-box875_318183-01 .kt-infobox-textcontent .kt-blocks-info-box-text{color:var(--theme-palette-color-8, #ffffff);}.kt-info-box875_318183-01 .kt-blocks-info-box-learnmore{background:transparent;border-width:0px 0px 0px 0px;padding-top:4px;padding-right:8px;padding-bottom:4px;padding-left:8px;margin-top:10px;margin-right:0px;margin-bottom:10px;margin-left:0px;}<\/style>\n<div class=\"wp-block-kadence-infobox kt-info-box875_318183-01\"><a class=\"kt-blocks-info-box-link-wrap info-box-link kt-blocks-info-box-media-align-top kt-info-halign-center\" href=\"https:\/\/aik.se\/golf\/aik-golf-pro-am\/\"><div class=\"kt-blocks-info-box-media-container\"><div class=\"kt-blocks-info-box-media kt-info-media-animate-none\"><div class=\"kadence-info-box-icon-container kt-info-icon-animate-none\"><div class=\"kadence-info-box-icon-inner-container\"><span class=\"kb-svg-icon-wrap kb-svg-icon-fas_golf-ball kt-info-svg-icon\"><svg viewBox=\"0 0 416 512\"  fill=\"currentColor\" xmlns=\"http:\/\/www.w3.org\/2000\/svg\"  aria-hidden=\"true\"><path d=\"M96 416h224c0 17.7-14.3 32-32 32h-16c-17.7 0-32 14.3-32 32v20c0 6.6-5.4 12-12 12h-40c-6.6 0-12-5.4-12-12v-20c0-17.7-14.3-32-32-32h-16c-17.7 0-32-14.3-32-32zm320-208c0 74.2-39 139.2-97.5 176h-221C39 347.2 0 282.2 0 208 0 93.1 93.1 0 208 0s208 93.1 208 208zm-180.1 43.9c18.3 0 33.1-14.8 33.1-33.1 0-14.4-9.3-26.3-22.1-30.9 9.6 26.8-15.6 51.3-41.9 41.9 4.6 12.8 16.5 22.1 30.9 22.1zm49.1 46.9c0-14.4-9.3-26.3-22.1-30.9 9.6 26.8-15.6 51.3-41.9 41.9 4.6 12.8 16.5 22.1 30.9 22.1 18.3 0 33.1-14.9 33.1-33.1zm64-64c0-14.4-9.3-26.3-22.1-30.9 9.6 26.8-15.6 51.3-41.9 41.9 4.6 12.8 16.5 22.1 30.9 22.1 18.3 0 33.1-14.9 33.1-33.1z\"\/><\/svg><\/span><\/div><\/div><\/div><\/div><div class=\"kt-infobox-textcontent\"><h2 class=\"kt-blocks-info-box-title\">Pro-Am<\/h2><p class=\"kt-blocks-info-box-text\">En t\u00e4vling d\u00e4r v\u00e5ra medlemmar f\u00e5r chansen att umg\u00e5s med k\u00e4nda AIK-namn fr\u00e5n b\u00e5de f\u00f6rr och nu.<\/p><\/div><\/a><\/div>\n<\/div><\/div>\n\n<\/div><\/div>","protected":false},"excerpt":{"rendered":"<p>T\u00e4vlingar Att arrangera t\u00e4vlingar \u00e4r en viktig del av AIK Golfs verksamhet. T\u00e4vlingarna nedan \u00e4r de som vi arrangerar f\u00f6r v\u00e5ra medlemmar. Inbjudningar till s\u00e4songens t\u00e4vlingar kommer att presenteras efter [&hellip;]<\/p>\n","protected":false},"author":81,"featured_media":0,"parent":0,"menu_order":0,"comment_status":"closed","ping_status":"closed","template":"","meta":{"_kad_blocks_custom_css":"","_kad_blocks_head_custom_js":"","_kad_blocks_body_custom_js":"","_kad_blocks_footer_custom_js":"","_EventAllDay":false,"_EventTimezone":"","_EventStartDate":"","_EventEndDate":"","_EventStartDateUTC":"","_EventEndDateUTC":"","_EventShowMap":false,"_EventShowMapLink":false,"_EventURL":"","_EventCost":"","_EventCostDescription":"","_EventCurrencySymbol":"","_EventCurrencyCode":"","_EventCurrencyPosition":"","_EventDateTimeSeparator":"","_EventTimeRangeSeparator":"","_EventOrganizerID":[],"_EventVenueID":[],"_OrganizerEmail":"","_OrganizerPhone":"","_OrganizerWebsite":"","_VenueAddress":"","_VenueCity":"","_VenueCountry":"","_VenueProvince":"","_VenueState":"","_VenueZip":"","_VenuePhone":"","_VenueURL":"","_VenueStateProvince":"","_VenueLat":"","_VenueLng":"","_VenueShowMap":false,"_VenueShowMapLink":false,"_vp_format_video_url":"","_vp_image_focal_point":[],"_vp_custom_popup_image":0,"_vp_format_audio_url":"","_vp_album_images":[],"_vp_custom_thumbnail":0,"_vp_custom_thumbnail_focal_point":[],"_vp_custom_thumbnail_cover":0,"_vp_hover_thumbnail":0,"_vp_hover_thumbnail_focal_point":[],"footnotes":""},"class_list":["post-875","page","type-page","status-publish","hentry"],"blocksy_meta":{"page_structure_type":"type-4","styles_descriptor":{"styles":{"desktop":"","tablet":"","mobile":""},"google_fonts":[],"version":6}},"taxonomy_info":[],"featured_image_src_large":false,"author_info":{"display_name":"natalie","author_link":"https:\/\/aik.se\/golf\/author\/natalie\/"},"comment_info":0,"_links":{"self":[{"href":"https:\/\/aik.se\/golf\/wp-json\/wp\/v2\/pages\/875","targetHints":{"allow":["GET"]}}],"collection":[{"href":"https:\/\/aik.se\/golf\/wp-json\/wp\/v2\/pages"}],"about":[{"href":"https:\/\/aik.se\/golf\/wp-json\/wp\/v2\/types\/page"}],"author":[{"embeddable":true,"href":"https:\/\/aik.se\/golf\/wp-json\/wp\/v2\/users\/81"}],"replies":[{"embeddable":true,"href":"https:\/\/aik.se\/golf\/wp-json\/wp\/v2\/comments?post=875"}],"version-history":[{"count":23,"href":"https:\/\/aik.se\/golf\/wp-json\/wp\/v2\/pages\/875\/revisions"}],"predecessor-version":[{"id":2081,"href":"https:\/\/aik.se\/golf\/wp-json\/wp\/v2\/pages\/875\/revisions\/2081"}],"wp:attachment":[{"href":"https:\/\/aik.se\/golf\/wp-json\/wp\/v2\/media?parent=875"}],"curies":[{"name":"wp","href":"https:\/\/api.w.org\/{rel}","templated":true}]}}