{"id":879,"date":"2023-10-17T16:49:35","date_gmt":"2023-10-17T14:49:35","guid":{"rendered":"https:\/\/aik.se\/golf\/?page_id=879"},"modified":"2023-12-14T10:29:56","modified_gmt":"2023-12-14T09:29:56","slug":"mal-visioner","status":"publish","type":"page","link":"https:\/\/aik.se\/golf\/mal-visioner\/","title":{"rendered":"M\u00e5l &amp; Visioner"},"content":{"rendered":"<style>.wp-block-kadence-advancedheading.kt-adv-heading879_14a8fb-0f, .wp-block-kadence-advancedheading.kt-adv-heading879_14a8fb-0f[data-kb-block=\"kb-adv-heading879_14a8fb-0f\"]{text-align:center;font-style:normal;}.wp-block-kadence-advancedheading.kt-adv-heading879_14a8fb-0f mark.kt-highlight, .wp-block-kadence-advancedheading.kt-adv-heading879_14a8fb-0f[data-kb-block=\"kb-adv-heading879_14a8fb-0f\"] mark.kt-highlight{font-style:normal;color:#f76a0c;-webkit-box-decoration-break:clone;box-decoration-break:clone;padding-top:0px;padding-right:0px;padding-bottom:0px;padding-left:0px;}.wp-block-kadence-advancedheading.kt-adv-heading879_14a8fb-0f img.kb-inline-image, .wp-block-kadence-advancedheading.kt-adv-heading879_14a8fb-0f[data-kb-block=\"kb-adv-heading879_14a8fb-0f\"] img.kb-inline-image{width:150px;vertical-align:baseline;}<\/style>\n<h2 class=\"kt-adv-heading879_14a8fb-0f wp-block-kadence-advancedheading\" data-kb-block=\"kb-adv-heading879_14a8fb-0f\">M\u00e5l &amp; Visioner<\/h2>\n\n\n<style>.kb-row-layout-wrap.wp-block-kadence-rowlayout.kb-row-layout-id879_78d643-a3{margin-top:0px;margin-bottom:0px;}.kb-row-layout-id879_78d643-a3 > .kt-row-column-wrap{align-content:start;}:where(.kb-row-layout-id879_78d643-a3 > .kt-row-column-wrap) > .wp-block-kadence-column{justify-content:start;}.kb-row-layout-id879_78d643-a3 > .kt-row-column-wrap{column-gap:var(--global-kb-gap-md, 2rem);row-gap:var(--global-kb-gap-md, 2rem);max-width:1290px;padding-top:0px;padding-bottom:0px;}.kb-row-layout-id879_78d643-a3 > .kt-row-column-wrap > div:not(.added-for-specificity){grid-column:initial;}.kb-row-layout-id879_78d643-a3 > .kt-row-column-wrap{grid-template-columns:repeat(3, minmax(0, 1fr));}.kb-row-layout-id879_78d643-a3 > .kt-row-layout-overlay{opacity:0.30;}@media all and (max-width: 1024px){.kb-row-layout-id879_78d643-a3 > .kt-row-column-wrap > div:not(.added-for-specificity){grid-column:initial;}}@media all and (max-width: 1024px){.kb-row-layout-id879_78d643-a3 > .kt-row-column-wrap{grid-template-columns:repeat(3, minmax(0, 1fr));}}@media all and (max-width: 767px){.kb-row-layout-id879_78d643-a3 > .kt-row-column-wrap > div:not(.added-for-specificity){grid-column:initial;}.kb-row-layout-id879_78d643-a3 > .kt-row-column-wrap{grid-template-columns:minmax(0, 1fr);}}<\/style><div class=\"kb-row-layout-wrap kb-row-layout-id879_78d643-a3 alignnone wp-block-kadence-rowlayout\"><div class=\"kt-row-column-wrap kt-has-3-columns kt-row-layout-equal kt-tab-layout-inherit kt-mobile-layout-row kt-row-valign-top kt-inner-column-height-full kb-theme-content-width\">\n<style>.kadence-column879_a808f0-5b > .kt-inside-inner-col,.kadence-column879_a808f0-5b > .kt-inside-inner-col:before{border-top-left-radius:0px;border-top-right-radius:0px;border-bottom-right-radius:0px;border-bottom-left-radius:0px;}.kadence-column879_a808f0-5b > .kt-inside-inner-col{column-gap:var(--global-kb-gap-sm, 1rem);}.kadence-column879_a808f0-5b > .kt-inside-inner-col{flex-direction:column;}.kadence-column879_a808f0-5b > .kt-inside-inner-col > .aligncenter{width:100%;}.kadence-column879_a808f0-5b > .kt-inside-inner-col{background-color:#af9664;}.kadence-column879_a808f0-5b > .kt-inside-inner-col:before{opacity:0.3;}.kadence-column879_a808f0-5b{position:relative;}@media all and (max-width: 1024px){.kadence-column879_a808f0-5b > .kt-inside-inner-col{flex-direction:column;justify-content:center;}}@media all and (max-width: 767px){.kadence-column879_a808f0-5b > .kt-inside-inner-col{flex-direction:column;justify-content:center;}}<\/style>\n<div class=\"wp-block-kadence-column kadence-column879_a808f0-5b\"><div class=\"kt-inside-inner-col\"><style>.wp-block-kadence-column.kb-section-dir-horizontal > .kt-inside-inner-col > .kt-info-box879_c5eedc-a1 .kt-blocks-info-box-link-wrap{max-width:unset;}.kt-info-box879_c5eedc-a1 .kt-blocks-info-box-link-wrap{background:#af9664;padding-top:var(--global-kb-spacing-sm, 1.5rem);padding-right:var(--global-kb-spacing-xs, 1rem);padding-bottom:var(--global-kb-spacing-xs, 1rem);padding-left:var(--global-kb-spacing-xs, 1rem);}.kt-info-box879_c5eedc-a1 .kadence-info-box-icon-container .kt-info-svg-icon, .kt-info-box879_c5eedc-a1 .kt-info-svg-icon-flip, .kt-info-box879_c5eedc-a1 .kt-blocks-info-box-number{font-size:50px;}.kt-info-box879_c5eedc-a1 .kt-blocks-info-box-media{color:var(--theme-palette-color-8, #ffffff);border-top-width:0px;border-right-width:0px;border-bottom-width:0px;border-left-width:0px;padding-top:10px;padding-right:10px;padding-bottom:10px;padding-left:10px;}.kt-info-box879_c5eedc-a1 .kt-blocks-info-box-media-container{margin-top:0px;margin-right:15px;margin-bottom:0px;margin-left:15px;}.kt-info-box879_c5eedc-a1 .kt-infobox-textcontent h2.kt-blocks-info-box-title{color:var(--theme-palette-color-8, #ffffff);}.kt-info-box879_c5eedc-a1 .kt-infobox-textcontent .kt-blocks-info-box-text{color:var(--theme-palette-color-8, #ffffff);}.wp-block-kadence-infobox.kt-info-box879_c5eedc-a1 .kt-blocks-info-box-text{padding-top:20px;padding-right:20px;padding-bottom:20px;padding-left:20px;}.kt-info-box879_c5eedc-a1 .kt-blocks-info-box-learnmore{background:transparent;border-width:0px 0px 0px 0px;padding-top:4px;padding-right:8px;padding-bottom:4px;padding-left:8px;margin-top:10px;margin-right:0px;margin-bottom:10px;margin-left:0px;}<\/style>\n<div class=\"wp-block-kadence-infobox kt-info-box879_c5eedc-a1\"><span class=\"kt-blocks-info-box-link-wrap info-box-link kt-blocks-info-box-media-align-top kt-info-halign-center\"><div class=\"kt-blocks-info-box-media-container\"><div class=\"kt-blocks-info-box-media kt-info-media-animate-none\"><div class=\"kadence-info-box-icon-container kt-info-icon-animate-none\"><div class=\"kadence-info-box-icon-inner-container\"><span class=\"kb-svg-icon-wrap kb-svg-icon-fas_child kt-info-svg-icon\"><svg viewBox=\"0 0 384 512\"  fill=\"currentColor\" xmlns=\"http:\/\/www.w3.org\/2000\/svg\"  aria-hidden=\"true\"><path d=\"M120 72c0-39.765 32.235-72 72-72s72 32.235 72 72c0 39.764-32.235 72-72 72s-72-32.236-72-72zm254.627 1.373c-12.496-12.497-32.758-12.497-45.254 0L242.745 160H141.254L54.627 73.373c-12.496-12.497-32.758-12.497-45.254 0-12.497 12.497-12.497 32.758 0 45.255L104 213.254V480c0 17.673 14.327 32 32 32h16c17.673 0 32-14.327 32-32V368h16v112c0 17.673 14.327 32 32 32h16c17.673 0 32-14.327 32-32V213.254l94.627-94.627c12.497-12.497 12.497-32.757 0-45.254z\"\/><\/svg><\/span><\/div><\/div><\/div><\/div><div class=\"kt-infobox-textcontent\"><h2 class=\"kt-blocks-info-box-title\">M\u00e5l<\/h2><p class=\"kt-blocks-info-box-text\">AIK GK skall ta medalj p\u00e5 Lag SM f\u00f6r damer och herrar\u00a0<\/p><\/div><\/span><\/div>\n<\/div><\/div>\n\n\n<style>.kadence-column879_ac135c-c4 > .kt-inside-inner-col,.kadence-column879_ac135c-c4 > .kt-inside-inner-col:before{border-top-left-radius:0px;border-top-right-radius:0px;border-bottom-right-radius:0px;border-bottom-left-radius:0px;}.kadence-column879_ac135c-c4 > .kt-inside-inner-col{column-gap:var(--global-kb-gap-sm, 1rem);}.kadence-column879_ac135c-c4 > .kt-inside-inner-col{flex-direction:column;}.kadence-column879_ac135c-c4 > .kt-inside-inner-col > .aligncenter{width:100%;}.kadence-column879_ac135c-c4 > .kt-inside-inner-col{background-color:#af9664;}.kadence-column879_ac135c-c4 > .kt-inside-inner-col:before{opacity:0.3;}.kadence-column879_ac135c-c4{position:relative;}@media all and (max-width: 1024px){.kadence-column879_ac135c-c4 > .kt-inside-inner-col{flex-direction:column;justify-content:center;}}@media all and (max-width: 767px){.kadence-column879_ac135c-c4 > .kt-inside-inner-col{flex-direction:column;justify-content:center;}}<\/style>\n<div class=\"wp-block-kadence-column kadence-column879_ac135c-c4\"><div class=\"kt-inside-inner-col\"><style>.wp-block-kadence-column.kb-section-dir-horizontal > .kt-inside-inner-col > .kt-info-box879_ddc271-21 .kt-blocks-info-box-link-wrap{max-width:unset;}.kt-info-box879_ddc271-21 .kt-blocks-info-box-link-wrap{background:#af9664;padding-top:var(--global-kb-spacing-sm, 1.5rem);padding-right:var(--global-kb-spacing-xs, 1rem);padding-bottom:var(--global-kb-spacing-xs, 1rem);padding-left:var(--global-kb-spacing-xs, 1rem);}.kt-info-box879_ddc271-21 .kadence-info-box-icon-container .kt-info-svg-icon, .kt-info-box879_ddc271-21 .kt-info-svg-icon-flip, .kt-info-box879_ddc271-21 .kt-blocks-info-box-number{font-size:50px;}.kt-info-box879_ddc271-21 .kt-blocks-info-box-media{color:var(--theme-palette-color-8, #ffffff);border-top-width:0px;border-right-width:0px;border-bottom-width:0px;border-left-width:0px;padding-top:10px;padding-right:10px;padding-bottom:10px;padding-left:10px;}.kt-info-box879_ddc271-21 .kt-blocks-info-box-media-container{margin-top:0px;margin-right:15px;margin-bottom:0px;margin-left:15px;}.kt-info-box879_ddc271-21 .kt-infobox-textcontent h2.kt-blocks-info-box-title{color:var(--theme-palette-color-8, #ffffff);}.kt-info-box879_ddc271-21 .kt-infobox-textcontent .kt-blocks-info-box-text{color:var(--theme-palette-color-8, #ffffff);}.wp-block-kadence-infobox.kt-info-box879_ddc271-21 .kt-blocks-info-box-text{padding-top:20px;padding-right:20px;padding-bottom:20px;padding-left:20px;}.kt-info-box879_ddc271-21 .kt-blocks-info-box-learnmore{background:transparent;border-width:0px 0px 0px 0px;padding-top:4px;padding-right:8px;padding-bottom:4px;padding-left:8px;margin-top:10px;margin-right:0px;margin-bottom:10px;margin-left:0px;}<\/style>\n<div class=\"wp-block-kadence-infobox kt-info-box879_ddc271-21\"><span class=\"kt-blocks-info-box-link-wrap info-box-link kt-blocks-info-box-media-align-top kt-info-halign-center\"><div class=\"kt-blocks-info-box-media-container\"><div class=\"kt-blocks-info-box-media kt-info-media-animate-none\"><div class=\"kadence-info-box-icon-container kt-info-icon-animate-none\"><div class=\"kadence-info-box-icon-inner-container\"><span class=\"kb-svg-icon-wrap kb-svg-icon-fas_star kt-info-svg-icon\"><svg viewBox=\"0 0 576 512\"  fill=\"currentColor\" xmlns=\"http:\/\/www.w3.org\/2000\/svg\"  aria-hidden=\"true\"><path d=\"M259.3 17.8L194 150.2 47.9 171.5c-26.2 3.8-36.7 36.1-17.7 54.6l105.7 103-25 145.5c-4.5 26.3 23.2 46 46.4 33.7L288 439.6l130.7 68.7c23.2 12.2 50.9-7.4 46.4-33.7l-25-145.5 105.7-103c19-18.5 8.5-50.8-17.7-54.6L382 150.2 316.7 17.8c-11.7-23.6-45.6-23.9-57.4 0z\"\/><\/svg><\/span><\/div><\/div><\/div><\/div><div class=\"kt-infobox-textcontent\"><h2 class=\"kt-blocks-info-box-title\">Visioner<\/h2><p class=\"kt-blocks-info-box-text\">Samla alla golfande AIK:are under \u201dsamma tak\u201d.<br \/><br \/>\u2022<br \/><br \/>Bedriva t\u00e4vlingsspel p\u00e5 alla niv\u00e5er d\u00e4r vi har intresserade medlemmar.<br \/><br \/>\u2022<br \/><br \/>Vara en klubb som \u00e4r drivande vad avser j\u00e4mst\u00e4lldhet och gemenskap inte bara bland redan invigda utan ocks\u00e5 p\u00e5 omr\u00e5den och i de sammanhang d\u00e4r vi vill verka och synas.<\/p><\/div><\/span><\/div>\n<\/div><\/div>\n\n\n<style>.kadence-column879_eab028-83 > .kt-inside-inner-col{min-height:593px;}.kadence-column879_eab028-83 > .kt-inside-inner-col,.kadence-column879_eab028-83 > .kt-inside-inner-col:before{border-top-left-radius:0px;border-top-right-radius:0px;border-bottom-right-radius:0px;border-bottom-left-radius:0px;}.kadence-column879_eab028-83 > .kt-inside-inner-col{column-gap:var(--global-kb-gap-sm, 1rem);}.kadence-column879_eab028-83 > .kt-inside-inner-col{flex-direction:column;}.kadence-column879_eab028-83 > .kt-inside-inner-col > .aligncenter{width:100%;}.kadence-column879_eab028-83 > .kt-inside-inner-col{background-color:#af9664;}.kadence-column879_eab028-83 > .kt-inside-inner-col:before{opacity:0.3;}.kadence-column879_eab028-83{position:relative;}@media all and (max-width: 1024px){.kadence-column879_eab028-83 > .kt-inside-inner-col{flex-direction:column;justify-content:center;}}@media all and (max-width: 767px){.kadence-column879_eab028-83 > .kt-inside-inner-col{flex-direction:column;justify-content:center;}}<\/style>\n<div class=\"wp-block-kadence-column kadence-column879_eab028-83\"><div class=\"kt-inside-inner-col\"><style>.wp-block-kadence-column.kb-section-dir-horizontal > .kt-inside-inner-col > .kt-info-box879_cc9e13-3a .kt-blocks-info-box-link-wrap{max-width:unset;}.kt-info-box879_cc9e13-3a .kt-blocks-info-box-link-wrap{background:#af9664;padding-top:var(--global-kb-spacing-sm, 1.5rem);padding-right:var(--global-kb-spacing-xs, 1rem);padding-bottom:var(--global-kb-spacing-xs, 1rem);padding-left:var(--global-kb-spacing-xs, 1rem);}.kt-info-box879_cc9e13-3a .kadence-info-box-icon-container .kt-info-svg-icon, .kt-info-box879_cc9e13-3a .kt-info-svg-icon-flip, .kt-info-box879_cc9e13-3a .kt-blocks-info-box-number{font-size:50px;}.kt-info-box879_cc9e13-3a .kt-blocks-info-box-media{color:var(--theme-palette-color-8, #ffffff);border-top-width:0px;border-right-width:0px;border-bottom-width:0px;border-left-width:0px;padding-top:10px;padding-right:10px;padding-bottom:10px;padding-left:10px;}.kt-info-box879_cc9e13-3a .kt-blocks-info-box-media-container{margin-top:0px;margin-right:15px;margin-bottom:0px;margin-left:15px;}.kt-info-box879_cc9e13-3a .kt-infobox-textcontent h2.kt-blocks-info-box-title{color:var(--theme-palette-color-8, #ffffff);}.kt-info-box879_cc9e13-3a .kt-infobox-textcontent .kt-blocks-info-box-text{color:var(--theme-palette-color-8, #ffffff);}.wp-block-kadence-infobox.kt-info-box879_cc9e13-3a .kt-blocks-info-box-text{padding-top:20px;padding-right:20px;padding-bottom:20px;padding-left:20px;}.kt-info-box879_cc9e13-3a .kt-blocks-info-box-learnmore{background:transparent;border-width:0px 0px 0px 0px;padding-top:4px;padding-right:8px;padding-bottom:4px;padding-left:8px;margin-top:10px;margin-right:0px;margin-bottom:10px;margin-left:0px;}<\/style>\n<div class=\"wp-block-kadence-infobox kt-info-box879_cc9e13-3a\"><span class=\"kt-blocks-info-box-link-wrap info-box-link kt-blocks-info-box-media-align-top kt-info-halign-center\"><div class=\"kt-blocks-info-box-media-container\"><div class=\"kt-blocks-info-box-media kt-info-media-animate-none\"><div class=\"kadence-info-box-icon-container kt-info-icon-animate-none\"><div class=\"kadence-info-box-icon-inner-container\"><span class=\"kb-svg-icon-wrap kb-svg-icon-fas_fingerprint kt-info-svg-icon\"><svg viewBox=\"0 0 512 512\"  fill=\"currentColor\" xmlns=\"http:\/\/www.w3.org\/2000\/svg\"  aria-hidden=\"true\"><path d=\"M256.12 245.96c-13.25 0-24 10.74-24 24 1.14 72.25-8.14 141.9-27.7 211.55-2.73 9.72 2.15 30.49 23.12 30.49 10.48 0 20.11-6.92 23.09-17.52 13.53-47.91 31.04-125.41 29.48-224.52.01-13.25-10.73-24-23.99-24zm-.86-81.73C194 164.16 151.25 211.3 152.1 265.32c.75 47.94-3.75 95.91-13.37 142.55-2.69 12.98 5.67 25.69 18.64 28.36 13.05 2.67 25.67-5.66 28.36-18.64 10.34-50.09 15.17-101.58 14.37-153.02-.41-25.95 19.92-52.49 54.45-52.34 31.31.47 57.15 25.34 57.62 55.47.77 48.05-2.81 96.33-10.61 143.55-2.17 13.06 6.69 25.42 19.76 27.58 19.97 3.33 26.81-15.1 27.58-19.77 8.28-50.03 12.06-101.21 11.27-152.11-.88-55.8-47.94-101.88-104.91-102.72zm-110.69-19.78c-10.3-8.34-25.37-6.8-33.76 3.48-25.62 31.5-39.39 71.28-38.75 112 .59 37.58-2.47 75.27-9.11 112.05-2.34 13.05 6.31 25.53 19.36 27.89 20.11 3.5 27.07-14.81 27.89-19.36 7.19-39.84 10.5-80.66 9.86-121.33-.47-29.88 9.2-57.88 28-80.97 8.35-10.28 6.79-25.39-3.49-33.76zm109.47-62.33c-15.41-.41-30.87 1.44-45.78 4.97-12.89 3.06-20.87 15.98-17.83 28.89 3.06 12.89 16 20.83 28.89 17.83 11.05-2.61 22.47-3.77 34-3.69 75.43 1.13 137.73 61.5 138.88 134.58.59 37.88-1.28 76.11-5.58 113.63-1.5 13.17 7.95 25.08 21.11 26.58 16.72 1.95 25.51-11.88 26.58-21.11a929.06 929.06 0 0 0 5.89-119.85c-1.56-98.75-85.07-180.33-186.16-181.83zm252.07 121.45c-2.86-12.92-15.51-21.2-28.61-18.27-12.94 2.86-21.12 15.66-18.26 28.61 4.71 21.41 4.91 37.41 4.7 61.6-.11 13.27 10.55 24.09 23.8 24.2h.2c13.17 0 23.89-10.61 24-23.8.18-22.18.4-44.11-5.83-72.34zm-40.12-90.72C417.29 43.46 337.6 1.29 252.81.02 183.02-.82 118.47 24.91 70.46 72.94 24.09 119.37-.9 181.04.14 246.65l-.12 21.47c-.39 13.25 10.03 24.31 23.28 24.69.23.02.48.02.72.02 12.92 0 23.59-10.3 23.97-23.3l.16-23.64c-.83-52.5 19.16-101.86 56.28-139 38.76-38.8 91.34-59.67 147.68-58.86 69.45 1.03 134.73 35.56 174.62 92.39 7.61 10.86 22.56 13.45 33.42 5.86 10.84-7.62 13.46-22.59 5.84-33.43z\"\/><\/svg><\/span><\/div><\/div><\/div><\/div><div class=\"kt-infobox-textcontent\"><h2 class=\"kt-blocks-info-box-title\">K\u00e4nnetecken<\/h2><p class=\"kt-blocks-info-box-text\">Erbjuda golfande AIK:are medlemskap i en Stockholmsbana eftersom AIK GK f\u00f6r n\u00e4rvarande har huvuddelen av sina medlemmar i Stockholms l\u00e4n. <br \/><br \/>\u2022<br \/><br \/>Golfen m\u00e5ste bli mer tillg\u00e4nglig f\u00f6r i f\u00f6rsta hand ungdomar (det skall vara l\u00e4tt att b\u00f6rja spela golf). <br \/><br \/>\u2022<br \/><br \/>Propagera f\u00f6r att golf \u00e4r idrott (AIK vill tydligg\u00f6ra idrottsinslaget i golfen). <br \/><br \/>\u2022<br \/><br \/>Via Derbygolfen och Alliansgolfen v\u00e4rna utbytet med DIF, Hammarby och SSK.<\/p><\/div><\/span><\/div>\n<\/div><\/div>\n\n<\/div><\/div>\n\n\n<div style=\"height:100px\" aria-hidden=\"true\" class=\"wp-block-spacer\"><\/div>\n\n\n<style>.wp-block-kadence-advancedheading.kt-adv-heading879_7c3113-31, .wp-block-kadence-advancedheading.kt-adv-heading879_7c3113-31[data-kb-block=\"kb-adv-heading879_7c3113-31\"]{font-style:normal;}.wp-block-kadence-advancedheading.kt-adv-heading879_7c3113-31 mark.kt-highlight, .wp-block-kadence-advancedheading.kt-adv-heading879_7c3113-31[data-kb-block=\"kb-adv-heading879_7c3113-31\"] mark.kt-highlight{font-style:normal;color:#f76a0c;-webkit-box-decoration-break:clone;box-decoration-break:clone;padding-top:0px;padding-right:0px;padding-bottom:0px;padding-left:0px;}.wp-block-kadence-advancedheading.kt-adv-heading879_7c3113-31 img.kb-inline-image, .wp-block-kadence-advancedheading.kt-adv-heading879_7c3113-31[data-kb-block=\"kb-adv-heading879_7c3113-31\"] img.kb-inline-image{width:150px;vertical-align:baseline;}<\/style>\n<p class=\"kt-adv-heading879_7c3113-31 wp-block-kadence-advancedheading\" data-kb-block=\"kb-adv-heading879_7c3113-31\">\u00d6vrigt g\u00e4llande m\u00e5l, visioner, verksamhet.&nbsp;Fr\u00e5gan om eget kansli och egen bana skall vara en st\u00e4ndigt levande fr\u00e5ga. Vi bygger v\u00e4rden kring AIK GK f\u00f6r de AIK:are som spelar golf. Vilka AIK sammanhang vill vi vara med i och hur anv\u00e4nder vi sociala medier.&nbsp;<\/p>\n","protected":false},"excerpt":{"rendered":"<p>M\u00e5l &amp; Visioner \u00d6vrigt g\u00e4llande m\u00e5l, visioner, verksamhet.&nbsp;Fr\u00e5gan om eget kansli och egen bana skall vara en st\u00e4ndigt levande fr\u00e5ga. Vi bygger v\u00e4rden kring AIK GK f\u00f6r de AIK:are som [&hellip;]<\/p>\n","protected":false},"author":81,"featured_media":0,"parent":0,"menu_order":0,"comment_status":"closed","ping_status":"closed","template":"","meta":{"_kad_blocks_custom_css":"","_kad_blocks_head_custom_js":"","_kad_blocks_body_custom_js":"","_kad_blocks_footer_custom_js":"","_EventAllDay":false,"_EventTimezone":"","_EventStartDate":"","_EventEndDate":"","_EventStartDateUTC":"","_EventEndDateUTC":"","_EventShowMap":false,"_EventShowMapLink":false,"_EventURL":"","_EventCost":"","_EventCostDescription":"","_EventCurrencySymbol":"","_EventCurrencyCode":"","_EventCurrencyPosition":"","_EventDateTimeSeparator":"","_EventTimeRangeSeparator":"","_EventOrganizerID":[],"_EventVenueID":[],"_OrganizerEmail":"","_OrganizerPhone":"","_OrganizerWebsite":"","_VenueAddress":"","_VenueCity":"","_VenueCountry":"","_VenueProvince":"","_VenueState":"","_VenueZip":"","_VenuePhone":"","_VenueURL":"","_VenueStateProvince":"","_VenueLat":"","_VenueLng":"","_VenueShowMap":false,"_VenueShowMapLink":false,"_vp_format_video_url":"","_vp_image_focal_point":[],"_vp_custom_popup_image":0,"_vp_format_audio_url":"","_vp_album_images":[],"_vp_custom_thumbnail":0,"_vp_custom_thumbnail_focal_point":[],"_vp_custom_thumbnail_cover":0,"_vp_hover_thumbnail":0,"_vp_hover_thumbnail_focal_point":[],"footnotes":""},"class_list":["post-879","page","type-page","status-publish","hentry"],"blocksy_meta":{"page_structure_type":"type-4","styles_descriptor":{"styles":{"desktop":"","tablet":"","mobile":""},"google_fonts":[],"version":6}},"taxonomy_info":[],"featured_image_src_large":false,"author_info":{"display_name":"natalie","author_link":"https:\/\/aik.se\/golf\/author\/natalie\/"},"comment_info":0,"_links":{"self":[{"href":"https:\/\/aik.se\/golf\/wp-json\/wp\/v2\/pages\/879","targetHints":{"allow":["GET"]}}],"collection":[{"href":"https:\/\/aik.se\/golf\/wp-json\/wp\/v2\/pages"}],"about":[{"href":"https:\/\/aik.se\/golf\/wp-json\/wp\/v2\/types\/page"}],"author":[{"embeddable":true,"href":"https:\/\/aik.se\/golf\/wp-json\/wp\/v2\/users\/81"}],"replies":[{"embeddable":true,"href":"https:\/\/aik.se\/golf\/wp-json\/wp\/v2\/comments?post=879"}],"version-history":[{"count":20,"href":"https:\/\/aik.se\/golf\/wp-json\/wp\/v2\/pages\/879\/revisions"}],"predecessor-version":[{"id":2230,"href":"https:\/\/aik.se\/golf\/wp-json\/wp\/v2\/pages\/879\/revisions\/2230"}],"wp:attachment":[{"href":"https:\/\/aik.se\/golf\/wp-json\/wp\/v2\/media?parent=879"}],"curies":[{"name":"wp","href":"https:\/\/api.w.org\/{rel}","templated":true}]}}