{"id":896,"date":"2023-10-17T16:50:59","date_gmt":"2023-10-17T14:50:59","guid":{"rendered":"https:\/\/aik.se\/golf\/?page_id=896"},"modified":"2025-08-18T13:32:52","modified_gmt":"2025-08-18T11:32:52","slug":"videos","status":"publish","type":"page","link":"https:\/\/aik.se\/golf\/videos\/","title":{"rendered":"Videos"},"content":{"rendered":"<style>.wp-block-kadence-advancedheading.kt-adv-heading896_498b90-3b, .wp-block-kadence-advancedheading.kt-adv-heading896_498b90-3b[data-kb-block=\"kb-adv-heading896_498b90-3b\"]{text-align:center;font-style:normal;}.wp-block-kadence-advancedheading.kt-adv-heading896_498b90-3b mark.kt-highlight, .wp-block-kadence-advancedheading.kt-adv-heading896_498b90-3b[data-kb-block=\"kb-adv-heading896_498b90-3b\"] mark.kt-highlight{font-style:normal;color:#f76a0c;-webkit-box-decoration-break:clone;box-decoration-break:clone;padding-top:0px;padding-right:0px;padding-bottom:0px;padding-left:0px;}.wp-block-kadence-advancedheading.kt-adv-heading896_498b90-3b img.kb-inline-image, .wp-block-kadence-advancedheading.kt-adv-heading896_498b90-3b[data-kb-block=\"kb-adv-heading896_498b90-3b\"] img.kb-inline-image{width:150px;vertical-align:baseline;}<\/style>\n<h2 class=\"kt-adv-heading896_498b90-3b wp-block-kadence-advancedheading\" data-kb-block=\"kb-adv-heading896_498b90-3b\">Videos fr\u00e5n bl.a v\u00e5r <a href=\"https:\/\/www.youtube.com\/@aikgolf6950\/videos\">Youtube<\/a>-kanal <a href=\"https:\/\/www.youtube.com\/@aikgolf6950\/videos\">@aikgolf6950<\/a> <\/h2>\n\n\n<style>.kb-row-layout-id896_eef78c-09 > .kt-row-column-wrap{align-content:start;}:where(.kb-row-layout-id896_eef78c-09 > .kt-row-column-wrap) > .wp-block-kadence-column{justify-content:start;}.kb-row-layout-id896_eef78c-09 > .kt-row-column-wrap{column-gap:var(--global-kb-gap-md, 2rem);row-gap:var(--global-kb-gap-md, 2rem);padding-top:var(--global-kb-spacing-sm, 1.5rem);padding-bottom:var(--global-kb-spacing-sm, 1.5rem);grid-template-columns:repeat(2, minmax(0, 1fr));}.kb-row-layout-id896_eef78c-09 > .kt-row-layout-overlay{opacity:0.30;}@media all and (max-width: 1024px){.kb-row-layout-id896_eef78c-09 > .kt-row-column-wrap{grid-template-columns:repeat(2, minmax(0, 1fr));}}@media all and (max-width: 767px){.kb-row-layout-id896_eef78c-09 > .kt-row-column-wrap{grid-template-columns:minmax(0, 1fr);}}<\/style><div class=\"kb-row-layout-wrap kb-row-layout-id896_eef78c-09 alignnone wp-block-kadence-rowlayout\"><div class=\"kt-row-column-wrap kt-has-2-columns kt-row-layout-equal kt-tab-layout-inherit kt-mobile-layout-row kt-row-valign-top\">\n<style>.kadence-column896_b2bc2a-8c > .kt-inside-inner-col,.kadence-column896_b2bc2a-8c > .kt-inside-inner-col:before{border-top-left-radius:0px;border-top-right-radius:0px;border-bottom-right-radius:0px;border-bottom-left-radius:0px;}.kadence-column896_b2bc2a-8c > .kt-inside-inner-col{column-gap:var(--global-kb-gap-sm, 1rem);}.kadence-column896_b2bc2a-8c > .kt-inside-inner-col{flex-direction:column;}.kadence-column896_b2bc2a-8c > .kt-inside-inner-col > .aligncenter{width:100%;}.kadence-column896_b2bc2a-8c > .kt-inside-inner-col:before{opacity:0.3;}.kadence-column896_b2bc2a-8c{position:relative;}@media all and (max-width: 1024px){.kadence-column896_b2bc2a-8c > .kt-inside-inner-col{flex-direction:column;justify-content:center;}}@media all and (max-width: 767px){.kadence-column896_b2bc2a-8c > .kt-inside-inner-col{flex-direction:column;justify-content:center;}}<\/style>\n<div class=\"wp-block-kadence-column kadence-column896_b2bc2a-8c\"><div class=\"kt-inside-inner-col\">\n<figure class=\"wp-block-embed is-type-video is-provider-youtube wp-block-embed-youtube wp-embed-aspect-16-9 wp-has-aspect-ratio\"><div class=\"wp-block-embed__wrapper\">\n<iframe loading=\"lazy\" title=\"18 MINUTER: ROND 21, REVOLTEN RUNT H\u00d6RNET\" width=\"1290\" height=\"726\" src=\"https:\/\/www.youtube.com\/embed\/oMcTf7Fg_qg?feature=oembed\" frameborder=\"0\" allow=\"accelerometer; autoplay; clipboard-write; encrypted-media; gyroscope; picture-in-picture; web-share\" referrerpolicy=\"strict-origin-when-cross-origin\" allowfullscreen><\/iframe>\n<\/div><figcaption class=\"wp-element-caption\">Joakim Gr\u00f6nhagen, huvudtr\u00e4nare i AIK Golf \u00e4r med i youtubeserien &#8221;18 minuter&#8221;  med Ola Wenstr\u00f6m<\/figcaption><\/figure>\n<\/div><\/div>\n\n\n<style>.kadence-column896_dd9c75-19 > .kt-inside-inner-col,.kadence-column896_dd9c75-19 > .kt-inside-inner-col:before{border-top-left-radius:0px;border-top-right-radius:0px;border-bottom-right-radius:0px;border-bottom-left-radius:0px;}.kadence-column896_dd9c75-19 > .kt-inside-inner-col{column-gap:var(--global-kb-gap-sm, 1rem);}.kadence-column896_dd9c75-19 > .kt-inside-inner-col{flex-direction:column;}.kadence-column896_dd9c75-19 > .kt-inside-inner-col > .aligncenter{width:100%;}.kadence-column896_dd9c75-19 > .kt-inside-inner-col:before{opacity:0.3;}.kadence-column896_dd9c75-19{position:relative;}@media all and (max-width: 1024px){.kadence-column896_dd9c75-19 > .kt-inside-inner-col{flex-direction:column;justify-content:center;}}@media all and (max-width: 767px){.kadence-column896_dd9c75-19 > .kt-inside-inner-col{flex-direction:column;justify-content:center;}}<\/style>\n<div class=\"wp-block-kadence-column kadence-column896_dd9c75-19\"><div class=\"kt-inside-inner-col\">\n<figure class=\"wp-block-embed is-type-video is-provider-youtube wp-block-embed-youtube wp-embed-aspect-16-9 wp-has-aspect-ratio\"><div class=\"wp-block-embed__wrapper\">\n<iframe loading=\"lazy\" title=\"18 MINUTER: ROND 9, GIPS, SVETT OCH SUCC\u00c9\" width=\"1290\" height=\"726\" src=\"https:\/\/www.youtube.com\/embed\/rQVay1WzzqQ?list=PLov4IaNApYrPvGDI8iajrKJ-kzOzLzLTg\" frameborder=\"0\" allow=\"accelerometer; autoplay; clipboard-write; encrypted-media; gyroscope; picture-in-picture; web-share\" referrerpolicy=\"strict-origin-when-cross-origin\" allowfullscreen><\/iframe>\n<\/div><figcaption class=\"wp-element-caption\">AIKs Simon Forsstr\u00f6m \u00e4r med i i youtubeserien &#8221;18 minuter&#8221;  med Ola Wenstr\u00f6m <\/figcaption><\/figure>\n<\/div><\/div>\n\n<\/div><\/div>\n\n<style>.kb-row-layout-id896_0fef8b-c7 > .kt-row-column-wrap{align-content:start;}:where(.kb-row-layout-id896_0fef8b-c7 > .kt-row-column-wrap) > .wp-block-kadence-column{justify-content:start;}.kb-row-layout-id896_0fef8b-c7 > .kt-row-column-wrap{column-gap:var(--global-kb-gap-md, 2rem);row-gap:var(--global-kb-gap-md, 2rem);padding-top:var(--global-kb-spacing-sm, 1.5rem);padding-bottom:var(--global-kb-spacing-sm, 1.5rem);grid-template-columns:repeat(2, minmax(0, 1fr));}.kb-row-layout-id896_0fef8b-c7 > .kt-row-layout-overlay{opacity:0.30;}@media all and (max-width: 1024px){.kb-row-layout-id896_0fef8b-c7 > .kt-row-column-wrap{grid-template-columns:repeat(2, minmax(0, 1fr));}}@media all and (max-width: 767px){.kb-row-layout-id896_0fef8b-c7 > .kt-row-column-wrap{grid-template-columns:minmax(0, 1fr);}}<\/style><div class=\"kb-row-layout-wrap kb-row-layout-id896_0fef8b-c7 alignnone wp-block-kadence-rowlayout\"><div class=\"kt-row-column-wrap kt-has-2-columns kt-row-layout-equal kt-tab-layout-inherit kt-mobile-layout-row kt-row-valign-top\">\n<style>.kadence-column896_90a4f1-cb > .kt-inside-inner-col,.kadence-column896_90a4f1-cb > .kt-inside-inner-col:before{border-top-left-radius:0px;border-top-right-radius:0px;border-bottom-right-radius:0px;border-bottom-left-radius:0px;}.kadence-column896_90a4f1-cb > .kt-inside-inner-col{column-gap:var(--global-kb-gap-sm, 1rem);}.kadence-column896_90a4f1-cb > .kt-inside-inner-col{flex-direction:column;}.kadence-column896_90a4f1-cb > .kt-inside-inner-col > .aligncenter{width:100%;}.kadence-column896_90a4f1-cb > .kt-inside-inner-col:before{opacity:0.3;}.kadence-column896_90a4f1-cb{position:relative;}@media all and (max-width: 1024px){.kadence-column896_90a4f1-cb > .kt-inside-inner-col{flex-direction:column;justify-content:center;}}@media all and (max-width: 767px){.kadence-column896_90a4f1-cb > .kt-inside-inner-col{flex-direction:column;justify-content:center;}}<\/style>\n<div class=\"wp-block-kadence-column kadence-column896_90a4f1-cb\"><div class=\"kt-inside-inner-col\">\n<figure class=\"wp-block-embed is-type-video is-provider-youtube wp-block-embed-youtube wp-embed-aspect-16-9 wp-has-aspect-ratio\"><div class=\"wp-block-embed__wrapper\">\n<iframe loading=\"lazy\" title=\"SM-GULD! Sammandrag 4:e och sista dagen av Lag-SM Herrar 2022 Upsala GK.\" width=\"1290\" height=\"726\" src=\"https:\/\/www.youtube.com\/embed\/sxLDMxx0TzI?feature=oembed\" frameborder=\"0\" allow=\"accelerometer; autoplay; clipboard-write; encrypted-media; gyroscope; picture-in-picture; web-share\" referrerpolicy=\"strict-origin-when-cross-origin\" allowfullscreen><\/iframe>\n<\/div><figcaption class=\"wp-element-caption\">Sammandrag Lag-SM Herrar 2022. 4:e och sista dagen av Lag-SM Herrar Upsala GK. SM-Guld till AIK!<\/figcaption><\/figure>\n<\/div><\/div>\n\n\n<style>.kadence-column896_1cd15c-c7 > .kt-inside-inner-col,.kadence-column896_1cd15c-c7 > .kt-inside-inner-col:before{border-top-left-radius:0px;border-top-right-radius:0px;border-bottom-right-radius:0px;border-bottom-left-radius:0px;}.kadence-column896_1cd15c-c7 > .kt-inside-inner-col{column-gap:var(--global-kb-gap-sm, 1rem);}.kadence-column896_1cd15c-c7 > .kt-inside-inner-col{flex-direction:column;}.kadence-column896_1cd15c-c7 > .kt-inside-inner-col > .aligncenter{width:100%;}.kadence-column896_1cd15c-c7 > .kt-inside-inner-col:before{opacity:0.3;}.kadence-column896_1cd15c-c7{position:relative;}@media all and (max-width: 1024px){.kadence-column896_1cd15c-c7 > .kt-inside-inner-col{flex-direction:column;justify-content:center;}}@media all and (max-width: 767px){.kadence-column896_1cd15c-c7 > .kt-inside-inner-col{flex-direction:column;justify-content:center;}}<\/style>\n<div class=\"wp-block-kadence-column kadence-column896_1cd15c-c7\"><div class=\"kt-inside-inner-col\">\n<figure class=\"wp-block-embed is-type-video is-provider-youtube wp-block-embed-youtube wp-embed-aspect-16-9 wp-has-aspect-ratio\"><div class=\"wp-block-embed__wrapper\">\n<iframe loading=\"lazy\" title=\"Intervju med Joakim Gr\u00f6nhagen, huvudtr\u00e4nare AIK Golfklubb\" width=\"1290\" height=\"726\" src=\"https:\/\/www.youtube.com\/embed\/5DMixWSiG6w?feature=oembed\" frameborder=\"0\" allow=\"accelerometer; autoplay; clipboard-write; encrypted-media; gyroscope; picture-in-picture; web-share\" referrerpolicy=\"strict-origin-when-cross-origin\" allowfullscreen><\/iframe>\n<\/div><figcaption class=\"wp-element-caption\">Joakim Gr\u00f6nhagen, huvudtr\u00e4nare AIK Golfklubb intervjuas i samband Lag SM 2021 p\u00e5 Upsala golfklubb.<\/figcaption><\/figure>\n<\/div><\/div>\n\n<\/div><\/div>\n\n<style>.kb-row-layout-id896_268793-67 > .kt-row-column-wrap{align-content:start;}:where(.kb-row-layout-id896_268793-67 > .kt-row-column-wrap) > .wp-block-kadence-column{justify-content:start;}.kb-row-layout-id896_268793-67 > .kt-row-column-wrap{column-gap:var(--global-kb-gap-md, 2rem);row-gap:var(--global-kb-gap-md, 2rem);padding-top:var(--global-kb-spacing-sm, 1.5rem);padding-bottom:var(--global-kb-spacing-sm, 1.5rem);grid-template-columns:repeat(2, minmax(0, 1fr));}.kb-row-layout-id896_268793-67 > .kt-row-layout-overlay{opacity:0.30;}@media all and (max-width: 1024px){.kb-row-layout-id896_268793-67 > .kt-row-column-wrap{grid-template-columns:repeat(2, minmax(0, 1fr));}}@media all and (max-width: 767px){.kb-row-layout-id896_268793-67 > .kt-row-column-wrap{grid-template-columns:minmax(0, 1fr);}}<\/style><div class=\"kb-row-layout-wrap kb-row-layout-id896_268793-67 alignnone wp-block-kadence-rowlayout\"><div class=\"kt-row-column-wrap kt-has-2-columns kt-row-layout-equal kt-tab-layout-inherit kt-mobile-layout-row kt-row-valign-top\">\n<style>.kadence-column896_ad886a-bc > .kt-inside-inner-col,.kadence-column896_ad886a-bc > .kt-inside-inner-col:before{border-top-left-radius:0px;border-top-right-radius:0px;border-bottom-right-radius:0px;border-bottom-left-radius:0px;}.kadence-column896_ad886a-bc > .kt-inside-inner-col{column-gap:var(--global-kb-gap-sm, 1rem);}.kadence-column896_ad886a-bc > .kt-inside-inner-col{flex-direction:column;}.kadence-column896_ad886a-bc > .kt-inside-inner-col > .aligncenter{width:100%;}.kadence-column896_ad886a-bc > .kt-inside-inner-col:before{opacity:0.3;}.kadence-column896_ad886a-bc{position:relative;}@media all and (max-width: 1024px){.kadence-column896_ad886a-bc > .kt-inside-inner-col{flex-direction:column;justify-content:center;}}@media all and (max-width: 767px){.kadence-column896_ad886a-bc > .kt-inside-inner-col{flex-direction:column;justify-content:center;}}<\/style>\n<div class=\"wp-block-kadence-column kadence-column896_ad886a-bc\"><div class=\"kt-inside-inner-col\">\n<figure class=\"wp-block-embed is-type-video is-provider-youtube wp-block-embed-youtube wp-embed-aspect-16-9 wp-has-aspect-ratio\"><div class=\"wp-block-embed__wrapper\">\n<iframe loading=\"lazy\" title=\"Mikael Lindberg intervju 2021\" width=\"1290\" height=\"726\" src=\"https:\/\/www.youtube.com\/embed\/iFpOQz8f2Bw?feature=oembed\" frameborder=\"0\" allow=\"accelerometer; autoplay; clipboard-write; encrypted-media; gyroscope; picture-in-picture; web-share\" referrerpolicy=\"strict-origin-when-cross-origin\" allowfullscreen><\/iframe>\n<\/div><figcaption class=\"wp-element-caption\">Mikael Lindberg, h\u00f6gst rankade spelare intervjuas om AIK:s chanser att vinna Lag SM 2021.<\/figcaption><\/figure>\n<\/div><\/div>\n\n\n<style>.kadence-column896_be03d1-32 > .kt-inside-inner-col,.kadence-column896_be03d1-32 > .kt-inside-inner-col:before{border-top-left-radius:0px;border-top-right-radius:0px;border-bottom-right-radius:0px;border-bottom-left-radius:0px;}.kadence-column896_be03d1-32 > .kt-inside-inner-col{column-gap:var(--global-kb-gap-sm, 1rem);}.kadence-column896_be03d1-32 > .kt-inside-inner-col{flex-direction:column;}.kadence-column896_be03d1-32 > .kt-inside-inner-col > .aligncenter{width:100%;}.kadence-column896_be03d1-32 > .kt-inside-inner-col:before{opacity:0.3;}.kadence-column896_be03d1-32{position:relative;}@media all and (max-width: 1024px){.kadence-column896_be03d1-32 > .kt-inside-inner-col{flex-direction:column;justify-content:center;}}@media all and (max-width: 767px){.kadence-column896_be03d1-32 > .kt-inside-inner-col{flex-direction:column;justify-content:center;}}<\/style>\n<div class=\"wp-block-kadence-column kadence-column896_be03d1-32\"><div class=\"kt-inside-inner-col\">\n<figure class=\"wp-block-embed is-type-video is-provider-youtube wp-block-embed-youtube wp-embed-aspect-16-9 wp-has-aspect-ratio\"><div class=\"wp-block-embed__wrapper\">\n<iframe loading=\"lazy\" title=\"Sammandrag SM 2021 p\u00e5 Upsala golfklubb (del 1)\" width=\"1290\" height=\"726\" src=\"https:\/\/www.youtube.com\/embed\/om27eA8pKuw?feature=oembed\" frameborder=\"0\" allow=\"accelerometer; autoplay; clipboard-write; encrypted-media; gyroscope; picture-in-picture; web-share\" referrerpolicy=\"strict-origin-when-cross-origin\" allowfullscreen><\/iframe>\n<\/div><figcaption class=\"wp-element-caption\">F\u00f6lj AIK Herr Elit i herrarnas Lag SM 2021 p\u00e5 Upsala golfklubb. Del 1.<\/figcaption><\/figure>\n<\/div><\/div>\n\n<\/div><\/div>\n\n<style>.kb-row-layout-id896_796d30-95 > .kt-row-column-wrap{align-content:start;}:where(.kb-row-layout-id896_796d30-95 > .kt-row-column-wrap) > .wp-block-kadence-column{justify-content:start;}.kb-row-layout-id896_796d30-95 > .kt-row-column-wrap{column-gap:var(--global-kb-gap-md, 2rem);row-gap:var(--global-kb-gap-md, 2rem);padding-top:var(--global-kb-spacing-sm, 1.5rem);padding-bottom:var(--global-kb-spacing-sm, 1.5rem);grid-template-columns:repeat(2, minmax(0, 1fr));}.kb-row-layout-id896_796d30-95 > .kt-row-layout-overlay{opacity:0.30;}@media all and (max-width: 1024px){.kb-row-layout-id896_796d30-95 > .kt-row-column-wrap{grid-template-columns:repeat(2, minmax(0, 1fr));}}@media all and (max-width: 767px){.kb-row-layout-id896_796d30-95 > .kt-row-column-wrap{grid-template-columns:minmax(0, 1fr);}}<\/style><div class=\"kb-row-layout-wrap kb-row-layout-id896_796d30-95 alignnone wp-block-kadence-rowlayout\"><div class=\"kt-row-column-wrap kt-has-2-columns kt-row-layout-equal kt-tab-layout-inherit kt-mobile-layout-row kt-row-valign-top\">\n<style>.kadence-column896_d11808-fe > .kt-inside-inner-col,.kadence-column896_d11808-fe > .kt-inside-inner-col:before{border-top-left-radius:0px;border-top-right-radius:0px;border-bottom-right-radius:0px;border-bottom-left-radius:0px;}.kadence-column896_d11808-fe > .kt-inside-inner-col{column-gap:var(--global-kb-gap-sm, 1rem);}.kadence-column896_d11808-fe > .kt-inside-inner-col{flex-direction:column;}.kadence-column896_d11808-fe > .kt-inside-inner-col > .aligncenter{width:100%;}.kadence-column896_d11808-fe > .kt-inside-inner-col:before{opacity:0.3;}.kadence-column896_d11808-fe{position:relative;}@media all and (max-width: 1024px){.kadence-column896_d11808-fe > .kt-inside-inner-col{flex-direction:column;justify-content:center;}}@media all and (max-width: 767px){.kadence-column896_d11808-fe > .kt-inside-inner-col{flex-direction:column;justify-content:center;}}<\/style>\n<div class=\"wp-block-kadence-column kadence-column896_d11808-fe\"><div class=\"kt-inside-inner-col\">\n<figure class=\"wp-block-embed is-type-video is-provider-youtube wp-block-embed-youtube wp-embed-aspect-16-9 wp-has-aspect-ratio\"><div class=\"wp-block-embed__wrapper\">\n<iframe loading=\"lazy\" title=\"Sammandrag SM 2021 p\u00e5 Upsala golfklubb (del 2)\" width=\"1290\" height=\"726\" src=\"https:\/\/www.youtube.com\/embed\/fH5kNQWcATY?feature=oembed\" frameborder=\"0\" allow=\"accelerometer; autoplay; clipboard-write; encrypted-media; gyroscope; picture-in-picture; web-share\" referrerpolicy=\"strict-origin-when-cross-origin\" allowfullscreen><\/iframe>\n<\/div><figcaption class=\"wp-element-caption\">Mikael Lindberg, h\u00f6gst rankade spelare intervjuas om AIK:s chanser att vinna Lag SM 2021.F\u00f6lj AIK Herr Elit i herrarnas Lag SM 2021 p\u00e5 Upsala golfklubb. Del 2.<\/figcaption><\/figure>\n<\/div><\/div>\n\n\n<style>.kadence-column896_de4ba5-6d > .kt-inside-inner-col,.kadence-column896_de4ba5-6d > .kt-inside-inner-col:before{border-top-left-radius:0px;border-top-right-radius:0px;border-bottom-right-radius:0px;border-bottom-left-radius:0px;}.kadence-column896_de4ba5-6d > .kt-inside-inner-col{column-gap:var(--global-kb-gap-sm, 1rem);}.kadence-column896_de4ba5-6d > .kt-inside-inner-col{flex-direction:column;}.kadence-column896_de4ba5-6d > .kt-inside-inner-col > .aligncenter{width:100%;}.kadence-column896_de4ba5-6d > .kt-inside-inner-col:before{opacity:0.3;}.kadence-column896_de4ba5-6d{position:relative;}@media all and (max-width: 1024px){.kadence-column896_de4ba5-6d > .kt-inside-inner-col{flex-direction:column;justify-content:center;}}@media all and (max-width: 767px){.kadence-column896_de4ba5-6d > .kt-inside-inner-col{flex-direction:column;justify-content:center;}}<\/style>\n<div class=\"wp-block-kadence-column kadence-column896_de4ba5-6d\"><div class=\"kt-inside-inner-col\">\n<figure class=\"wp-block-embed is-type-video is-provider-youtube wp-block-embed-youtube wp-embed-aspect-16-9 wp-has-aspect-ratio\"><div class=\"wp-block-embed__wrapper\">\n<iframe loading=\"lazy\" title=\"Sammandrag AIK Dam Lag SM 2021 Link\u00f6ping\" width=\"1290\" height=\"726\" src=\"https:\/\/www.youtube.com\/embed\/z5XGXe19kXU?feature=oembed\" frameborder=\"0\" allow=\"accelerometer; autoplay; clipboard-write; encrypted-media; gyroscope; picture-in-picture; web-share\" referrerpolicy=\"strict-origin-when-cross-origin\" allowfullscreen><\/iframe>\n<\/div><figcaption class=\"wp-element-caption\">F\u00f6lj AIK Herr Elit i herrarnas Lag SM 2021 p\u00e5 Upsala golfklubb. Del 1F\u00f6lj AIK Dam Elit i damernas Lag SM 2021 p\u00e5 Landeryds golfbana i Link\u00f6ping.<\/figcaption><\/figure>\n<\/div><\/div>\n\n<\/div><\/div>","protected":false},"excerpt":{"rendered":"<p>Videos fr\u00e5n bl.a v\u00e5r Youtube-kanal @aikgolf6950<\/p>\n","protected":false},"author":81,"featured_media":0,"parent":0,"menu_order":0,"comment_status":"closed","ping_status":"closed","template":"","meta":{"_kad_blocks_custom_css":"","_kad_blocks_head_custom_js":"","_kad_blocks_body_custom_js":"","_kad_blocks_footer_custom_js":"","_EventAllDay":false,"_EventTimezone":"","_EventStartDate":"","_EventEndDate":"","_EventStartDateUTC":"","_EventEndDateUTC":"","_EventShowMap":false,"_EventShowMapLink":false,"_EventURL":"","_EventCost":"","_EventCostDescription":"","_EventCurrencySymbol":"","_EventCurrencyCode":"","_EventCurrencyPosition":"","_EventDateTimeSeparator":"","_EventTimeRangeSeparator":"","_EventOrganizerID":[],"_EventVenueID":[],"_OrganizerEmail":"","_OrganizerPhone":"","_OrganizerWebsite":"","_VenueAddress":"","_VenueCity":"","_VenueCountry":"","_VenueProvince":"","_VenueState":"","_VenueZip":"","_VenuePhone":"","_VenueURL":"","_VenueStateProvince":"","_VenueLat":"","_VenueLng":"","_VenueShowMap":false,"_VenueShowMapLink":false,"_vp_format_video_url":"","_vp_image_focal_point":[],"_vp_custom_popup_image":0,"_vp_format_audio_url":"","_vp_album_images":[],"_vp_custom_thumbnail":0,"_vp_custom_thumbnail_focal_point":[],"_vp_custom_thumbnail_cover":0,"_vp_hover_thumbnail":0,"_vp_hover_thumbnail_focal_point":[],"footnotes":""},"class_list":["post-896","page","type-page","status-publish","hentry"],"blocksy_meta":[],"taxonomy_info":[],"featured_image_src_large":false,"author_info":{"display_name":"natalie","author_link":"https:\/\/aik.se\/golf\/author\/natalie\/"},"comment_info":0,"_links":{"self":[{"href":"https:\/\/aik.se\/golf\/wp-json\/wp\/v2\/pages\/896","targetHints":{"allow":["GET"]}}],"collection":[{"href":"https:\/\/aik.se\/golf\/wp-json\/wp\/v2\/pages"}],"about":[{"href":"https:\/\/aik.se\/golf\/wp-json\/wp\/v2\/types\/page"}],"author":[{"embeddable":true,"href":"https:\/\/aik.se\/golf\/wp-json\/wp\/v2\/users\/81"}],"replies":[{"embeddable":true,"href":"https:\/\/aik.se\/golf\/wp-json\/wp\/v2\/comments?post=896"}],"version-history":[{"count":12,"href":"https:\/\/aik.se\/golf\/wp-json\/wp\/v2\/pages\/896\/revisions"}],"predecessor-version":[{"id":2216,"href":"https:\/\/aik.se\/golf\/wp-json\/wp\/v2\/pages\/896\/revisions\/2216"}],"wp:attachment":[{"href":"https:\/\/aik.se\/golf\/wp-json\/wp\/v2\/media?parent=896"}],"curies":[{"name":"wp","href":"https:\/\/api.w.org\/{rel}","templated":true}]}}