{"id":898,"date":"2023-10-17T16:51:17","date_gmt":"2023-10-17T14:51:17","guid":{"rendered":"https:\/\/aik.se\/golf\/?page_id=898"},"modified":"2023-12-19T14:50:27","modified_gmt":"2023-12-19T13:50:27","slug":"instagram","status":"publish","type":"page","link":"https:\/\/aik.se\/golf\/instagram\/","title":{"rendered":"Sociala Medier"},"content":{"rendered":"<style>.wp-block-kadence-advancedheading.kt-adv-heading898_c6e11f-72, .wp-block-kadence-advancedheading.kt-adv-heading898_c6e11f-72[data-kb-block=\"kb-adv-heading898_c6e11f-72\"]{text-align:center;font-style:normal;}.wp-block-kadence-advancedheading.kt-adv-heading898_c6e11f-72 mark.kt-highlight, .wp-block-kadence-advancedheading.kt-adv-heading898_c6e11f-72[data-kb-block=\"kb-adv-heading898_c6e11f-72\"] mark.kt-highlight{font-style:normal;color:#f76a0c;-webkit-box-decoration-break:clone;box-decoration-break:clone;padding-top:0px;padding-right:0px;padding-bottom:0px;padding-left:0px;}.wp-block-kadence-advancedheading.kt-adv-heading898_c6e11f-72 img.kb-inline-image, .wp-block-kadence-advancedheading.kt-adv-heading898_c6e11f-72[data-kb-block=\"kb-adv-heading898_c6e11f-72\"] img.kb-inline-image{width:150px;vertical-align:baseline;}<\/style>\n<h2 class=\"kt-adv-heading898_c6e11f-72 wp-block-kadence-advancedheading\" data-kb-block=\"kb-adv-heading898_c6e11f-72\">Sociala Medier<\/h2>\n\n\n<style>.wp-block-kadence-advancedheading.kt-adv-heading898_354772-02, .wp-block-kadence-advancedheading.kt-adv-heading898_354772-02[data-kb-block=\"kb-adv-heading898_354772-02\"]{text-align:center;font-style:normal;}.wp-block-kadence-advancedheading.kt-adv-heading898_354772-02 mark.kt-highlight, .wp-block-kadence-advancedheading.kt-adv-heading898_354772-02[data-kb-block=\"kb-adv-heading898_354772-02\"] mark.kt-highlight{font-style:normal;color:#f76a0c;-webkit-box-decoration-break:clone;box-decoration-break:clone;padding-top:0px;padding-right:0px;padding-bottom:0px;padding-left:0px;}.wp-block-kadence-advancedheading.kt-adv-heading898_354772-02 img.kb-inline-image, .wp-block-kadence-advancedheading.kt-adv-heading898_354772-02[data-kb-block=\"kb-adv-heading898_354772-02\"] img.kb-inline-image{width:150px;vertical-align:baseline;}<\/style>\n<p class=\"kt-adv-heading898_354772-02 wp-block-kadence-advancedheading\" data-kb-block=\"kb-adv-heading898_354772-02\">AIK Golf finns p\u00e5 Facebook, Instagram och LinkedIn. Nedanf\u00f6r ser ni v\u00e5rt Instagram-fl\u00f6de. F\u00f6lj oss g\u00e4rna! <\/p>\n\n\n\n<ul class=\"wp-block-social-links aligncenter has-large-icon-size is-layout-flex wp-block-social-links-is-layout-flex\"><li class=\"wp-social-link wp-social-link-facebook  wp-block-social-link\"><a href=\"https:\/\/www.facebook.com\/AIKGolf\" class=\"wp-block-social-link-anchor\"><svg width=\"24\" height=\"24\" viewBox=\"0 0 24 24\" version=\"1.1\" xmlns=\"http:\/\/www.w3.org\/2000\/svg\" aria-hidden=\"true\" focusable=\"false\"><path d=\"M12 2C6.5 2 2 6.5 2 12c0 5 3.7 9.1 8.4 9.9v-7H7.9V12h2.5V9.8c0-2.5 1.5-3.9 3.8-3.9 1.1 0 2.2.2 2.2.2v2.5h-1.3c-1.2 0-1.6.8-1.6 1.6V12h2.8l-.4 2.9h-2.3v7C18.3 21.1 22 17 22 12c0-5.5-4.5-10-10-10z\"><\/path><\/svg><span class=\"wp-block-social-link-label screen-reader-text\">Facebook<\/span><\/a><\/li>\n\n<li class=\"wp-social-link wp-social-link-instagram  wp-block-social-link\"><a href=\"https:\/\/www.instagram.com\/aikgolf\/\" class=\"wp-block-social-link-anchor\"><svg width=\"24\" height=\"24\" viewBox=\"0 0 24 24\" version=\"1.1\" xmlns=\"http:\/\/www.w3.org\/2000\/svg\" aria-hidden=\"true\" focusable=\"false\"><path d=\"M12,4.622c2.403,0,2.688,0.009,3.637,0.052c0.877,0.04,1.354,0.187,1.671,0.31c0.42,0.163,0.72,0.358,1.035,0.673 c0.315,0.315,0.51,0.615,0.673,1.035c0.123,0.317,0.27,0.794,0.31,1.671c0.043,0.949,0.052,1.234,0.052,3.637 s-0.009,2.688-0.052,3.637c-0.04,0.877-0.187,1.354-0.31,1.671c-0.163,0.42-0.358,0.72-0.673,1.035 c-0.315,0.315-0.615,0.51-1.035,0.673c-0.317,0.123-0.794,0.27-1.671,0.31c-0.949,0.043-1.233,0.052-3.637,0.052 s-2.688-0.009-3.637-0.052c-0.877-0.04-1.354-0.187-1.671-0.31c-0.42-0.163-0.72-0.358-1.035-0.673 c-0.315-0.315-0.51-0.615-0.673-1.035c-0.123-0.317-0.27-0.794-0.31-1.671C4.631,14.688,4.622,14.403,4.622,12 s0.009-2.688,0.052-3.637c0.04-0.877,0.187-1.354,0.31-1.671c0.163-0.42,0.358-0.72,0.673-1.035 c0.315-0.315,0.615-0.51,1.035-0.673c0.317-0.123,0.794-0.27,1.671-0.31C9.312,4.631,9.597,4.622,12,4.622 M12,3 C9.556,3,9.249,3.01,8.289,3.054C7.331,3.098,6.677,3.25,6.105,3.472C5.513,3.702,5.011,4.01,4.511,4.511 c-0.5,0.5-0.808,1.002-1.038,1.594C3.25,6.677,3.098,7.331,3.054,8.289C3.01,9.249,3,9.556,3,12c0,2.444,0.01,2.751,0.054,3.711 c0.044,0.958,0.196,1.612,0.418,2.185c0.23,0.592,0.538,1.094,1.038,1.594c0.5,0.5,1.002,0.808,1.594,1.038 c0.572,0.222,1.227,0.375,2.185,0.418C9.249,20.99,9.556,21,12,21s2.751-0.01,3.711-0.054c0.958-0.044,1.612-0.196,2.185-0.418 c0.592-0.23,1.094-0.538,1.594-1.038c0.5-0.5,0.808-1.002,1.038-1.594c0.222-0.572,0.375-1.227,0.418-2.185 C20.99,14.751,21,14.444,21,12s-0.01-2.751-0.054-3.711c-0.044-0.958-0.196-1.612-0.418-2.185c-0.23-0.592-0.538-1.094-1.038-1.594 c-0.5-0.5-1.002-0.808-1.594-1.038c-0.572-0.222-1.227-0.375-2.185-0.418C14.751,3.01,14.444,3,12,3L12,3z M12,7.378 c-2.552,0-4.622,2.069-4.622,4.622S9.448,16.622,12,16.622s4.622-2.069,4.622-4.622S14.552,7.378,12,7.378z M12,15 c-1.657,0-3-1.343-3-3s1.343-3,3-3s3,1.343,3,3S13.657,15,12,15z M16.804,6.116c-0.596,0-1.08,0.484-1.08,1.08 s0.484,1.08,1.08,1.08c0.596,0,1.08-0.484,1.08-1.08S17.401,6.116,16.804,6.116z\"><\/path><\/svg><span class=\"wp-block-social-link-label screen-reader-text\">Instagram<\/span><\/a><\/li>\n\n<li class=\"wp-social-link wp-social-link-linkedin  wp-block-social-link\"><a href=\"https:\/\/www.linkedin.com\/company\/aik-golf\/\" class=\"wp-block-social-link-anchor\"><svg width=\"24\" height=\"24\" viewBox=\"0 0 24 24\" version=\"1.1\" xmlns=\"http:\/\/www.w3.org\/2000\/svg\" aria-hidden=\"true\" focusable=\"false\"><path d=\"M19.7,3H4.3C3.582,3,3,3.582,3,4.3v15.4C3,20.418,3.582,21,4.3,21h15.4c0.718,0,1.3-0.582,1.3-1.3V4.3 C21,3.582,20.418,3,19.7,3z M8.339,18.338H5.667v-8.59h2.672V18.338z M7.004,8.574c-0.857,0-1.549-0.694-1.549-1.548 c0-0.855,0.691-1.548,1.549-1.548c0.854,0,1.547,0.694,1.547,1.548C8.551,7.881,7.858,8.574,7.004,8.574z M18.339,18.338h-2.669 v-4.177c0-0.996-0.017-2.278-1.387-2.278c-1.389,0-1.601,1.086-1.601,2.206v4.249h-2.667v-8.59h2.559v1.174h0.037 c0.356-0.675,1.227-1.387,2.526-1.387c2.703,0,3.203,1.779,3.203,4.092V18.338z\"><\/path><\/svg><span class=\"wp-block-social-link-label screen-reader-text\">LinkedIn<\/span><\/a><\/li><\/ul>\n\n\n<style>.wp-block-kadence-spacer.kt-block-spacer-898_7d0067-e8 .kt-block-spacer{height:60px;}.wp-block-kadence-spacer.kt-block-spacer-898_7d0067-e8 .kt-divider{border-top-width:1px;height:1px;border-top-color:#eee;width:80%;border-top-style:solid;}<\/style>\n<div class=\"wp-block-kadence-spacer aligncenter kt-block-spacer-898_7d0067-e8\"><div class=\"kt-block-spacer kt-block-spacer-halign-center\"><hr class=\"kt-divider\" \/><\/div><\/div>\n\n\n<div id=\"wpsr-ig-feed-1901\" class=\"wpsr-ig-feed-wrapper wpsr-feed-wrap wpsr_content wpsr-ig-feed-template2 wpsr-ig-feed-template-1901  \"   data-column=\"4\"><div class=\"wpsr-container wpsr-insta-feed-1901\">\n    <div class=\"wpsr-ig-header wpsr-gap-default\">\n        <div class=\"wpsr-ig-header-inner\">\n            \n            <div class=\"wpsr-ig-header-info\">\n                                                                                    <div class=\"wpsr-ig-header-description\">\n                                                    <p> V\u00e4lkommen till AIK Golf Officiella Instagram-konto!<\/p>\n                                                                    <\/div>\n                            <\/div>\n                        <div class=\"wpsr-ig-follow-btn\">\n                <a href=\"https:\/\/www.instagram.com\/aikgolf\" target=\"_blank\" rel=\"noopener\" aria-label=\"F\u00f6lj oss p\u00e5 Instagram\">\n                    F\u00f6lj oss p\u00e5 Instagram                <\/a>\n            <\/div>\n                    <\/div>\n    <\/div>\n<div class=\"wpsr-ig-feed-wrapper-inner\"><div class=\"wpsr-row wpsr-ig-all-feed wpsr_feeds wpsr-column-gap-default\"><\/div><div class=\"wpsr-ig-footer wpsr-row \"><\/div><\/div><\/div><\/div>\n","protected":false},"excerpt":{"rendered":"<p>Sociala Medier AIK Golf finns p\u00e5 Facebook, Instagram och LinkedIn. Nedanf\u00f6r ser ni v\u00e5rt Instagram-fl\u00f6de. F\u00f6lj oss g\u00e4rna!<\/p>\n","protected":false},"author":81,"featured_media":0,"parent":0,"menu_order":0,"comment_status":"closed","ping_status":"closed","template":"","meta":{"_kad_blocks_custom_css":"","_kad_blocks_head_custom_js":"","_kad_blocks_body_custom_js":"","_kad_blocks_footer_custom_js":"","_EventAllDay":false,"_EventTimezone":"","_EventStartDate":"","_EventEndDate":"","_EventStartDateUTC":"","_EventEndDateUTC":"","_EventShowMap":false,"_EventShowMapLink":false,"_EventURL":"","_EventCost":"","_EventCostDescription":"","_EventCurrencySymbol":"","_EventCurrencyCode":"","_EventCurrencyPosition":"","_EventDateTimeSeparator":"","_EventTimeRangeSeparator":"","_EventOrganizerID":[],"_EventVenueID":[],"_OrganizerEmail":"","_OrganizerPhone":"","_OrganizerWebsite":"","_VenueAddress":"","_VenueCity":"","_VenueCountry":"","_VenueProvince":"","_VenueState":"","_VenueZip":"","_VenuePhone":"","_VenueURL":"","_VenueStateProvince":"","_VenueLat":"","_VenueLng":"","_VenueShowMap":false,"_VenueShowMapLink":false,"_vp_format_video_url":"","_vp_image_focal_point":[],"_vp_custom_popup_image":0,"_vp_format_audio_url":"","_vp_album_images":[],"_vp_custom_thumbnail":0,"_vp_custom_thumbnail_focal_point":[],"_vp_custom_thumbnail_cover":0,"_vp_hover_thumbnail":0,"_vp_hover_thumbnail_focal_point":[],"footnotes":""},"class_list":["post-898","page","type-page","status-publish","hentry"],"blocksy_meta":{"page_structure_type":"type-4","styles_descriptor":{"styles":{"desktop":"","tablet":"","mobile":""},"google_fonts":[],"version":6}},"taxonomy_info":[],"featured_image_src_large":false,"author_info":{"display_name":"natalie","author_link":"https:\/\/aik.se\/golf\/author\/natalie\/"},"comment_info":0,"_links":{"self":[{"href":"https:\/\/aik.se\/golf\/wp-json\/wp\/v2\/pages\/898","targetHints":{"allow":["GET"]}}],"collection":[{"href":"https:\/\/aik.se\/golf\/wp-json\/wp\/v2\/pages"}],"about":[{"href":"https:\/\/aik.se\/golf\/wp-json\/wp\/v2\/types\/page"}],"author":[{"embeddable":true,"href":"https:\/\/aik.se\/golf\/wp-json\/wp\/v2\/users\/81"}],"replies":[{"embeddable":true,"href":"https:\/\/aik.se\/golf\/wp-json\/wp\/v2\/comments?post=898"}],"version-history":[{"count":9,"href":"https:\/\/aik.se\/golf\/wp-json\/wp\/v2\/pages\/898\/revisions"}],"predecessor-version":[{"id":1913,"href":"https:\/\/aik.se\/golf\/wp-json\/wp\/v2\/pages\/898\/revisions\/1913"}],"wp:attachment":[{"href":"https:\/\/aik.se\/golf\/wp-json\/wp\/v2\/media?parent=898"}],"curies":[{"name":"wp","href":"https:\/\/api.w.org\/{rel}","templated":true}]}}