{"id":942,"date":"2023-10-17T18:12:17","date_gmt":"2023-10-17T16:12:17","guid":{"rendered":"https:\/\/aik.se\/golf\/?page_id=942"},"modified":"2023-12-07T11:18:52","modified_gmt":"2023-12-07T10:18:52","slug":"historia","status":"publish","type":"page","link":"https:\/\/aik.se\/golf\/historia\/","title":{"rendered":"Historia"},"content":{"rendered":"<style>.wp-block-kadence-advancedheading.kt-adv-heading942_7e8709-13, .wp-block-kadence-advancedheading.kt-adv-heading942_7e8709-13[data-kb-block=\"kb-adv-heading942_7e8709-13\"]{text-align:center;font-style:normal;}.wp-block-kadence-advancedheading.kt-adv-heading942_7e8709-13 mark.kt-highlight, .wp-block-kadence-advancedheading.kt-adv-heading942_7e8709-13[data-kb-block=\"kb-adv-heading942_7e8709-13\"] mark.kt-highlight{font-style:normal;color:#f76a0c;-webkit-box-decoration-break:clone;box-decoration-break:clone;padding-top:0px;padding-right:0px;padding-bottom:0px;padding-left:0px;}.wp-block-kadence-advancedheading.kt-adv-heading942_7e8709-13 img.kb-inline-image, .wp-block-kadence-advancedheading.kt-adv-heading942_7e8709-13[data-kb-block=\"kb-adv-heading942_7e8709-13\"] img.kb-inline-image{width:150px;vertical-align:baseline;}<\/style>\n<h2 class=\"kt-adv-heading942_7e8709-13 wp-block-kadence-advancedheading\" data-kb-block=\"kb-adv-heading942_7e8709-13\">AIK Golf Historia<\/h2>\n\n\n\n<p>AIK Golfklubb \u00e4r sedan den 1 januari 2015 en Specialidrottsf\u00f6rening&nbsp;i huvudf\u00f6reningen Allm\u00e4nna Idrottsklubben AIK. I samband med att golfen blev en Specialidrottsf\u00f6rening bytte AIK Golf namn till AIK Golfklubb.&nbsp;<\/p>\n\n\n\n<p>AIK Golf bildades den 25 mars 2003 p\u00e5 Kevinge Golfklubb. \u00c5rsm\u00f6tet&nbsp;inleddes med en tyst stund f\u00f6r Gert Landin och Pelle Zell\u00e9n som under m\u00e5nga \u00e5r&nbsp;handhaft&nbsp;golfverksamheten f\u00f6r golfande AIK:are. \u00c5rsm\u00f6tet 2003 ville dock utveckla verksamheten&nbsp;genom att s\u00f6ka inval i AIK och Svenska Golff\u00f6rbundet och den f\u00f6rsta styrelsen&nbsp;om att best\u00e5 av Karsten Landin, Mats Eriksson och Bosse Esteklev. Till suppleanter valdes Tommy Jarnbrink, Michael Carpelan och Yngve Zethra\u00e9us.&nbsp;&nbsp;<\/p>\n\n\n\n<p>F\u00f6rst nitton m\u00e5nader senare&nbsp;den 25 oktober 2004 blev AIK Golf egen sektion i Allm\u00e4nna&nbsp;Idrottsklubben AIK. Den 25 oktober \u00e4r s\u00e5ledes AIK Golfens officiella f\u00f6delsedag.&nbsp;&nbsp;&nbsp;<\/p>\n\n\n\n<p>2005&nbsp;blev AIK Golf fullv\u00e4rdig medlem i Svenska Golff\u00f6rbundet.<\/p>\n","protected":false},"excerpt":{"rendered":"<p>AIK Golf Historia AIK Golfklubb \u00e4r sedan den 1 januari 2015 en Specialidrottsf\u00f6rening&nbsp;i huvudf\u00f6reningen Allm\u00e4nna Idrottsklubben AIK. I samband med att golfen blev en Specialidrottsf\u00f6rening bytte AIK Golf namn till [&hellip;]<\/p>\n","protected":false},"author":81,"featured_media":0,"parent":0,"menu_order":0,"comment_status":"closed","ping_status":"closed","template":"","meta":{"_kad_blocks_custom_css":"","_kad_blocks_head_custom_js":"","_kad_blocks_body_custom_js":"","_kad_blocks_footer_custom_js":"","_EventAllDay":false,"_EventTimezone":"","_EventStartDate":"","_EventEndDate":"","_EventStartDateUTC":"","_EventEndDateUTC":"","_EventShowMap":false,"_EventShowMapLink":false,"_EventURL":"","_EventCost":"","_EventCostDescription":"","_EventCurrencySymbol":"","_EventCurrencyCode":"","_EventCurrencyPosition":"","_EventDateTimeSeparator":"","_EventTimeRangeSeparator":"","_EventOrganizerID":[],"_EventVenueID":[],"_OrganizerEmail":"","_OrganizerPhone":"","_OrganizerWebsite":"","_VenueAddress":"","_VenueCity":"","_VenueCountry":"","_VenueProvince":"","_VenueState":"","_VenueZip":"","_VenuePhone":"","_VenueURL":"","_VenueStateProvince":"","_VenueLat":"","_VenueLng":"","_VenueShowMap":false,"_VenueShowMapLink":false,"_vp_format_video_url":"","_vp_image_focal_point":[],"_vp_custom_popup_image":0,"_vp_format_audio_url":"","_vp_album_images":[],"_vp_custom_thumbnail":0,"_vp_custom_thumbnail_focal_point":[],"_vp_custom_thumbnail_cover":0,"_vp_hover_thumbnail":0,"_vp_hover_thumbnail_focal_point":[],"footnotes":""},"class_list":["post-942","page","type-page","status-publish","hentry"],"blocksy_meta":[],"taxonomy_info":[],"featured_image_src_large":false,"author_info":{"display_name":"natalie","author_link":"https:\/\/aik.se\/golf\/author\/natalie\/"},"comment_info":0,"_links":{"self":[{"href":"https:\/\/aik.se\/golf\/wp-json\/wp\/v2\/pages\/942","targetHints":{"allow":["GET"]}}],"collection":[{"href":"https:\/\/aik.se\/golf\/wp-json\/wp\/v2\/pages"}],"about":[{"href":"https:\/\/aik.se\/golf\/wp-json\/wp\/v2\/types\/page"}],"author":[{"embeddable":true,"href":"https:\/\/aik.se\/golf\/wp-json\/wp\/v2\/users\/81"}],"replies":[{"embeddable":true,"href":"https:\/\/aik.se\/golf\/wp-json\/wp\/v2\/comments?post=942"}],"version-history":[{"count":3,"href":"https:\/\/aik.se\/golf\/wp-json\/wp\/v2\/pages\/942\/revisions"}],"predecessor-version":[{"id":1627,"href":"https:\/\/aik.se\/golf\/wp-json\/wp\/v2\/pages\/942\/revisions\/1627"}],"wp:attachment":[{"href":"https:\/\/aik.se\/golf\/wp-json\/wp\/v2\/media?parent=942"}],"curies":[{"name":"wp","href":"https:\/\/api.w.org\/{rel}","templated":true}]}}