{"id":995,"date":"2023-10-22T17:27:21","date_gmt":"2023-10-22T15:27:21","guid":{"rendered":"https:\/\/aik.se\/golf\/?page_id=995"},"modified":"2025-09-25T10:55:53","modified_gmt":"2025-09-25T08:55:53","slug":"aik-golfen","status":"publish","type":"page","link":"https:\/\/aik.se\/golf\/aik-golfen\/","title":{"rendered":"AIK-Golfen"},"content":{"rendered":"<style>.kb-row-layout-id995_0b1a22-4a > .kt-row-column-wrap{align-content:center;}:where(.kb-row-layout-id995_0b1a22-4a > .kt-row-column-wrap) > .wp-block-kadence-column{justify-content:center;}.kb-row-layout-id995_0b1a22-4a > .kt-row-column-wrap{column-gap:var(--global-kb-gap-lg, 4rem);row-gap:var(--global-kb-gap-md, 2rem);max-width:1290px;padding-top:var(--global-kb-spacing-4xl, 8rem);padding-bottom:var(--global-kb-spacing-4xl, 8rem);grid-template-columns:minmax(0, calc(55% - ((var(--global-kb-gap-lg, 4rem) * 1 )\/2)))minmax(0, calc(45% - ((var(--global-kb-gap-lg, 4rem) * 1 )\/2)));}.kb-row-layout-id995_0b1a22-4a > .kt-row-layout-overlay{opacity:0.20;background-color:#af9664;}.kb-row-layout-id995_0b1a22-4a .kt-row-layout-bottom-sep{height:100px;}.kb-row-layout-id995_0b1a22-4a .kt-row-layout-bottom-sep svg{width:100%;}.kb-row-layout-id995_0b1a22-4a .kt-row-layout-bottom-sep svg{fill:var(--global-palette9, #ffffff)!important;}@media all and (max-width: 1024px){.kb-row-layout-id995_0b1a22-4a > .kt-row-column-wrap{grid-template-columns:minmax(0, 2fr) minmax(0, 1fr);}}@media all and (max-width: 1024px){.kb-row-layout-id995_0b1a22-4a .kt-row-layout-bottom-sep{height:80px;}}@media all and (max-width: 1024px){.kb-row-layout-id995_0b1a22-4a .kt-row-layout-bottom-sep svg{width:%;}}@media all and (max-width: 767px){.kb-row-layout-id995_0b1a22-4a > .kt-row-column-wrap{padding-top:var(--global-kb-spacing-3xl, 6.5rem);padding-bottom:var(--global-kb-spacing-3xl, 6.5rem);grid-template-columns:minmax(0, 1fr);}.kb-row-layout-id995_0b1a22-4a .kt-row-layout-bottom-sep{height:60px;}.kb-row-layout-id995_0b1a22-4a .kt-row-layout-bottom-sep svg{width:%;}}<\/style><div class=\"kb-row-layout-wrap kb-row-layout-id995_0b1a22-4a alignfull kt-row-has-bg wp-block-kadence-rowlayout\"><div class=\"kt-row-layout-overlay kt-row-overlay-normal\"><\/div><div class=\"kt-row-layout-bottom-sep kt-row-sep-type-crvi\"><svg viewBox=\"0 0 1000 100\" preserveAspectRatio=\"none\"><path d=\"M1000,0c0,0 -270.987,98 -500,98c-229.013,0 -500,-98 -500,-98l0,100l1000,0l0,-100Z\" \/><\/svg><\/div><div class=\"kt-row-column-wrap kt-has-2-columns kt-row-layout-equal kt-tab-layout-left-golden kt-mobile-layout-row kt-row-valign-middle kb-theme-content-width\">\n<style>.kadence-column995_a62e21-6a > .kt-inside-inner-col,.kadence-column995_a62e21-6a > .kt-inside-inner-col:before{border-top-left-radius:0px;border-top-right-radius:0px;border-bottom-right-radius:0px;border-bottom-left-radius:0px;}.kadence-column995_a62e21-6a > .kt-inside-inner-col{column-gap:var(--global-kb-gap-sm, 1rem);}.kadence-column995_a62e21-6a > .kt-inside-inner-col{flex-direction:column;}.kadence-column995_a62e21-6a > .kt-inside-inner-col > .aligncenter{width:100%;}.kadence-column995_a62e21-6a > .kt-inside-inner-col:before{opacity:0.3;}.kadence-column995_a62e21-6a{position:relative;}@media all and (max-width: 1024px){.kadence-column995_a62e21-6a > .kt-inside-inner-col{flex-direction:column;justify-content:center;}}@media all and (max-width: 767px){.kadence-column995_a62e21-6a > .kt-inside-inner-col{flex-direction:column;justify-content:center;}}<\/style>\n<div class=\"wp-block-kadence-column kadence-column995_a62e21-6a inner-column-1\"><div class=\"kt-inside-inner-col\"><style>.wp-block-kadence-advancedheading.kt-adv-heading995_850fef-bd, .wp-block-kadence-advancedheading.kt-adv-heading995_850fef-bd[data-kb-block=\"kb-adv-heading995_850fef-bd\"]{margin-top:0px;margin-bottom:var(--global-kb-spacing-sm, 1.5rem);font-size:90px;line-height:1;font-style:normal;color:var(--global-palette3, #1A202C);}.wp-block-kadence-advancedheading.kt-adv-heading995_850fef-bd mark.kt-highlight, .wp-block-kadence-advancedheading.kt-adv-heading995_850fef-bd[data-kb-block=\"kb-adv-heading995_850fef-bd\"] mark.kt-highlight{font-style:normal;color:#f76a0c;-webkit-box-decoration-break:clone;box-decoration-break:clone;padding-top:0px;padding-right:0px;padding-bottom:0px;padding-left:0px;}.wp-block-kadence-advancedheading.kt-adv-heading995_850fef-bd img.kb-inline-image, .wp-block-kadence-advancedheading.kt-adv-heading995_850fef-bd[data-kb-block=\"kb-adv-heading995_850fef-bd\"] img.kb-inline-image{width:150px;vertical-align:baseline;}@media all and (max-width: 1024px){.wp-block-kadence-advancedheading.kt-adv-heading995_850fef-bd, .wp-block-kadence-advancedheading.kt-adv-heading995_850fef-bd[data-kb-block=\"kb-adv-heading995_850fef-bd\"]{font-size:80px;}}@media all and (max-width: 767px){.wp-block-kadence-advancedheading.kt-adv-heading995_850fef-bd, .wp-block-kadence-advancedheading.kt-adv-heading995_850fef-bd[data-kb-block=\"kb-adv-heading995_850fef-bd\"]{font-size:40px;line-height:1.2;}}<\/style>\n<h2 class=\"kt-adv-heading995_850fef-bd wp-block-kadence-advancedheading has-theme-palette-3-color has-text-color\" data-kb-block=\"kb-adv-heading995_850fef-bd\">AIK-Golfen<\/h2>\n\n\n\n<p><\/p>\n\n\n<style>.wp-block-kadence-advancedheading.kt-adv-heading995_8a9d04-0f, .wp-block-kadence-advancedheading.kt-adv-heading995_8a9d04-0f[data-kb-block=\"kb-adv-heading995_8a9d04-0f\"]{max-width:550px;margin-bottom:var(--global-kb-spacing-sm, 1.5rem);font-style:normal;}.wp-block-kadence-advancedheading.kt-adv-heading995_8a9d04-0f mark.kt-highlight, .wp-block-kadence-advancedheading.kt-adv-heading995_8a9d04-0f[data-kb-block=\"kb-adv-heading995_8a9d04-0f\"] mark.kt-highlight{font-style:normal;color:#f76a0c;-webkit-box-decoration-break:clone;box-decoration-break:clone;padding-top:0px;padding-right:0px;padding-bottom:0px;padding-left:0px;}.wp-block-kadence-advancedheading.kt-adv-heading995_8a9d04-0f img.kb-inline-image, .wp-block-kadence-advancedheading.kt-adv-heading995_8a9d04-0f[data-kb-block=\"kb-adv-heading995_8a9d04-0f\"] img.kb-inline-image{width:150px;vertical-align:baseline;}<\/style>\n<p class=\"kt-adv-heading995_8a9d04-0f wp-block-kadence-advancedheading\" data-kb-block=\"kb-adv-heading995_8a9d04-0f\">T\u00e4vlingen \u00e4r \u00f6ppen f\u00f6r alla medlemmar i AIK Golfklubb och spelas traditionsenligt tillsammans med minnest\u00e4vlingen Helmer Rydholms Minne. F\u00f6rutom h\u00e4rlig golf v\u00e4ntar fina priser, trevlig samvaro och m\u00f6jligheten att skriva in sig i klubbens historieb\u00f6cker.<\/p>\n\n\n\n<p>Med AIK\u00a0Golfen b\u00f6rjar jakten p\u00e5 inteckningen\u00a0p\u00e5 glassk\u00e5len\u00a0tillika vpr i Helmer Rydholms Minne. Nedan ser du hur det g\u00e5tt sedan starten 1973.\u00a0<\/p>\n\n\n<style>.wp-block-kadence-advancedheading.kt-adv-heading995_6bfb8b-6b, .wp-block-kadence-advancedheading.kt-adv-heading995_6bfb8b-6b[data-kb-block=\"kb-adv-heading995_6bfb8b-6b\"]{max-width:550px;margin-bottom:var(--global-kb-spacing-sm, 1.5rem);font-style:normal;}.wp-block-kadence-advancedheading.kt-adv-heading995_6bfb8b-6b mark.kt-highlight, .wp-block-kadence-advancedheading.kt-adv-heading995_6bfb8b-6b[data-kb-block=\"kb-adv-heading995_6bfb8b-6b\"] mark.kt-highlight{font-style:normal;color:#f76a0c;-webkit-box-decoration-break:clone;box-decoration-break:clone;padding-top:0px;padding-right:0px;padding-bottom:0px;padding-left:0px;}.wp-block-kadence-advancedheading.kt-adv-heading995_6bfb8b-6b img.kb-inline-image, .wp-block-kadence-advancedheading.kt-adv-heading995_6bfb8b-6b[data-kb-block=\"kb-adv-heading995_6bfb8b-6b\"] img.kb-inline-image{width:150px;vertical-align:baseline;}<\/style>\n<p class=\"kt-adv-heading995_6bfb8b-6b wp-block-kadence-advancedheading\" data-kb-block=\"kb-adv-heading995_6bfb8b-6b\">L\u00e4s mer om \u00e5rets AIK-Golf i t\u00e4vlingskalendern.<\/p>\n\n\n<style>.wp-block-kadence-advancedbtn.kb-btns995_cf1353-11{gap:var(--global-kb-gap-xs, 0.5rem );justify-content:flex-start;align-items:center;}.kt-btns995_cf1353-11 .kt-button{font-weight:normal;font-style:normal;}<\/style>\n<div class=\"wp-block-kadence-advancedbtn kb-buttons-wrap kb-btns995_cf1353-11\"><style>ul.menu .wp-block-kadence-advancedbtn .kb-btn995_c4c33d-dd.kb-button{width:initial;}<\/style><a class=\"kb-button kt-button button kb-btn995_c4c33d-dd kt-btn-size-standard kt-btn-width-type-auto kb-btn-global-inherit  kt-btn-has-text-true kt-btn-has-svg-false  wp-block-button__link wp-block-kadence-singlebtn\" href=\"https:\/\/aik.se\/golf\/events\/\"><span class=\"kt-btn-inner-text\">T\u00e4vlingskalender<\/span><\/a><\/div>\n<\/div><\/div>\n\n\n<style>.kadence-column995_9a58ce-0a > .kt-inside-inner-col,.kadence-column995_9a58ce-0a > .kt-inside-inner-col:before{border-top-left-radius:0px;border-top-right-radius:0px;border-bottom-right-radius:0px;border-bottom-left-radius:0px;}.kadence-column995_9a58ce-0a > .kt-inside-inner-col{column-gap:var(--global-kb-gap-sm, 1rem);}.kadence-column995_9a58ce-0a > .kt-inside-inner-col{flex-direction:column;}.kadence-column995_9a58ce-0a > .kt-inside-inner-col > .aligncenter{width:100%;}.kadence-column995_9a58ce-0a > .kt-inside-inner-col:before{opacity:0.3;}.kadence-column995_9a58ce-0a{position:relative;}.kadence-column995_9a58ce-0a, .kt-inside-inner-col > .kadence-column995_9a58ce-0a:not(.specificity){margin-bottom:-30px;}@media all and (max-width: 1024px){.kadence-column995_9a58ce-0a > .kt-inside-inner-col{flex-direction:column;justify-content:center;}}@media all and (max-width: 767px){.kadence-column995_9a58ce-0a > .kt-inside-inner-col{flex-direction:column;justify-content:center;}.kadence-column995_9a58ce-0a, .kt-inside-inner-col > .kadence-column995_9a58ce-0a:not(.specificity){margin-bottom:0px;}}<\/style>\n<div class=\"wp-block-kadence-column kadence-column995_9a58ce-0a\"><div class=\"kt-inside-inner-col\"><style>.wp-block-kadence-image.kb-image995_ce9cd6-e6:not(.kb-specificity-added):not(.kb-extra-specificity-added){margin-bottom:0px;margin-left:0px;}.kb-image995_ce9cd6-e6.kb-image-is-ratio-size, .kb-image995_ce9cd6-e6 .kb-image-is-ratio-size{max-width:465px;width:100%;}.wp-block-kadence-column > .kt-inside-inner-col > .kb-image995_ce9cd6-e6.kb-image-is-ratio-size, .wp-block-kadence-column > .kt-inside-inner-col > .kb-image995_ce9cd6-e6 .kb-image-is-ratio-size{align-self:unset;}.kb-image995_ce9cd6-e6{max-width:465px;}.image-is-svg.kb-image995_ce9cd6-e6{-webkit-flex:0 1 100%;flex:0 1 100%;}.image-is-svg.kb-image995_ce9cd6-e6 img{width:100%;}.kb-image995_ce9cd6-e6 .kb-image-has-overlay:after{opacity:0.3;border-top-left-radius:60px;border-top-right-radius:60px;border-bottom-right-radius:60px;border-bottom-left-radius:0px;}.kb-image995_ce9cd6-e6 img.kb-img, .kb-image995_ce9cd6-e6 .kb-img img{border-top-left-radius:60px;border-top-right-radius:60px;border-bottom-right-radius:60px;border-bottom-left-radius:0px;}@media all and (max-width: 1024px){.wp-block-kadence-image.kb-image995_ce9cd6-e6:not(.kb-specificity-added):not(.kb-extra-specificity-added){margin-left:0px;}}@media all and (max-width: 767px){.wp-block-kadence-image.kb-image995_ce9cd6-e6:not(.kb-specificity-added):not(.kb-extra-specificity-added){margin-left:0px;}.kb-image995_ce9cd6-e6.kb-image-is-ratio-size, .kb-image995_ce9cd6-e6 .kb-image-is-ratio-size{max-width:800px;width:100%;}.kb-image995_ce9cd6-e6{max-width:800px;}}<\/style>\n<figure class=\"wp-block-kadence-image kb-image995_ce9cd6-e6 kb-image-is-ratio-size\"><div class=\"kb-is-ratio-image kb-image-ratio-square\"><img loading=\"lazy\" decoding=\"async\" width=\"1179\" height=\"1000\" src=\"https:\/\/aik.se\/golf\/wp-content\/uploads\/sites\/13\/2025\/09\/Vinnare_2025_Peter_Hjerpe-e1758650312432.jpg\" class=\"kb-img wp-image-2414\" srcset=\"https:\/\/aik.se\/golf\/wp-content\/uploads\/sites\/13\/2025\/09\/Vinnare_2025_Peter_Hjerpe-e1758650312432.jpg 1179w, https:\/\/aik.se\/golf\/wp-content\/uploads\/sites\/13\/2025\/09\/Vinnare_2025_Peter_Hjerpe-e1758650312432-300x254.jpg 300w, https:\/\/aik.se\/golf\/wp-content\/uploads\/sites\/13\/2025\/09\/Vinnare_2025_Peter_Hjerpe-e1758650312432-1024x869.jpg 1024w, https:\/\/aik.se\/golf\/wp-content\/uploads\/sites\/13\/2025\/09\/Vinnare_2025_Peter_Hjerpe-e1758650312432-768x651.jpg 768w, https:\/\/aik.se\/golf\/wp-content\/uploads\/sites\/13\/2025\/09\/Vinnare_2025_Peter_Hjerpe-e1758650312432-500x424.jpg 500w, https:\/\/aik.se\/golf\/wp-content\/uploads\/sites\/13\/2025\/09\/Vinnare_2025_Peter_Hjerpe-e1758650312432-800x679.jpg 800w\" sizes=\"auto, (max-width: 1179px) 100vw, 1179px\" \/><\/div><\/figure>\n\n\n<style>.kadence-column995_78ecfa-19 > .kt-inside-inner-col{padding-top:var(--global-kb-spacing-md, 2rem);padding-right:var(--global-kb-spacing-md, 2rem);padding-bottom:var(--global-kb-spacing-md, 2rem);padding-left:var(--global-kb-spacing-md, 2rem);}.kadence-column995_78ecfa-19 > .kt-inside-inner-col,.kadence-column995_78ecfa-19 > .kt-inside-inner-col:before{border-top-left-radius:0px;border-top-right-radius:60px;border-bottom-right-radius:60px;border-bottom-left-radius:60px;}.kadence-column995_78ecfa-19 > .kt-inside-inner-col{column-gap:var(--global-kb-gap-sm, 1rem);}.kadence-column995_78ecfa-19 > .kt-inside-inner-col{flex-direction:column;}.kadence-column995_78ecfa-19 > .kt-inside-inner-col > .aligncenter{width:100%;}.kadence-column995_78ecfa-19 > .kt-inside-inner-col{background-color:var(--global-palette9, #ffffff);}.kadence-column995_78ecfa-19 > .kt-inside-inner-col:before{opacity:0.3;}.kadence-column995_78ecfa-19{z-index:5;position:relative;}.kadence-column995_78ecfa-19, .kt-inside-inner-col > .kadence-column995_78ecfa-19:not(.specificity){margin-top:-40px;margin-right:0px;margin-left:60px;}@media all and (max-width: 1024px){.kadence-column995_78ecfa-19 > .kt-inside-inner-col{padding-top:var(--global-kb-spacing-sm, 1.5rem);padding-right:var(--global-kb-spacing-sm, 1.5rem);padding-bottom:var(--global-kb-spacing-sm, 1.5rem);padding-left:var(--global-kb-spacing-sm, 1.5rem);flex-direction:column;justify-content:center;}}@media all and (max-width: 1024px){.kadence-column995_78ecfa-19, .kt-inside-inner-col > .kadence-column995_78ecfa-19:not(.specificity){margin-top:var(--global-kb-spacing-xs, 1rem);margin-left:0px;}}@media all and (max-width: 767px){.kadence-column995_78ecfa-19 > .kt-inside-inner-col{flex-direction:column;justify-content:center;}.kadence-column995_78ecfa-19, .kt-inside-inner-col > .kadence-column995_78ecfa-19:not(.specificity){margin-top:var(--global-kb-spacing-xs, 1rem);}}<\/style>\n<div class=\"wp-block-kadence-column kadence-column995_78ecfa-19 inner-column-1\"><div class=\"kt-inside-inner-col\"><style>.wp-block-kadence-advancedheading.kt-adv-heading995_10fb48-1d, .wp-block-kadence-advancedheading.kt-adv-heading995_10fb48-1d[data-kb-block=\"kb-adv-heading995_10fb48-1d\"]{font-size:var(--global-kb-font-size-md, 1.25rem);font-style:normal;color:var(--global-palette3, #1A202C);}.wp-block-kadence-advancedheading.kt-adv-heading995_10fb48-1d mark.kt-highlight, .wp-block-kadence-advancedheading.kt-adv-heading995_10fb48-1d[data-kb-block=\"kb-adv-heading995_10fb48-1d\"] mark.kt-highlight{font-style:normal;color:#f76a0c;-webkit-box-decoration-break:clone;box-decoration-break:clone;padding-top:0px;padding-right:0px;padding-bottom:0px;padding-left:0px;}.wp-block-kadence-advancedheading.kt-adv-heading995_10fb48-1d img.kb-inline-image, .wp-block-kadence-advancedheading.kt-adv-heading995_10fb48-1d[data-kb-block=\"kb-adv-heading995_10fb48-1d\"] img.kb-inline-image{width:150px;vertical-align:baseline;}<\/style>\n<h3 class=\"kt-adv-heading995_10fb48-1d wp-block-kadence-advancedheading has-theme-palette-3-color has-text-color\" data-kb-block=\"kb-adv-heading995_10fb48-1d\">AIK Golfen 2025 <\/h3>\n\n\n<style>.wp-block-kadence-advancedheading.kt-adv-heading995_1082c0-39, .wp-block-kadence-advancedheading.kt-adv-heading995_1082c0-39[data-kb-block=\"kb-adv-heading995_1082c0-39\"]{font-style:normal;}.wp-block-kadence-advancedheading.kt-adv-heading995_1082c0-39 mark.kt-highlight, .wp-block-kadence-advancedheading.kt-adv-heading995_1082c0-39[data-kb-block=\"kb-adv-heading995_1082c0-39\"] mark.kt-highlight{font-style:normal;color:#f76a0c;-webkit-box-decoration-break:clone;box-decoration-break:clone;padding-top:0px;padding-right:0px;padding-bottom:0px;padding-left:0px;}.wp-block-kadence-advancedheading.kt-adv-heading995_1082c0-39 img.kb-inline-image, .wp-block-kadence-advancedheading.kt-adv-heading995_1082c0-39[data-kb-block=\"kb-adv-heading995_1082c0-39\"] img.kb-inline-image{width:150px;vertical-align:baseline;}<\/style>\n<p class=\"kt-adv-heading995_1082c0-39 wp-block-kadence-advancedheading\" data-kb-block=\"kb-adv-heading995_1082c0-39\">AIK Golfen spelades \u00e4ven den 30 augusti p\u00e5 Vallentuna. AIK Golfen \u00e4r en \u00f6ppen t\u00e4vling f\u00f6r alla medlemmar i AIK Golf och spelas traditionsenligt tillsammans med minnest\u00e4vlingen Helmer Rydholms Minne. <br><br>Vinnare blev Peter Hjerpe, stort grattis! <\/p>\n<\/div><\/div>\n<\/div><\/div>\n\n<\/div><\/div>\n\n\n<div style=\"height:50px\" aria-hidden=\"true\" class=\"wp-block-spacer\"><\/div>\n\n\n<style>.wp-block-kadence-advancedheading.kt-adv-heading995_66ac60-fe, .wp-block-kadence-advancedheading.kt-adv-heading995_66ac60-fe[data-kb-block=\"kb-adv-heading995_66ac60-fe\"]{font-style:normal;}.wp-block-kadence-advancedheading.kt-adv-heading995_66ac60-fe mark.kt-highlight, .wp-block-kadence-advancedheading.kt-adv-heading995_66ac60-fe[data-kb-block=\"kb-adv-heading995_66ac60-fe\"] mark.kt-highlight{font-style:normal;color:#f76a0c;-webkit-box-decoration-break:clone;box-decoration-break:clone;padding-top:0px;padding-right:0px;padding-bottom:0px;padding-left:0px;}.wp-block-kadence-advancedheading.kt-adv-heading995_66ac60-fe img.kb-inline-image, .wp-block-kadence-advancedheading.kt-adv-heading995_66ac60-fe[data-kb-block=\"kb-adv-heading995_66ac60-fe\"] img.kb-inline-image{width:150px;vertical-align:baseline;}<\/style>\n<h2 class=\"kt-adv-heading995_66ac60-fe wp-block-kadence-advancedheading\" data-kb-block=\"kb-adv-heading995_66ac60-fe\">Helmer Rydholms minne<\/h2>\n\n\n\n<figure class=\"wp-block-table is-style-regular\"><table class=\"has-white-background-color has-background has-border-color has-fixed-layout\" style=\"border-color:#af9664\"><thead><tr><th>\u00c5r<\/th><th>Namn<\/th><th>Po\u00e4ng<\/th><\/tr><\/thead><tbody><tr><td>2013-2016<\/td><td>Fredrik Lundstedt<\/td><td>128<\/td><\/tr><tr><td>2009-2012<\/td><td>Henrik Forsberg<\/td><td>109<\/td><\/tr><tr><td>2006-2008<\/td><td>Kai Nurmi<\/td><td>104<\/td><\/tr><tr><td>2003-2005<\/td><td>Kjell S\u00e4vstr\u00f6m<\/td><td>113<\/td><\/tr><tr><td>2000-2002<\/td><td>Jesper Bouilliant<\/td><td>102<\/td><\/tr><tr><td>1997-1999<\/td><td>Stefan Rossi<\/td><td>104<\/td><\/tr><tr><td>1993-1996<\/td><td>Mats Eriksson<\/td><td>124<\/td><\/tr><tr><td>1989-1992<\/td><td>Kjell S\u00e4vstr\u00f6m<\/td><td>124<\/td><\/tr><tr><td>1986-1988<\/td><td>G\u00f6ran G\u00f6ransson<\/td><td>109<\/td><\/tr><tr><td>1983-1985<\/td><td>Gunnar Lindqvist<\/td><td>104<\/td><\/tr><tr><td>1980-1982<\/td><td>John Cockin<\/td><td>100<\/td><\/tr><tr><td>1977-1979<\/td><td>Bengt Lorichs<\/td><td>100<\/td><\/tr><tr><td>1973-1976<\/td><td>Gillis Palmi<\/td><td>134<\/td><\/tr><\/tbody><\/table><\/figure>\n","protected":false},"excerpt":{"rendered":"<p>AIK-Golfen T\u00e4vlingen \u00e4r \u00f6ppen f\u00f6r alla medlemmar i AIK Golfklubb och spelas traditionsenligt tillsammans med minnest\u00e4vlingen Helmer Rydholms Minne. F\u00f6rutom h\u00e4rlig golf v\u00e4ntar fina priser, trevlig samvaro och m\u00f6jligheten att [&hellip;]<\/p>\n","protected":false},"author":81,"featured_media":0,"parent":0,"menu_order":0,"comment_status":"closed","ping_status":"closed","template":"","meta":{"_kad_blocks_custom_css":"","_kad_blocks_head_custom_js":"","_kad_blocks_body_custom_js":"","_kad_blocks_footer_custom_js":"","_EventAllDay":false,"_EventTimezone":"","_EventStartDate":"","_EventEndDate":"","_EventStartDateUTC":"","_EventEndDateUTC":"","_EventShowMap":false,"_EventShowMapLink":false,"_EventURL":"","_EventCost":"","_EventCostDescription":"","_EventCurrencySymbol":"","_EventCurrencyCode":"","_EventCurrencyPosition":"","_EventDateTimeSeparator":"","_EventTimeRangeSeparator":"","_EventOrganizerID":[],"_EventVenueID":[],"_OrganizerEmail":"","_OrganizerPhone":"","_OrganizerWebsite":"","_VenueAddress":"","_VenueCity":"","_VenueCountry":"","_VenueProvince":"","_VenueState":"","_VenueZip":"","_VenuePhone":"","_VenueURL":"","_VenueStateProvince":"","_VenueLat":"","_VenueLng":"","_VenueShowMap":false,"_VenueShowMapLink":false,"_vp_format_video_url":"","_vp_image_focal_point":[],"_vp_custom_popup_image":0,"_vp_format_audio_url":"","_vp_album_images":[],"_vp_custom_thumbnail":0,"_vp_custom_thumbnail_focal_point":[],"_vp_custom_thumbnail_cover":0,"_vp_hover_thumbnail":0,"_vp_hover_thumbnail_focal_point":[],"footnotes":""},"class_list":["post-995","page","type-page","status-publish","hentry"],"blocksy_meta":[],"taxonomy_info":[],"featured_image_src_large":false,"author_info":{"display_name":"natalie","author_link":"https:\/\/aik.se\/golf\/author\/natalie\/"},"comment_info":0,"_links":{"self":[{"href":"https:\/\/aik.se\/golf\/wp-json\/wp\/v2\/pages\/995","targetHints":{"allow":["GET"]}}],"collection":[{"href":"https:\/\/aik.se\/golf\/wp-json\/wp\/v2\/pages"}],"about":[{"href":"https:\/\/aik.se\/golf\/wp-json\/wp\/v2\/types\/page"}],"author":[{"embeddable":true,"href":"https:\/\/aik.se\/golf\/wp-json\/wp\/v2\/users\/81"}],"replies":[{"embeddable":true,"href":"https:\/\/aik.se\/golf\/wp-json\/wp\/v2\/comments?post=995"}],"version-history":[{"count":17,"href":"https:\/\/aik.se\/golf\/wp-json\/wp\/v2\/pages\/995\/revisions"}],"predecessor-version":[{"id":2422,"href":"https:\/\/aik.se\/golf\/wp-json\/wp\/v2\/pages\/995\/revisions\/2422"}],"wp:attachment":[{"href":"https:\/\/aik.se\/golf\/wp-json\/wp\/v2\/media?parent=995"}],"curies":[{"name":"wp","href":"https:\/\/api.w.org\/{rel}","templated":true}]}}