{"id":861,"date":"2023-09-28T14:14:59","date_gmt":"2023-09-28T12:14:59","guid":{"rendered":"https:\/\/aik.se\/kamratklubben\/?page_id=861"},"modified":"2023-09-28T14:26:11","modified_gmt":"2023-09-28T12:26:11","slug":"medlemmar","status":"publish","type":"page","link":"https:\/\/aik.se\/kamratklubben\/medlemmar\/","title":{"rendered":"Medlemmar"},"content":{"rendered":"<style>.wp-block-kadence-advancedheading.kt-adv-heading861_507c32-a6, .wp-block-kadence-advancedheading.kt-adv-heading861_507c32-a6[data-kb-block=\"kb-adv-heading861_507c32-a6\"]{font-style:normal;}.wp-block-kadence-advancedheading.kt-adv-heading861_507c32-a6 mark.kt-highlight, .wp-block-kadence-advancedheading.kt-adv-heading861_507c32-a6[data-kb-block=\"kb-adv-heading861_507c32-a6\"] mark.kt-highlight{font-style:normal;color:#f76a0c;-webkit-box-decoration-break:clone;box-decoration-break:clone;padding-top:0px;padding-right:0px;padding-bottom:0px;padding-left:0px;}.wp-block-kadence-advancedheading.kt-adv-heading861_507c32-a6 img.kb-inline-image, .wp-block-kadence-advancedheading.kt-adv-heading861_507c32-a6[data-kb-block=\"kb-adv-heading861_507c32-a6\"] img.kb-inline-image{width:150px;vertical-align:baseline;}<\/style>\n<h2 class=\"kt-adv-heading861_507c32-a6 wp-block-kadence-advancedheading\" data-kb-block=\"kb-adv-heading861_507c32-a6\">V\u00e5ra medlemmar<\/h2>\n\n\n\n<p>F\u00f6reningens medlemsantal har&nbsp;under 2000-talet pendlat mellan 130-150 medlemmar med en medel\u00e5lder kring 70&nbsp;\u00e5r, och&nbsp;best\u00e5r av s\u00e5v\u00e4l kvinnor som m\u00e4n. Bland dessa finns en rad f\u00f6re detta styrelseledam\u00f6ter,&nbsp;\u00f6vriga f\u00f6rtroendevalda, ledare, funktion\u00e4rer och anst\u00e4llda i AIK.<\/p>\n\n\n\n<p><strong>Bli medlem du ocks\u00e5!<\/strong><\/p>\n\n\n\n<p>F\u00f6r att bli medlem kr\u00e4vs att:<br>\u2013 du \u00e4r minst i 30-\u00e5rs \u00e5ldern<br>\u2013 du varit medlem i AIK i minst&nbsp;10 \u00e5r<br>\u2013 styrelsen d\u00e4refter enh\u00e4lligt godk\u00e4nner din medlemsans\u00f6kan<br>\u2013 du inbetalar medlemsavgift&nbsp;och eventuell intr\u00e4desavgift.<\/p>\n\n\n\n<p>Medlemsavgiften \u00e4r f\u00f6r n\u00e4rvarande 200 kr per \u00e5r.<br><br>H\u00e4mta medlemsans\u00f6kan <a href=\"https:\/\/aik.se\/wp-content\/uploads\/2021\/02\/Gamla-Medlemsansokan2016.pdf\" target=\"_blank\" rel=\"noreferrer noopener\">via&nbsp;denna l\u00e4nk<\/a>, eller genom&nbsp;att kontakta Kamratklubben Gamla AIK:ares sekreterare Jan Hallberg, 070-467 23 63, och ins\u00e4nda&nbsp;ifylld blankett till:<br>Jan Hallberg, Tillf\u00e4llegatan&nbsp;7, lgh 1101, 761 30 Norrt\u00e4lje<\/p>\n","protected":false},"excerpt":{"rendered":"<p>V\u00e5ra medlemmar F\u00f6reningens medlemsantal har&nbsp;under 2000-talet pendlat mellan 130-150 medlemmar med en medel\u00e5lder kring 70&nbsp;\u00e5r, och&nbsp;best\u00e5r av s\u00e5v\u00e4l kvinnor som m\u00e4n. Bland dessa finns en rad f\u00f6re detta styrelseledam\u00f6ter,&nbsp;\u00f6vriga f\u00f6rtroendevalda, [&hellip;]<\/p>\n","protected":false},"author":24,"featured_media":0,"parent":0,"menu_order":0,"comment_status":"closed","ping_status":"closed","template":"","meta":{"_kad_blocks_custom_css":"","_kad_blocks_head_custom_js":"","_kad_blocks_body_custom_js":"","_kad_blocks_footer_custom_js":"","_EventAllDay":false,"_EventTimezone":"","_EventStartDate":"","_EventEndDate":"","_EventStartDateUTC":"","_EventEndDateUTC":"","_EventShowMap":false,"_EventShowMapLink":false,"_EventURL":"","_EventCost":"","_EventCostDescription":"","_EventCurrencySymbol":"","_EventCurrencyCode":"","_EventCurrencyPosition":"","_EventDateTimeSeparator":"","_EventTimeRangeSeparator":"","_EventOrganizerID":[],"_EventVenueID":[],"_OrganizerEmail":"","_OrganizerPhone":"","_OrganizerWebsite":"","_VenueAddress":"","_VenueCity":"","_VenueCountry":"","_VenueProvince":"","_VenueState":"","_VenueZip":"","_VenuePhone":"","_VenueURL":"","_VenueStateProvince":"","_VenueLat":"","_VenueLng":"","_VenueShowMap":false,"_VenueShowMapLink":false,"_vp_format_video_url":"","_vp_image_focal_point":[],"_vp_custom_popup_image":0,"_vp_format_audio_url":"","_vp_album_images":[],"_vp_custom_thumbnail":0,"_vp_custom_thumbnail_focal_point":[],"_vp_custom_thumbnail_cover":0,"_vp_hover_thumbnail":0,"_vp_hover_thumbnail_focal_point":[],"footnotes":""},"class_list":["post-861","page","type-page","status-publish","hentry"],"blocksy_meta":[],"taxonomy_info":[],"featured_image_src_large":false,"author_info":{"display_name":"Realisatorerna","author_link":"https:\/\/aik.se\/kamratklubben\/author\/realisatorerna\/"},"comment_info":0,"_links":{"self":[{"href":"https:\/\/aik.se\/kamratklubben\/wp-json\/wp\/v2\/pages\/861","targetHints":{"allow":["GET"]}}],"collection":[{"href":"https:\/\/aik.se\/kamratklubben\/wp-json\/wp\/v2\/pages"}],"about":[{"href":"https:\/\/aik.se\/kamratklubben\/wp-json\/wp\/v2\/types\/page"}],"author":[{"embeddable":true,"href":"https:\/\/aik.se\/kamratklubben\/wp-json\/wp\/v2\/users\/24"}],"replies":[{"embeddable":true,"href":"https:\/\/aik.se\/kamratklubben\/wp-json\/wp\/v2\/comments?post=861"}],"version-history":[{"count":3,"href":"https:\/\/aik.se\/kamratklubben\/wp-json\/wp\/v2\/pages\/861\/revisions"}],"predecessor-version":[{"id":888,"href":"https:\/\/aik.se\/kamratklubben\/wp-json\/wp\/v2\/pages\/861\/revisions\/888"}],"wp:attachment":[{"href":"https:\/\/aik.se\/kamratklubben\/wp-json\/wp\/v2\/media?parent=861"}],"curies":[{"name":"wp","href":"https:\/\/api.w.org\/{rel}","templated":true}]}}