{"id":870,"date":"2023-09-28T14:16:34","date_gmt":"2023-09-28T12:16:34","guid":{"rendered":"https:\/\/aik.se\/kamratklubben\/?page_id=870"},"modified":"2025-11-04T18:39:31","modified_gmt":"2025-11-04T17:39:31","slug":"styrelsen","status":"publish","type":"page","link":"https:\/\/aik.se\/kamratklubben\/styrelsen\/","title":{"rendered":"Styrelsen"},"content":{"rendered":"\n<h2 class=\"wp-block-heading\">Styrelse<\/h2>\n\n\n\n<p><strong>Ordf\u00f6rande:<\/strong><br>Sune Hellstr\u00f6mer<\/p>\n\n\n\n<p><strong>Vice ordf\u00f6rande:<\/strong><br>Christer Bruzelius<\/p>\n\n\n\n<p><strong>Sekreterare:<\/strong><br>Jan Hallberg<\/p>\n\n\n\n<p><strong>Skattm\u00e4stare:<\/strong><br>Peter Hansson<\/p>\n\n\n\n<p><strong>Klubbm\u00e4stare:<\/strong><br>Christer Bruzelius<\/p>\n\n\n\n<p><strong>Vice klubbm\u00e4stare:<\/strong><br>Mona Lyfors<\/p>\n\n\n\n<p><strong>\u00d6vrig ledamot:<\/strong><br>Christer Barck<br>Rosemarie Ringnell<\/p>\n\n\n\n<p><strong>Suppleanter:<\/strong><br>Kenneth Wester<br>Lars-Erik Salminen<\/p>\n\n\n\n<p><strong>Revisorer:<\/strong><br>Fredrik Lundstedt<br>Bertil Wennstr\u00f6m<\/p>\n\n\n\n<p><strong>Revisorssuppleant:<\/strong><br>Svante Holmstr\u00f6m<\/p>\n\n\n\n<p><strong>Valberedning:<\/strong><br>Kjell Sahlstr\u00f6m, sammankallande<br>Jarl Fransson<br>Lennart krook<\/p>\n\n\n\n<p><br><\/p>\n\n\n\n<p><\/p>\n","protected":false},"excerpt":{"rendered":"<p>Styrelse Ordf\u00f6rande:Sune Hellstr\u00f6mer Vice ordf\u00f6rande:Christer Bruzelius Sekreterare:Jan Hallberg Skattm\u00e4stare:Peter Hansson Klubbm\u00e4stare:Christer Bruzelius Vice klubbm\u00e4stare:Mona Lyfors \u00d6vrig ledamot:Christer BarckRosemarie Ringnell Suppleanter:Kenneth WesterLars-Erik Salminen Revisorer:Fredrik LundstedtBertil Wennstr\u00f6m Revisorssuppleant:Svante Holmstr\u00f6m Valberedning:Kjell Sahlstr\u00f6m, sammankallandeJarl [&hellip;]<\/p>\n","protected":false},"author":24,"featured_media":0,"parent":0,"menu_order":0,"comment_status":"closed","ping_status":"closed","template":"","meta":{"_kad_blocks_custom_css":"","_kad_blocks_head_custom_js":"","_kad_blocks_body_custom_js":"","_kad_blocks_footer_custom_js":"","_EventAllDay":false,"_EventTimezone":"","_EventStartDate":"","_EventEndDate":"","_EventStartDateUTC":"","_EventEndDateUTC":"","_EventShowMap":false,"_EventShowMapLink":false,"_EventURL":"","_EventCost":"","_EventCostDescription":"","_EventCurrencySymbol":"","_EventCurrencyCode":"","_EventCurrencyPosition":"","_EventDateTimeSeparator":"","_EventTimeRangeSeparator":"","_EventOrganizerID":[],"_EventVenueID":[],"_OrganizerEmail":"","_OrganizerPhone":"","_OrganizerWebsite":"","_VenueAddress":"","_VenueCity":"","_VenueCountry":"","_VenueProvince":"","_VenueState":"","_VenueZip":"","_VenuePhone":"","_VenueURL":"","_VenueStateProvince":"","_VenueLat":"","_VenueLng":"","_VenueShowMap":false,"_VenueShowMapLink":false,"_vp_format_video_url":"","_vp_image_focal_point":[],"_vp_custom_popup_image":0,"_vp_format_audio_url":"","_vp_album_images":[],"_vp_custom_thumbnail":0,"_vp_custom_thumbnail_focal_point":[],"_vp_custom_thumbnail_cover":0,"_vp_hover_thumbnail":0,"_vp_hover_thumbnail_focal_point":[],"footnotes":""},"class_list":["post-870","page","type-page","status-publish","hentry"],"blocksy_meta":[],"taxonomy_info":[],"featured_image_src_large":false,"author_info":{"display_name":"Realisatorerna","author_link":"https:\/\/aik.se\/kamratklubben\/author\/realisatorerna\/"},"comment_info":0,"_links":{"self":[{"href":"https:\/\/aik.se\/kamratklubben\/wp-json\/wp\/v2\/pages\/870","targetHints":{"allow":["GET"]}}],"collection":[{"href":"https:\/\/aik.se\/kamratklubben\/wp-json\/wp\/v2\/pages"}],"about":[{"href":"https:\/\/aik.se\/kamratklubben\/wp-json\/wp\/v2\/types\/page"}],"author":[{"embeddable":true,"href":"https:\/\/aik.se\/kamratklubben\/wp-json\/wp\/v2\/users\/24"}],"replies":[{"embeddable":true,"href":"https:\/\/aik.se\/kamratklubben\/wp-json\/wp\/v2\/comments?post=870"}],"version-history":[{"count":5,"href":"https:\/\/aik.se\/kamratklubben\/wp-json\/wp\/v2\/pages\/870\/revisions"}],"predecessor-version":[{"id":1230,"href":"https:\/\/aik.se\/kamratklubben\/wp-json\/wp\/v2\/pages\/870\/revisions\/1230"}],"wp:attachment":[{"href":"https:\/\/aik.se\/kamratklubben\/wp-json\/wp\/v2\/media?parent=870"}],"curies":[{"name":"wp","href":"https:\/\/api.w.org\/{rel}","templated":true}]}}