{"id":12,"date":"2022-09-15T07:58:36","date_gmt":"2022-09-15T05:58:36","guid":{"rendered":"https:\/\/aik.se\/boule\/?page_id=12"},"modified":"2025-07-29T10:11:32","modified_gmt":"2025-07-29T08:11:32","slug":"hem","status":"publish","type":"page","link":"https:\/\/aik.se\/petanque\/","title":{"rendered":"Hem"},"content":{"rendered":"<style>.kb-row-layout-id12_969f7a-1c > .kt-row-column-wrap{align-content:start;}:where(.kb-row-layout-id12_969f7a-1c > .kt-row-column-wrap) > .wp-block-kadence-column{justify-content:start;}.kb-row-layout-id12_969f7a-1c > .kt-row-column-wrap{column-gap:var(--global-kb-gap-lg, 4rem);row-gap:var(--global-kb-gap-md, 2rem);padding-top:var(--global-kb-spacing-sm, 1.5rem);padding-bottom:var(--global-kb-spacing-sm, 1.5rem);grid-template-columns:minmax(0, 2fr) minmax(0, 1fr);}.kb-row-layout-id12_969f7a-1c > .kt-row-layout-overlay{opacity:0.30;}@media all and (max-width: 1024px){.kb-row-layout-id12_969f7a-1c > .kt-row-column-wrap{grid-template-columns:minmax(0, 2fr) minmax(0, 1fr);}}@media all and (max-width: 767px){.kb-row-layout-id12_969f7a-1c > .kt-row-column-wrap{grid-template-columns:minmax(0, 1fr);}}<\/style><div class=\"kb-row-layout-wrap kb-row-layout-id12_969f7a-1c alignnone wp-block-kadence-rowlayout\"><div class=\"kt-row-column-wrap kt-has-2-columns kt-row-layout-left-golden kt-tab-layout-inherit kt-mobile-layout-row kt-row-valign-top kt-inner-column-height-full\">\n<style>.kadence-column12_d96cf3-81 > .kt-inside-inner-col{padding-top:var(--global-kb-spacing-sm, 1.5rem);padding-right:var(--global-kb-spacing-sm, 1.5rem);padding-bottom:var(--global-kb-spacing-sm, 1.5rem);padding-left:var(--global-kb-spacing-sm, 1.5rem);}.kadence-column12_d96cf3-81 > .kt-inside-inner-col,.kadence-column12_d96cf3-81 > .kt-inside-inner-col:before{border-top-left-radius:0px;border-top-right-radius:0px;border-bottom-right-radius:0px;border-bottom-left-radius:0px;}.kadence-column12_d96cf3-81 > .kt-inside-inner-col{column-gap:var(--global-kb-gap-sm, 1rem);}.kadence-column12_d96cf3-81 > .kt-inside-inner-col{flex-direction:column;}.kadence-column12_d96cf3-81 > .kt-inside-inner-col > .aligncenter{width:100%;}.kadence-column12_d96cf3-81 > .kt-inside-inner-col:before{opacity:0.3;}.kadence-column12_d96cf3-81{position:relative;}@media all and (max-width: 1024px){.kadence-column12_d96cf3-81 > .kt-inside-inner-col{flex-direction:column;justify-content:center;}}@media all and (max-width: 767px){.kadence-column12_d96cf3-81 > .kt-inside-inner-col{flex-direction:column;justify-content:center;}}<\/style>\n<div class=\"wp-block-kadence-column kadence-column12_d96cf3-81\"><div class=\"kt-inside-inner-col\"><style>.wp-block-kadence-advancedheading.kt-adv-heading12_4b1d0b-a0, .wp-block-kadence-advancedheading.kt-adv-heading12_4b1d0b-a0[data-kb-block=\"kb-adv-heading12_4b1d0b-a0\"]{font-style:normal;}.wp-block-kadence-advancedheading.kt-adv-heading12_4b1d0b-a0 mark.kt-highlight, .wp-block-kadence-advancedheading.kt-adv-heading12_4b1d0b-a0[data-kb-block=\"kb-adv-heading12_4b1d0b-a0\"] mark.kt-highlight{font-style:normal;color:#f76a0c;-webkit-box-decoration-break:clone;box-decoration-break:clone;padding-top:0px;padding-right:0px;padding-bottom:0px;padding-left:0px;}.wp-block-kadence-advancedheading.kt-adv-heading12_4b1d0b-a0 img.kb-inline-image, .wp-block-kadence-advancedheading.kt-adv-heading12_4b1d0b-a0[data-kb-block=\"kb-adv-heading12_4b1d0b-a0\"] img.kb-inline-image{width:150px;vertical-align:baseline;}<\/style>\n<h2 class=\"kt-adv-heading12_4b1d0b-a0 wp-block-kadence-advancedheading\" data-kb-block=\"kb-adv-heading12_4b1d0b-a0\">V\u00e4lkommen till AIK P\u00e9tanque<\/h2>\n\n\n\n<p>AIK P\u00e9tanque: En passion f\u00f6r p\u00e9tanque och gemenskap med svartgult hj\u00e4rta<\/p>\n\n\n\n<p>Uppt\u00e4ck AIK P\u00e9tanque, f\u00f6reningen d\u00e4r k\u00e4rleken till p\u00e9tanque f\u00f6renar m\u00e4nniskor med svartgula hj\u00e4rtan! P\u00e9tanque, det klassiska boulespelet med r\u00f6tter i Frankrike, \u00e4r mer \u00e4n bara en sport \u2013 det \u00e4r en passion, en gemenskap och en m\u00f6jlighet att utmana sig sj\u00e4lv och andra.<\/p>\n\n\n\n<p>Oavsett om du \u00e4r en erfaren spelare eller nyb\u00f6rjare, ung eller gammal, kvinna eller man, med eller utan funktionshinder, \u00e4r du v\u00e4lkommen till AIK P\u00e9tanque. Vi \u00e4r en f\u00f6rening som bygger p\u00e5 gemenskap, gl\u00e4dje och Fair Play, d\u00e4r alla f\u00e5r m\u00f6jlighet att utvecklas och trivas.<\/p>\n\n\n\n<p>V\u00e5r m\u00e5ls\u00e4ttning \u00e4r enkel: att vara den sj\u00e4lvklara m\u00f6tesplatsen f\u00f6r alla som delar passionen f\u00f6r p\u00e9tanque och AIK. Vi str\u00e4var efter att skapa en inkluderande och v\u00e4lkomnande milj\u00f6 d\u00e4r alla k\u00e4nner sig hemma och kan bidra till den positiva st\u00e4mningen.<\/p>\n\n\n\n<p>Men AIK P\u00e9tanque \u00e4r mer \u00e4n bara sport. Vi \u00e4r en del av den stora AIK-familjen och v\u00e4rnar om de traditioner och v\u00e4rderingar som pr\u00e4glar v\u00e5r f\u00f6rening. Vi tror p\u00e5 att idrott och gemenskap g\u00e5r hand i hand och att vi tillsammans kan skapa n\u00e5got unikt och meningsfullt.<\/p>\n\n\n\n<p>Tveka inte att kontakta oss om du vill t\u00e4vla med oss eller bara prova p\u00e5. mejla oss p\u00e5 <a href=\"mailto:info@aikpetanque.se\">info@aikpetanque.se<\/a><\/p>\n\n\n\n<div class=\"wp-block-group is-layout-constrained wp-block-group-is-layout-constrained\">\n<div class=\"wp-block-buttons is-layout-flex wp-block-buttons-is-layout-flex\">\n<div class=\"wp-block-button\"><a class=\"wp-block-button__link wp-element-button\" href=\"\/\/aik.se\/petanque\/klubben\/bli-medlem\/\">Bli medlem<\/a><\/div>\n\n\n\n<div class=\"wp-block-button\"><a class=\"wp-block-button__link wp-element-button\" href=\"https:\/\/aik.se\/petanque\/traning\/\">Prova p\u00e5<\/a><\/div>\n<\/div>\n<\/div>\n<\/div><\/div>\n\n\n<style>.kadence-column12_abc188-8a > .kt-inside-inner-col,.kadence-column12_abc188-8a > .kt-inside-inner-col:before{border-top-left-radius:0px;border-top-right-radius:0px;border-bottom-right-radius:0px;border-bottom-left-radius:0px;}.kadence-column12_abc188-8a > .kt-inside-inner-col{column-gap:var(--global-kb-gap-sm, 1rem);}.kadence-column12_abc188-8a > .kt-inside-inner-col{flex-direction:column;}.kadence-column12_abc188-8a > .kt-inside-inner-col > .aligncenter{width:100%;}.kadence-column12_abc188-8a > .kt-inside-inner-col:before{opacity:0.3;}.kadence-column12_abc188-8a{position:relative;}@media all and (max-width: 1024px){.kadence-column12_abc188-8a > .kt-inside-inner-col{flex-direction:column;justify-content:center;}}@media all and (max-width: 767px){.kadence-column12_abc188-8a > .kt-inside-inner-col{flex-direction:column;justify-content:center;}}<\/style>\n<div class=\"wp-block-kadence-column kadence-column12_abc188-8a\"><div class=\"kt-inside-inner-col\">\n<div class=\"wp-block-columns is-layout-flex wp-container-core-columns-is-layout-28f84493 wp-block-columns-is-layout-flex\">\n<div class=\"wp-block-column is-layout-flow wp-block-column-is-layout-flow\" style=\"flex-basis:100%\"><ul class=\"wp-block-latest-posts__list has-dates wp-block-latest-posts\"><li><a class=\"wp-block-latest-posts__post-title\" href=\"https:\/\/aik.se\/petanque\/1512-2\/\">Vinst i UPS V\u00e5r-Cup 2026 dubbel \u00d6ppen<\/a><time datetime=\"2026-04-13T09:50:24+02:00\" class=\"wp-block-latest-posts__post-date\">13 april 2026<\/time><div class=\"wp-block-latest-posts__post-excerpt\">AIK spelare var ute och t\u00e4vla i helgen.. I helgen s\u00e5 var den \u00e5rliga t\u00e4vlingen UPS V\u00e5r &#8211; Cup dubbel. AIK st\u00e4llde upp med 4 mix lag fr\u00e5n andra f\u00f6reningar och 1 rent AIK lag.\u2026 <a class=\"wp-block-latest-posts__read-more\" href=\"https:\/\/aik.se\/petanque\/1512-2\/\" rel=\"noopener noreferrer\">L\u00e4s mer<span class=\"screen-reader-text\">: Vinst i UPS V\u00e5r-Cup 2026 dubbel \u00d6ppen<\/span><\/a><\/div><\/li>\n<li><div class=\"wp-block-latest-posts__featured-image\"><img loading=\"lazy\" decoding=\"async\" width=\"150\" height=\"150\" src=\"https:\/\/aik.se\/petanque\/wp-content\/uploads\/sites\/7\/2023\/05\/insta_post_6-150x150.png\" class=\"attachment-thumbnail size-thumbnail wp-post-image\" alt=\"\" style=\"\" \/><\/div><a class=\"wp-block-latest-posts__post-title\" href=\"https:\/\/aik.se\/petanque\/kval-till-skytte-sm-2026-goteborg-umea\/\">Kval till skytte SM 2026 G\u00f6teborg \/ Ume\u00e5<\/a><time datetime=\"2026-03-31T13:49:40+02:00\" class=\"wp-block-latest-posts__post-date\">31 mars 2026<\/time><div class=\"wp-block-latest-posts__post-excerpt\">Klasserna \u00e4r f\u00f6ljande: Dam, \u00d6ppen, V55 och junior. Dam och \u00d6ppen skjuter vidare i Ume\u00e5 under SM veckan. En skytt fr\u00e5n Junior och V55 g\u00e5r vidare vidare till skyttet i G\u00f6teborg under Boule SM. AIK\u2026 <a class=\"wp-block-latest-posts__read-more\" href=\"https:\/\/aik.se\/petanque\/kval-till-skytte-sm-2026-goteborg-umea\/\" rel=\"noopener noreferrer\">L\u00e4s mer<span class=\"screen-reader-text\">: Kval till skytte SM 2026 G\u00f6teborg \/ Ume\u00e5<\/span><\/a><\/div><\/li>\n<li><a class=\"wp-block-latest-posts__post-title\" href=\"https:\/\/aik.se\/petanque\/mars-cupen-dam-uppsala\/\">Mars Cupen  Dam Uppsala<\/a><time datetime=\"2026-03-07T18:00:00+01:00\" class=\"wp-block-latest-posts__post-date\">7 mars 2026<\/time><div class=\"wp-block-latest-posts__post-excerpt\">AIK dam spelare var med under mars cupen Joy Str\u00f6m och Carola Grandin. Carola spelede med en spelare som hon inte har spelat med tidigare Frida Melvi Ups (Uppsala). Det visade sig visade vara en\u2026 <a class=\"wp-block-latest-posts__read-more\" href=\"https:\/\/aik.se\/petanque\/mars-cupen-dam-uppsala\/\" rel=\"noopener noreferrer\">L\u00e4s mer<span class=\"screen-reader-text\">: Mars Cupen  Dam Uppsala<\/span><\/a><\/div><\/li>\n<\/ul><\/div>\n<\/div>\n<\/div><\/div>\n\n<\/div><\/div>","protected":false},"excerpt":{"rendered":"<p>V\u00e4lkommen till AIK P\u00e9tanque AIK P\u00e9tanque: En passion f\u00f6r p\u00e9tanque och gemenskap med svartgult hj\u00e4rta Uppt\u00e4ck AIK P\u00e9tanque, f\u00f6reningen d\u00e4r k\u00e4rleken till p\u00e9tanque f\u00f6renar m\u00e4nniskor med svartgula hj\u00e4rtan! P\u00e9tanque, det [&hellip;]<\/p>\n","protected":false},"author":73,"featured_media":926,"parent":0,"menu_order":0,"comment_status":"closed","ping_status":"closed","template":"","meta":{"_kad_blocks_custom_css":"","_kad_blocks_head_custom_js":"","_kad_blocks_body_custom_js":"","_kad_blocks_footer_custom_js":"","_EventAllDay":false,"_EventTimezone":"","_EventStartDate":"","_EventEndDate":"","_EventStartDateUTC":"","_EventEndDateUTC":"","_EventShowMap":false,"_EventShowMapLink":false,"_EventURL":"","_EventCost":"","_EventCostDescription":"","_EventCurrencySymbol":"","_EventCurrencyCode":"","_EventCurrencyPosition":"","_EventDateTimeSeparator":"","_EventTimeRangeSeparator":"","_EventOrganizerID":[],"_EventVenueID":[],"_OrganizerEmail":"","_OrganizerPhone":"","_OrganizerWebsite":"","_VenueAddress":"","_VenueCity":"","_VenueCountry":"","_VenueProvince":"","_VenueState":"","_VenueZip":"","_VenuePhone":"","_VenueURL":"","_VenueStateProvince":"","_VenueLat":"","_VenueLng":"","_VenueShowMap":false,"_VenueShowMapLink":false,"_vp_format_video_url":"","_vp_image_focal_point":[],"_vp_custom_popup_image":0,"_vp_format_audio_url":"","_vp_album_images":[],"_vp_custom_thumbnail":0,"_vp_custom_thumbnail_focal_point":[],"_vp_custom_thumbnail_cover":0,"_vp_hover_thumbnail":0,"_vp_hover_thumbnail_focal_point":[],"footnotes":""},"class_list":["post-12","page","type-page","status-publish","has-post-thumbnail","hentry"],"blocksy_meta":{"page_title_panel":"","has_hero_section":"enabled","3bda3edad846cdb92d0f4058527338ee":"","hero_section":"type-2","hero_elements":[{"id":"custom_title","enabled":false,"heading_tag":"h1","title":"Home","__id":"M890f1_bjt7BiDiEAcx0i"},{"id":"custom_description","enabled":false,"description_visibility":{"desktop":true,"tablet":true,"mobile":false},"__id":"97WvRiB9ThQc5PRMBBCv_"},{"id":"custom_meta","enabled":false,"meta_elements":[{"id":"author","enabled":true,"label":"By","has_author_avatar":"yes","avatar_size":25},{"id":"post_date","enabled":true,"label":"On","date_format_source":"default","date_format":"M j, Y"},{"id":"updated_date","enabled":false,"label":"On","date_format_source":"default","date_format":"M j, Y"},{"id":"categories","enabled":false,"label":"In","style":"simple"},{"id":"comments","enabled":true}],"page_meta_elements":{"joined":true,"articles_count":true,"comments":true},"__id":"1FtCJTxhRqmVFmxfe7Lyz"},{"id":"breadcrumbs","enabled":false,"__id":"aaQ8zmd7YtD-Gr9SPyloA"}],"7410c3cc3d6abb96a65cf0c1a8408853":"","hero_alignment1":"CT_CSS_SKIP_RULE","hero_margin":40,"hero_alignment2":"center","hero_vertical_alignment":"center","6855f3009bae032714d341f27bd182c2":"","hero_structure":"narrow","09567eaa1626d3fe7ab8d611afdf9a98":"","page_title_bg_type":"featured_image","custom_hero_background":{"attachment_id":null},"page_title_image_size":"full","parallax":{"desktop":false,"tablet":false,"mobile":false},"2f8aca356d2ba53282b8236280f90200":"","hero_height":{"desktop":"550px","tablet":"550px","mobile":"550px","__changed":[]},"pageTitleFont":{"family":"Default","variation":"Default","size":"30px","line-height":"CT_CSS_SKIP_RULE","letter-spacing":"CT_CSS_SKIP_RULE","text-transform":"CT_CSS_SKIP_RULE","text-decoration":"CT_CSS_SKIP_RULE"},"pageTitleFontColor":{"default":{"color":"CT_CSS_SKIP_RULEDEFAULT"}},"pageMetaFont":{"family":"Default","variation":"n6","size":"12px","line-height":"1.3","letter-spacing":"CT_CSS_SKIP_RULE","text-transform":"uppercase","text-decoration":"CT_CSS_SKIP_RULE"},"pageMetaFontColor":{"default":{"color":"CT_CSS_SKIP_RULEDEFAULT"},"hover":{"color":"CT_CSS_SKIP_RULEDEFAULT"}},"page_meta_button_type_font_colors":{"default":{"color":"CT_CSS_SKIP_RULEDEFAULT"},"hover":{"color":"CT_CSS_SKIP_RULEDEFAULT"}},"page_meta_button_type_background_colors":{"default":{"color":"CT_CSS_SKIP_RULEDEFAULT"},"hover":{"color":"CT_CSS_SKIP_RULEDEFAULT"}},"pageExcerptFont":{"family":"Default","variation":"Default","size":"CT_CSS_SKIP_RULE","line-height":"CT_CSS_SKIP_RULE","letter-spacing":"CT_CSS_SKIP_RULE","text-transform":"CT_CSS_SKIP_RULE","text-decoration":"CT_CSS_SKIP_RULE"},"pageExcerptColor":{"default":{"color":"CT_CSS_SKIP_RULEDEFAULT"}},"breadcrumbsFont":{"family":"Default","variation":"Default","size":"CT_CSS_SKIP_RULE","line-height":"CT_CSS_SKIP_RULE","letter-spacing":"CT_CSS_SKIP_RULE","text-transform":"CT_CSS_SKIP_RULE","text-decoration":"CT_CSS_SKIP_RULE"},"breadcrumbsFontColor":{"default":{"color":"CT_CSS_SKIP_RULEDEFAULT"},"initial":{"color":"CT_CSS_SKIP_RULEDEFAULT"},"hover":{"color":"CT_CSS_SKIP_RULEDEFAULT"}},"pageTitleOverlay":{"background_type":"color","background_pattern":"type-1","background_image":{"attachment_id":null,"x":0,"y":0},"gradient":"linear-gradient(135deg,rgba(6,147,227,1) 0%,rgb(155,81,224) 100%)","background_repeat":"repeat","background_size":"auto","background_attachment":"scroll","patternColor":{"default":{"color":"#e5e7ea"}},"overlayColor":{"default":{"color":"CT_CSS_SKIP_RULE"}},"backgroundColor":{"default":{"color":"CT_CSS_SKIP_RULE"}}},"pageTitleBackground":{"background_type":"color","background_pattern":"type-1","background_image":{"attachment_id":null,"x":0,"y":0},"gradient":"linear-gradient(135deg,rgba(6,147,227,1) 0%,rgb(155,81,224) 100%)","background_repeat":"repeat","background_size":"auto","background_attachment":"scroll","patternColor":{"default":{"color":"#e5e7ea"}},"overlayColor":{"default":{"color":"CT_CSS_SKIP_RULE"}},"backgroundColor":{"default":{"color":"var(--theme-palette-color-6)"}}},"pageTitlePadding":{"top":"50px","bottom":"50px","left":"auto","right":"auto","linked":true},"eeacbf6329c906adcb652ec7a195447e":"","page_structure_type":"type-4","5d7a2c1177205c92fffb461e27bad21a":"","content_style_source":"inherit","content_style":"wide","vertical_spacing_source":"custom","content_area_spacing":"none","background":{"background_type":{"background_type":"image","background_pattern":"type-1","background_image":{"attachment_id":411,"x":0,"y":0,"url":"https:\/\/aik.se\/boule\/wp-content\/uploads\/sites\/7\/2023\/04\/aik_monster_svart_1-utan-gul-1920x2382.png"},"gradient":"linear-gradient(135deg,rgba(6,147,227,1) 0%,rgb(155,81,224) 100%)","background_repeat":"repeat","background_size":"contain","background_attachment":"fixed","patternColor":{"default":{"color":"#e5e7ea"}},"overlayColor":{"default":{"color":"rgba(255, 255, 255, 0.65)"}},"backgroundColor":{"default":{"color":"#ffffff"}}},"background_pattern":{"background_type":"image","background_pattern":"type-1","background_image":{"attachment_id":411,"x":0,"y":0,"url":"https:\/\/aik.se\/boule\/wp-content\/uploads\/sites\/7\/2023\/04\/aik_monster_svart_1-utan-gul-1920x2382.png"},"gradient":"linear-gradient(135deg,rgba(6,147,227,1) 0%,rgb(155,81,224) 100%)","background_repeat":"repeat","background_size":"contain","background_attachment":"fixed","patternColor":{"default":{"color":"#e5e7ea"}},"overlayColor":{"default":{"color":"rgba(255, 255, 255, 0.65)"}},"backgroundColor":{"default":{"color":"#ffffff"}}},"background_image":{"background_type":"image","background_pattern":"type-1","background_image":{"attachment_id":411,"x":0,"y":0,"url":"https:\/\/aik.se\/boule\/wp-content\/uploads\/sites\/7\/2023\/04\/aik_monster_svart_1-utan-gul-1920x2382.png"},"gradient":"linear-gradient(135deg,rgba(6,147,227,1) 0%,rgb(155,81,224) 100%)","background_repeat":"repeat","background_size":"contain","background_attachment":"fixed","patternColor":{"default":{"color":"#e5e7ea"}},"overlayColor":{"default":{"color":"rgba(255, 255, 255, 0.65)"}},"backgroundColor":{"default":{"color":"#ffffff"}}},"gradient":{"background_type":"image","background_pattern":"type-1","background_image":{"attachment_id":411,"x":0,"y":0,"url":"https:\/\/aik.se\/boule\/wp-content\/uploads\/sites\/7\/2023\/04\/aik_monster_svart_1-utan-gul-1920x2382.png"},"gradient":"linear-gradient(135deg,rgba(6,147,227,1) 0%,rgb(155,81,224) 100%)","background_repeat":"repeat","background_size":"contain","background_attachment":"fixed","patternColor":{"default":{"color":"#e5e7ea"}},"overlayColor":{"default":{"color":"rgba(255, 255, 255, 0.65)"}},"backgroundColor":{"default":{"color":"#ffffff"}}},"background_repeat":{"background_type":"image","background_pattern":"type-1","background_image":{"attachment_id":411,"x":0,"y":0,"url":"https:\/\/aik.se\/boule\/wp-content\/uploads\/sites\/7\/2023\/04\/aik_monster_svart_1-utan-gul-1920x2382.png"},"gradient":"linear-gradient(135deg,rgba(6,147,227,1) 0%,rgb(155,81,224) 100%)","background_repeat":"repeat","background_size":"contain","background_attachment":"fixed","patternColor":{"default":{"color":"#e5e7ea"}},"overlayColor":{"default":{"color":"rgba(255, 255, 255, 0.65)"}},"backgroundColor":{"default":{"color":"#ffffff"}}},"background_size":{"background_type":"image","background_pattern":"type-1","background_image":{"attachment_id":411,"x":0,"y":0,"url":"https:\/\/aik.se\/boule\/wp-content\/uploads\/sites\/7\/2023\/04\/aik_monster_svart_1-utan-gul-1920x2382.png"},"gradient":"linear-gradient(135deg,rgba(6,147,227,1) 0%,rgb(155,81,224) 100%)","background_repeat":"repeat","background_size":"contain","background_attachment":"fixed","patternColor":{"default":{"color":"#e5e7ea"}},"overlayColor":{"default":{"color":"rgba(255, 255, 255, 0.65)"}},"backgroundColor":{"default":{"color":"#ffffff"}}},"background_attachment":{"background_type":"image","background_pattern":"type-1","background_image":{"attachment_id":411,"x":0,"y":0,"url":"https:\/\/aik.se\/boule\/wp-content\/uploads\/sites\/7\/2023\/04\/aik_monster_svart_1-utan-gul-1920x2382.png"},"gradient":"linear-gradient(135deg,rgba(6,147,227,1) 0%,rgb(155,81,224) 100%)","background_repeat":"repeat","background_size":"contain","background_attachment":"fixed","patternColor":{"default":{"color":"#e5e7ea"}},"overlayColor":{"default":{"color":"rgba(255, 255, 255, 0.65)"}},"backgroundColor":{"default":{"color":"#ffffff"}}},"patternColor":{"background_type":"image","background_pattern":"type-1","background_image":{"attachment_id":411,"x":0,"y":0,"url":"https:\/\/aik.se\/boule\/wp-content\/uploads\/sites\/7\/2023\/04\/aik_monster_svart_1-utan-gul-1920x2382.png"},"gradient":"linear-gradient(135deg,rgba(6,147,227,1) 0%,rgb(155,81,224) 100%)","background_repeat":"repeat","background_size":"contain","background_attachment":"fixed","patternColor":{"default":{"color":"#e5e7ea"}},"overlayColor":{"default":{"color":"rgba(255, 255, 255, 0.65)"}},"backgroundColor":{"default":{"color":"#ffffff"}}},"overlayColor":{"background_type":"image","background_pattern":"type-1","background_image":{"attachment_id":411,"x":0,"y":0,"url":"https:\/\/aik.se\/boule\/wp-content\/uploads\/sites\/7\/2023\/04\/aik_monster_svart_1-utan-gul-1920x2382.png"},"gradient":"linear-gradient(135deg,rgba(6,147,227,1) 0%,rgb(155,81,224) 100%)","background_repeat":"repeat","background_size":"contain","background_attachment":"fixed","patternColor":{"default":{"color":"#e5e7ea"}},"overlayColor":{"default":{"color":"rgba(255, 255, 255, 0.65)"}},"backgroundColor":{"default":{"color":"#ffffff"}}},"backgroundColor":{"background_type":"image","background_pattern":"type-1","background_image":{"attachment_id":411,"x":0,"y":0,"url":"https:\/\/aik.se\/boule\/wp-content\/uploads\/sites\/7\/2023\/04\/aik_monster_svart_1-utan-gul-1920x2382.png"},"gradient":"linear-gradient(135deg,rgba(6,147,227,1) 0%,rgb(155,81,224) 100%)","background_repeat":"repeat","background_size":"contain","background_attachment":"fixed","patternColor":{"default":{"color":"#e5e7ea"}},"overlayColor":{"default":{"color":"rgba(255, 255, 255, 0.65)"}},"backgroundColor":{"default":{"color":"#ffffff"}}},"desktop":{"background_type":"image","background_pattern":"type-1","background_image":{"attachment_id":411,"x":0,"y":0,"url":"https:\/\/aik.se\/boule\/wp-content\/uploads\/sites\/7\/2023\/04\/aik_monster_svart_1-utan-gul-1920x2382.png"},"gradient":"linear-gradient(135deg,rgba(6,147,227,1) 0%,rgb(155,81,224) 100%)","background_repeat":"repeat","background_size":"contain","background_attachment":"fixed","patternColor":{"default":{"color":"#e5e7ea"}},"overlayColor":{"default":{"color":"rgba(255, 255, 255, 0.65)"}},"backgroundColor":{"default":{"color":"#ffffff"}}},"tablet":{"background_type":"image","background_pattern":"type-1","background_image":{"attachment_id":411,"x":0,"y":0,"url":"https:\/\/aik.se\/boule\/wp-content\/uploads\/sites\/7\/2023\/04\/aik_monster_svart_1-utan-gul-1920x2382.png"},"gradient":"linear-gradient(135deg,rgba(6,147,227,1) 0%,rgb(155,81,224) 100%)","background_repeat":"repeat","background_size":"contain","background_attachment":"fixed","patternColor":{"default":{"color":"#e5e7ea"}},"overlayColor":{"default":{"color":"rgba(255, 255, 255, 0.65)"}},"backgroundColor":{"default":{"color":"#ffffff"}}},"mobile":{"background_type":"image","background_pattern":"type-1","background_image":{"attachment_id":411,"x":0,"y":0,"url":"https:\/\/aik.se\/boule\/wp-content\/uploads\/sites\/7\/2023\/04\/aik_monster_svart_1-utan-gul-1920x2382.png"},"gradient":"linear-gradient(135deg,rgba(6,147,227,1) 0%,rgb(155,81,224) 100%)","background_repeat":"repeat","background_size":"contain","background_attachment":"fixed","patternColor":{"default":{"color":"#e5e7ea"}},"overlayColor":{"default":{"color":"rgba(255, 255, 255, 0.65)"}},"backgroundColor":{"default":{"color":"#ffffff"}}},"__changed":[]},"content_background":{"background_type":"color","background_pattern":"type-1","background_image":{"attachment_id":null,"x":0,"y":0},"gradient":"linear-gradient(135deg,rgba(6,147,227,1) 0%,rgb(155,81,224) 100%)","background_repeat":"repeat","background_size":"auto","background_attachment":"scroll","patternColor":{"default":{"color":"#e5e7ea"}},"overlayColor":{"default":{"color":"CT_CSS_SKIP_RULE"}},"backgroundColor":{"default":{"color":"var(--theme-palette-color-8)"}}},"content_boxed_shadow":{"inherit":false,"blur":18,"spread":-6,"v_offset":12,"h_offset":0,"inset":false,"enable":true,"color":{"color":"rgba(34, 56, 101, 0.04)"}},"content_boxed_border":{"width":1,"style":"none","color":{"color":"rgba(44,62,80,0.2)"}},"content_boxed_radius":{"top":"3px","bottom":"3px","left":"3px","right":"3px","linked":true},"boxed_content_spacing":{"desktop":{"top":"40px","bottom":"40px","left":"40px","right":"40px","linked":true},"tablet":{"top":"35px","bottom":"35px","left":"35px","right":"35px","linked":true},"mobile":{"top":"20px","bottom":"20px","left":"20px","right":"20px","linked":true}},"e8b5bde9b00d9bb851c1edbdbf48f5f1":"","disable_featured_image":"no","disable_share_box":"no","disable_header":"no","disable_footer":"no","fb01de285f4a224de912a2c6a96260ea":"","ab30b73778d59f6d56077025c791faab":"","0567c8e9b448deeb7b8694d00af91b61":"","1f1162a64aa9ff0d3f08ee217ddd30fe":"","efd0befbd19a9b68ec78571e721875e1":"","02482299818c167dc81ffd3b6b91d4a8":"","96468c2a4600099c0795a79d84d51893":"","9af2644d6f8f09bee0666db13aed9cda":"","ddb10659cf8dfaebfeb537b921354357":"","899cfde46c082e3eee8d631813d9bca7":"","9f569af7cfe42acf6f6aed46a7415fa7":"","64657edf6e813baf4c19e4073c1174d0":"","7350e07b75d536837e08ab509c9c5665":"","7caeee39f71c033775359baec7227d4e":"","47c4c8d75d790fbbcc09de5c9639720b":"","5c3054eb72c36ccdd32eb19a62ba660a":"","a8eb9e3c576a5173ad704feeed3154f9":"","f1a441cb60af7c10022cf686c6a83740":"","8af19cfbd0fe0cab1db07af5357d7a97":"","91ed24f2085b5b9bd55a475f129d8fdc":"","78a9b27e362e550669412ce9ab4d3aa7":"","fb31bc9867b7d2f00f496dcaaa963620":"","2732d7cc4d0fdef785cc925c0ae7fb8d":"","800a43d0ed3738114ffce4f56d3798b6":"","styles_descriptor":{"styles":{"desktop":"[data-prefix=\"single_page\"] .entry-header .page-title {--theme-font-size:30px;} [data-prefix=\"single_page\"] .entry-header .entry-meta {--theme-font-weight:600;--theme-text-transform:uppercase;--theme-font-size:12px;--theme-line-height:1.3;} [data-prefix=\"single_page\"] .hero-section[data-type=\"type-2\"] {--min-height:550px;background-color:var(--theme-palette-color-6);background-image:none;--container-padding:50px 0;} [data-prefix=\"single_page\"] {background-position:0% 0%;background-size:contain;background-attachment:fixed;background-color:#ffffff;background-image:linear-gradient(rgba(255, 255, 255, 0.65), rgba(255, 255, 255, 0.65)), url(https:\/\/aik.se\/boule\/wp-content\/uploads\/sites\/7\/2023\/04\/aik_monster_svart_1-utan-gul.png);}","tablet":"","mobile":""},"google_fonts":[],"version":6}},"taxonomy_info":[],"featured_image_src_large":["https:\/\/aik.se\/petanque\/wp-content\/uploads\/sites\/7\/2024\/01\/16_9_svart_2-1-1024x576.jpg",1024,576,true],"author_info":{"display_name":"remivesvre","author_link":"https:\/\/aik.se\/petanque\/author\/remivesvre\/"},"comment_info":0,"_links":{"self":[{"href":"https:\/\/aik.se\/petanque\/wp-json\/wp\/v2\/pages\/12","targetHints":{"allow":["GET"]}}],"collection":[{"href":"https:\/\/aik.se\/petanque\/wp-json\/wp\/v2\/pages"}],"about":[{"href":"https:\/\/aik.se\/petanque\/wp-json\/wp\/v2\/types\/page"}],"author":[{"embeddable":true,"href":"https:\/\/aik.se\/petanque\/wp-json\/wp\/v2\/users\/73"}],"replies":[{"embeddable":true,"href":"https:\/\/aik.se\/petanque\/wp-json\/wp\/v2\/comments?post=12"}],"version-history":[{"count":42,"href":"https:\/\/aik.se\/petanque\/wp-json\/wp\/v2\/pages\/12\/revisions"}],"predecessor-version":[{"id":1309,"href":"https:\/\/aik.se\/petanque\/wp-json\/wp\/v2\/pages\/12\/revisions\/1309"}],"wp:featuredmedia":[{"embeddable":true,"href":"https:\/\/aik.se\/petanque\/wp-json\/wp\/v2\/media\/926"}],"wp:attachment":[{"href":"https:\/\/aik.se\/petanque\/wp-json\/wp\/v2\/media?parent=12"}],"curies":[{"name":"wp","href":"https:\/\/api.w.org\/{rel}","templated":true}]}}