{"id":254,"date":"2023-04-21T08:19:30","date_gmt":"2023-04-21T06:19:30","guid":{"rendered":"https:\/\/aik.se\/boule\/?page_id=254"},"modified":"2025-08-25T10:22:36","modified_gmt":"2025-08-25T08:22:36","slug":"stockholm-invitational","status":"publish","type":"page","link":"https:\/\/aik.se\/petanque\/stockholm-invitational\/","title":{"rendered":"Stockholm P\u00e9tanque Invitational"},"content":{"rendered":"\n<figure class=\"wp-block-image size-large\"><img loading=\"lazy\" decoding=\"async\" width=\"1024\" height=\"576\" src=\"https:\/\/aik.se\/boule\/wp-content\/uploads\/sites\/7\/2023\/05\/aik_teams_1b-1-1024x576.jpg\" alt=\"\" class=\"wp-image-642\" srcset=\"https:\/\/aik.se\/petanque\/wp-content\/uploads\/sites\/7\/2023\/05\/aik_teams_1b-1-1024x576.jpg 1024w, https:\/\/aik.se\/petanque\/wp-content\/uploads\/sites\/7\/2023\/05\/aik_teams_1b-1-300x169.jpg 300w, https:\/\/aik.se\/petanque\/wp-content\/uploads\/sites\/7\/2023\/05\/aik_teams_1b-1-768x432.jpg 768w, https:\/\/aik.se\/petanque\/wp-content\/uploads\/sites\/7\/2023\/05\/aik_teams_1b-1-1536x864.jpg 1536w, https:\/\/aik.se\/petanque\/wp-content\/uploads\/sites\/7\/2023\/05\/aik_teams_1b-1-500x281.jpg 500w, https:\/\/aik.se\/petanque\/wp-content\/uploads\/sites\/7\/2023\/05\/aik_teams_1b-1-800x450.jpg 800w, https:\/\/aik.se\/petanque\/wp-content\/uploads\/sites\/7\/2023\/05\/aik_teams_1b-1-1280x720.jpg 1280w, https:\/\/aik.se\/petanque\/wp-content\/uploads\/sites\/7\/2023\/05\/aik_teams_1b-1.jpg 1920w\" sizes=\"auto, (max-width: 1024px) 100vw, 1024px\" \/><\/figure>\n\n\n\n<p>Stockholm P\u00e9tanque Invitational (SPI) \u00e4r en p\u00e9tanque t\u00e4vling som anordnas av AIK f\u00f6r Stockholm med omnejd b\u00e4sta klubblag och n\u00e5gra wildcards.<\/p>\n\n\n\n<p><em>Tidigare vinnare i senaste SPI samt arrang\u00f6r har en given plats i turneringen.<\/em><\/p>\n\n\n\n<p><em>Resterande platser f\u00f6rbeh\u00e5ller sig arrang\u00f6ren r\u00e4tten att best\u00e4mma vilka klubbar som bjuds in.<\/em><\/p>\n\n\n\n<ul class=\"wp-block-list\">\n<li>Samling kl 08:45. Spelstart kl 09:00<\/li>\n\n\n\n<li>I gruppspelet b\u00f6rjar alla matcher p\u00e5 2-2 och p\u00e5 tid ca 60 min.<\/li>\n\n\n\n<li>Truppen p\u00e5 plats f\u00e5r best\u00e5 av 6-9 spelare som f\u00e5r rulla runt under dagen. <strong>Varje lag m\u00e5ste ha 2 spelare fr\u00e5n b\u00e5da k\u00f6nen i \u00f6ppen klass <\/strong>d\u00e5 det kommer vara b\u00e5de mix och damdubbel. <strong>D<em>eltagande spelare ska dock vara f\u00f6ranm\u00e4lda innan t\u00e4vlingens start den 26 januari.<\/em><\/strong><\/li>\n\n\n\n<li>B\u00e5de i gruppspel och i slutspel g\u00e4ller regler att lagen f\u00e5r byta 2 spelare totalt i ett m\u00f6te. Dock ej 2 spelare i samma match. Det g\u00e4ller i dubblar och tripplar. I ev singlar f\u00e5r ej byte ske.<\/li>\n\n\n\n<li><em>Enhetlig kl\u00e4dsel<\/em> g\u00e4ller d\u00e5 vi har som m\u00e5ls\u00e4ttning att Webs\u00e4nda matcher p\u00e5 Facebook.<\/li>\n<\/ul>\n\n\n\n<p><strong>Gruppspelet<\/strong><\/p>\n\n\n\n<ul class=\"wp-block-list\">\n<li>Gruppspel om sex lag i varje grupp (alla m\u00f6ter alla)<\/li>\n\n\n\n<li>Placering 1 och 2 till A slutspel.<\/li>\n\n\n\n<li>Placering 3 och 4 till B slutspel.<\/li>\n\n\n\n<li>Placering 5 och 6 \u00e4r utslagna.<\/li>\n\n\n\n<li>Spelform beror p\u00e5 lottning som sker p\u00e5 plats och spelschemat blir sedan f\u00f6rutbest\u00e4md. Kan bli b\u00e5de dubbel, trippel och ev singlar.<\/li>\n\n\n\n<li>Varje lag m\u00e5ste ha 6 spelare. Vissa omg\u00e5ngar spelar 5 st och i vissa omg\u00e5ngar spelar 6 st.<\/li>\n<\/ul>\n\n\n\n<p><strong>Slutspelet<\/strong><\/p>\n\n\n\n<ul class=\"wp-block-list\">\n<li>Slutspelet (semifinaler, ej plats om 3:e pris) spelas fr\u00e5n 0-0 och max tid 1h och 45 minuter.<\/li>\n\n\n\n<li>I Semifinalen kommer det kr\u00e4vas 6 spelare varav tv\u00e5 av vardera k\u00f6n i \u00f6ppen klass men endast 1 dam i V55 klassen.<\/li>\n\n\n\n<li>Finalen \u00e4r EJ tidsbegr\u00e4nsad och kan bli singel, dubbel, trippel eller en kombination av dessa. &nbsp;&nbsp;<\/li>\n<\/ul>\n\n\n\n<p>Lunch<\/p>\n\n\n\n<p>Varm lunch kommer finnas f\u00f6r f\u00f6rs\u00e4ljning.<\/p>\n\n\n\n<p>\u00d6vrig information<\/p>\n\n\n\n<p>Kontaktperson: Krister Lindberg,&nbsp; t\u00e4vlingsledare Stockholm Invitational 2024.<br>Mail: <strong><em>kristerlindberg69@gmail.com<\/em><\/strong><\/p>\n\n\n\n<p><strong><em>Bekr\u00e4fta ert deltagande senast 1 November<\/em><\/strong><em> genom att skriva epost till <\/em>kristerlindberg69@gmail.com samt betala startavgiften till: PG 600635-7 (m\u00e4rk inbetalningen med erat Klubbnamn och SPI)<\/p>\n\n\n\n<p><strong><em>Anm\u00e4lan \u00e4r bindande. Om klubben v\u00e4ljer att hoppa av betalas avgiften tillbaka endast i det fall som vi lyckas hitta klubb som ers\u00e4tter<\/em><\/strong><\/p>\n\n\n\n<p>08:50&nbsp;&nbsp;&nbsp;&nbsp;&nbsp;&nbsp;&nbsp;&nbsp;&nbsp;&nbsp;&nbsp;&nbsp;&nbsp;&nbsp;&nbsp;&nbsp;&nbsp;&nbsp;&nbsp;&nbsp;&nbsp;&nbsp;&nbsp;&nbsp;&nbsp;&nbsp;&nbsp;&nbsp;&nbsp;&nbsp;&nbsp;&nbsp;&nbsp;&nbsp;&nbsp;&nbsp;&nbsp;&nbsp;&nbsp;&nbsp;&nbsp; Samling<\/p>\n\n\n\n<p>09:00 \u2013 11:20&nbsp;&nbsp;&nbsp;&nbsp;&nbsp;&nbsp;&nbsp;&nbsp;&nbsp;&nbsp;&nbsp;&nbsp;&nbsp;&nbsp;&nbsp;&nbsp;&nbsp;&nbsp;&nbsp;&nbsp;&nbsp;&nbsp;&nbsp;&nbsp;&nbsp;&nbsp;&nbsp; Omg\u00e5ng 1 och 2<\/p>\n\n\n\n<p>11:20 \u201312:20 &nbsp;&nbsp;&nbsp;&nbsp;&nbsp;&nbsp;&nbsp;&nbsp;&nbsp;&nbsp;&nbsp;&nbsp;&nbsp;&nbsp;&nbsp;&nbsp;&nbsp;&nbsp;&nbsp;&nbsp;&nbsp;&nbsp;&nbsp;&nbsp;&nbsp;&nbsp;&nbsp; LUNCH f\u00f6r VET<\/p>\n\n\n\n<p>11:40 \u2013 12:40 &nbsp;&nbsp;&nbsp;&nbsp;&nbsp;&nbsp;&nbsp;&nbsp;&nbsp;&nbsp;&nbsp;&nbsp;&nbsp;&nbsp;&nbsp;&nbsp;&nbsp;&nbsp;&nbsp;&nbsp;&nbsp;&nbsp;&nbsp;&nbsp;&nbsp;&nbsp; Omg\u00e5ng 3 f\u00f6r \u00f6ppen<\/p>\n\n\n\n<p>12:40 \u2013 13:40&nbsp;&nbsp;&nbsp;&nbsp;&nbsp;&nbsp;&nbsp;&nbsp;&nbsp;&nbsp;&nbsp;&nbsp;&nbsp;&nbsp;&nbsp;&nbsp;&nbsp;&nbsp;&nbsp;&nbsp;&nbsp;&nbsp;&nbsp;&nbsp;&nbsp;&nbsp;&nbsp; Lunch f\u00f6r \u00d6ppen<\/p>\n\n\n\n<p>12:30 \u2013 13:30&nbsp;&nbsp;&nbsp;&nbsp;&nbsp;&nbsp;&nbsp;&nbsp;&nbsp;&nbsp;&nbsp;&nbsp;&nbsp;&nbsp;&nbsp;&nbsp;&nbsp;&nbsp;&nbsp;&nbsp;&nbsp;&nbsp;&nbsp;&nbsp;&nbsp;&nbsp;&nbsp; Omg\u00e5ng 3 &nbsp;f\u00f6r VET<\/p>\n\n\n\n<p>13:50 \u201316:20&nbsp; &nbsp;&nbsp;&nbsp;&nbsp;&nbsp;&nbsp;&nbsp;&nbsp;&nbsp;&nbsp;&nbsp;&nbsp;&nbsp;&nbsp;&nbsp;&nbsp;&nbsp;&nbsp;&nbsp;&nbsp;&nbsp;&nbsp;&nbsp;&nbsp;&nbsp;&nbsp; Omg\u00e5ng 4 o 5<\/p>\n\n\n\n<p>16:40- 21:00&nbsp;&nbsp;&nbsp; &nbsp;&nbsp;&nbsp;&nbsp;&nbsp;&nbsp;&nbsp;&nbsp;&nbsp;&nbsp;&nbsp;&nbsp;&nbsp;&nbsp;&nbsp;&nbsp;&nbsp;&nbsp;&nbsp;&nbsp;&nbsp;&nbsp;&nbsp;&nbsp;&nbsp; Semi och Final<\/p>\n\n\n\n<p class=\"has-text-align-center\"><\/p>\n\n\n<style>.wp-block-kadence-advancedgallery .kb-gallery-type-masonry.kb-gallery-id-254_5ba750-7d{margin:-5px;}.kb-gallery-type-masonry.kb-gallery-id-254_5ba750-7d .kadence-blocks-gallery-item{padding:5px;}.kb-gallery-id-254_5ba750-7d .kadence-blocks-gallery-item .kb-gal-image-radius, .kb-gallery-id-254_5ba750-7d .kb-slide-item .kb-gal-image-radius img{border-radius:0px 0px 0px 0px;;}<\/style>","protected":false},"excerpt":{"rendered":"<p>Stockholm P\u00e9tanque Invitational (SPI) \u00e4r en p\u00e9tanque t\u00e4vling som anordnas av AIK f\u00f6r Stockholm med omnejd b\u00e4sta klubblag och n\u00e5gra wildcards. Tidigare vinnare i senaste SPI samt arrang\u00f6r har en [&hellip;]<\/p>\n","protected":false},"author":73,"featured_media":0,"parent":0,"menu_order":0,"comment_status":"closed","ping_status":"closed","template":"","meta":{"_kad_blocks_custom_css":"","_kad_blocks_head_custom_js":"","_kad_blocks_body_custom_js":"","_kad_blocks_footer_custom_js":"","_EventAllDay":false,"_EventTimezone":"","_EventStartDate":"","_EventEndDate":"","_EventStartDateUTC":"","_EventEndDateUTC":"","_EventShowMap":false,"_EventShowMapLink":false,"_EventURL":"","_EventCost":"","_EventCostDescription":"","_EventCurrencySymbol":"","_EventCurrencyCode":"","_EventCurrencyPosition":"","_EventDateTimeSeparator":"","_EventTimeRangeSeparator":"","_EventOrganizerID":[],"_EventVenueID":[],"_OrganizerEmail":"","_OrganizerPhone":"","_OrganizerWebsite":"","_VenueAddress":"","_VenueCity":"","_VenueCountry":"","_VenueProvince":"","_VenueState":"","_VenueZip":"","_VenuePhone":"","_VenueURL":"","_VenueStateProvince":"","_VenueLat":"","_VenueLng":"","_VenueShowMap":false,"_VenueShowMapLink":false,"_vp_format_video_url":"","_vp_image_focal_point":[],"_vp_custom_popup_image":0,"_vp_format_audio_url":"","_vp_album_images":[],"_vp_custom_thumbnail":0,"_vp_custom_thumbnail_focal_point":[],"_vp_custom_thumbnail_cover":0,"_vp_hover_thumbnail":0,"_vp_hover_thumbnail_focal_point":[],"footnotes":""},"class_list":["post-254","page","type-page","status-publish","hentry"],"blocksy_meta":{"background":{"background_type":{"background_type":"image","background_pattern":"type-1","background_image":{"attachment_id":411,"x":0,"y":0,"url":"https:\/\/aik.se\/boule\/wp-content\/uploads\/sites\/7\/2023\/04\/aik_monster_svart_1-utan-gul-1920x2382.png"},"gradient":"linear-gradient(135deg,rgba(6,147,227,1) 0%,rgb(155,81,224) 100%)","background_repeat":"repeat","background_size":"contain","background_attachment":"fixed","patternColor":{"default":{"color":"#e5e7ea"}},"overlayColor":{"default":{"color":"rgba(255, 255, 255, 0.65)"}},"backgroundColor":{"default":{"color":"#ffffff"}}},"background_pattern":{"background_type":"image","background_pattern":"type-1","background_image":{"attachment_id":411,"x":0,"y":0,"url":"https:\/\/aik.se\/boule\/wp-content\/uploads\/sites\/7\/2023\/04\/aik_monster_svart_1-utan-gul-1920x2382.png"},"gradient":"linear-gradient(135deg,rgba(6,147,227,1) 0%,rgb(155,81,224) 100%)","background_repeat":"repeat","background_size":"contain","background_attachment":"fixed","patternColor":{"default":{"color":"#e5e7ea"}},"overlayColor":{"default":{"color":"rgba(255, 255, 255, 0.65)"}},"backgroundColor":{"default":{"color":"#ffffff"}}},"background_image":{"background_type":"image","background_pattern":"type-1","background_image":{"attachment_id":411,"x":0,"y":0,"url":"https:\/\/aik.se\/boule\/wp-content\/uploads\/sites\/7\/2023\/04\/aik_monster_svart_1-utan-gul-1920x2382.png"},"gradient":"linear-gradient(135deg,rgba(6,147,227,1) 0%,rgb(155,81,224) 100%)","background_repeat":"repeat","background_size":"contain","background_attachment":"fixed","patternColor":{"default":{"color":"#e5e7ea"}},"overlayColor":{"default":{"color":"rgba(255, 255, 255, 0.65)"}},"backgroundColor":{"default":{"color":"#ffffff"}}},"gradient":{"background_type":"image","background_pattern":"type-1","background_image":{"attachment_id":411,"x":0,"y":0,"url":"https:\/\/aik.se\/boule\/wp-content\/uploads\/sites\/7\/2023\/04\/aik_monster_svart_1-utan-gul-1920x2382.png"},"gradient":"linear-gradient(135deg,rgba(6,147,227,1) 0%,rgb(155,81,224) 100%)","background_repeat":"repeat","background_size":"contain","background_attachment":"fixed","patternColor":{"default":{"color":"#e5e7ea"}},"overlayColor":{"default":{"color":"rgba(255, 255, 255, 0.65)"}},"backgroundColor":{"default":{"color":"#ffffff"}}},"background_repeat":{"background_type":"image","background_pattern":"type-1","background_image":{"attachment_id":411,"x":0,"y":0,"url":"https:\/\/aik.se\/boule\/wp-content\/uploads\/sites\/7\/2023\/04\/aik_monster_svart_1-utan-gul-1920x2382.png"},"gradient":"linear-gradient(135deg,rgba(6,147,227,1) 0%,rgb(155,81,224) 100%)","background_repeat":"repeat","background_size":"contain","background_attachment":"fixed","patternColor":{"default":{"color":"#e5e7ea"}},"overlayColor":{"default":{"color":"rgba(255, 255, 255, 0.65)"}},"backgroundColor":{"default":{"color":"#ffffff"}}},"background_size":{"background_type":"image","background_pattern":"type-1","background_image":{"attachment_id":411,"x":0,"y":0,"url":"https:\/\/aik.se\/boule\/wp-content\/uploads\/sites\/7\/2023\/04\/aik_monster_svart_1-utan-gul-1920x2382.png"},"gradient":"linear-gradient(135deg,rgba(6,147,227,1) 0%,rgb(155,81,224) 100%)","background_repeat":"repeat","background_size":"contain","background_attachment":"fixed","patternColor":{"default":{"color":"#e5e7ea"}},"overlayColor":{"default":{"color":"rgba(255, 255, 255, 0.65)"}},"backgroundColor":{"default":{"color":"#ffffff"}}},"background_attachment":{"background_type":"image","background_pattern":"type-1","background_image":{"attachment_id":411,"x":0,"y":0,"url":"https:\/\/aik.se\/boule\/wp-content\/uploads\/sites\/7\/2023\/04\/aik_monster_svart_1-utan-gul-1920x2382.png"},"gradient":"linear-gradient(135deg,rgba(6,147,227,1) 0%,rgb(155,81,224) 100%)","background_repeat":"repeat","background_size":"contain","background_attachment":"fixed","patternColor":{"default":{"color":"#e5e7ea"}},"overlayColor":{"default":{"color":"rgba(255, 255, 255, 0.65)"}},"backgroundColor":{"default":{"color":"#ffffff"}}},"patternColor":{"background_type":"image","background_pattern":"type-1","background_image":{"attachment_id":411,"x":0,"y":0,"url":"https:\/\/aik.se\/boule\/wp-content\/uploads\/sites\/7\/2023\/04\/aik_monster_svart_1-utan-gul-1920x2382.png"},"gradient":"linear-gradient(135deg,rgba(6,147,227,1) 0%,rgb(155,81,224) 100%)","background_repeat":"repeat","background_size":"contain","background_attachment":"fixed","patternColor":{"default":{"color":"#e5e7ea"}},"overlayColor":{"default":{"color":"rgba(255, 255, 255, 0.65)"}},"backgroundColor":{"default":{"color":"#ffffff"}}},"overlayColor":{"background_type":"image","background_pattern":"type-1","background_image":{"attachment_id":411,"x":0,"y":0,"url":"https:\/\/aik.se\/boule\/wp-content\/uploads\/sites\/7\/2023\/04\/aik_monster_svart_1-utan-gul-1920x2382.png"},"gradient":"linear-gradient(135deg,rgba(6,147,227,1) 0%,rgb(155,81,224) 100%)","background_repeat":"repeat","background_size":"contain","background_attachment":"fixed","patternColor":{"default":{"color":"#e5e7ea"}},"overlayColor":{"default":{"color":"rgba(255, 255, 255, 0.65)"}},"backgroundColor":{"default":{"color":"#ffffff"}}},"backgroundColor":{"background_type":"image","background_pattern":"type-1","background_image":{"attachment_id":411,"x":0,"y":0,"url":"https:\/\/aik.se\/boule\/wp-content\/uploads\/sites\/7\/2023\/04\/aik_monster_svart_1-utan-gul-1920x2382.png"},"gradient":"linear-gradient(135deg,rgba(6,147,227,1) 0%,rgb(155,81,224) 100%)","background_repeat":"repeat","background_size":"contain","background_attachment":"fixed","patternColor":{"default":{"color":"#e5e7ea"}},"overlayColor":{"default":{"color":"rgba(255, 255, 255, 0.65)"}},"backgroundColor":{"default":{"color":"#ffffff"}}},"desktop":{"background_type":"image","background_pattern":"type-1","background_image":{"attachment_id":411,"x":0,"y":0,"url":"https:\/\/aik.se\/boule\/wp-content\/uploads\/sites\/7\/2023\/04\/aik_monster_svart_1-utan-gul-1920x2382.png"},"gradient":"linear-gradient(135deg,rgba(6,147,227,1) 0%,rgb(155,81,224) 100%)","background_repeat":"repeat","background_size":"contain","background_attachment":"fixed","patternColor":{"default":{"color":"#e5e7ea"}},"overlayColor":{"default":{"color":"rgba(255, 255, 255, 0.65)"}},"backgroundColor":{"default":{"color":"#ffffff"}}},"tablet":{"background_type":"image","background_pattern":"type-1","background_image":{"attachment_id":411,"x":0,"y":0,"url":"https:\/\/aik.se\/boule\/wp-content\/uploads\/sites\/7\/2023\/04\/aik_monster_svart_1-utan-gul-1920x2382.png"},"gradient":"linear-gradient(135deg,rgba(6,147,227,1) 0%,rgb(155,81,224) 100%)","background_repeat":"repeat","background_size":"contain","background_attachment":"fixed","patternColor":{"default":{"color":"#e5e7ea"}},"overlayColor":{"default":{"color":"rgba(255, 255, 255, 0.65)"}},"backgroundColor":{"default":{"color":"#ffffff"}}},"mobile":{"background_type":"image","background_pattern":"type-1","background_image":{"attachment_id":411,"x":0,"y":0,"url":"https:\/\/aik.se\/boule\/wp-content\/uploads\/sites\/7\/2023\/04\/aik_monster_svart_1-utan-gul-1920x2382.png"},"gradient":"linear-gradient(135deg,rgba(6,147,227,1) 0%,rgb(155,81,224) 100%)","background_repeat":"repeat","background_size":"contain","background_attachment":"fixed","patternColor":{"default":{"color":"#e5e7ea"}},"overlayColor":{"default":{"color":"rgba(255, 255, 255, 0.65)"}},"backgroundColor":{"default":{"color":"#ffffff"}}},"__changed":[]},"styles_descriptor":{"styles":{"desktop":"[data-prefix=\"single_page\"] {background-position:0% 0%;background-size:contain;background-attachment:fixed;background-color:#ffffff;background-image:linear-gradient(rgba(255, 255, 255, 0.65), rgba(255, 255, 255, 0.65)), url(https:\/\/aik.se\/boule\/wp-content\/uploads\/sites\/7\/2023\/04\/aik_monster_svart_1-utan-gul.png);}","tablet":"","mobile":""},"google_fonts":[],"version":6}},"taxonomy_info":[],"featured_image_src_large":false,"author_info":{"display_name":"remivesvre","author_link":"https:\/\/aik.se\/petanque\/author\/remivesvre\/"},"comment_info":0,"_links":{"self":[{"href":"https:\/\/aik.se\/petanque\/wp-json\/wp\/v2\/pages\/254","targetHints":{"allow":["GET"]}}],"collection":[{"href":"https:\/\/aik.se\/petanque\/wp-json\/wp\/v2\/pages"}],"about":[{"href":"https:\/\/aik.se\/petanque\/wp-json\/wp\/v2\/types\/page"}],"author":[{"embeddable":true,"href":"https:\/\/aik.se\/petanque\/wp-json\/wp\/v2\/users\/73"}],"replies":[{"embeddable":true,"href":"https:\/\/aik.se\/petanque\/wp-json\/wp\/v2\/comments?post=254"}],"version-history":[{"count":35,"href":"https:\/\/aik.se\/petanque\/wp-json\/wp\/v2\/pages\/254\/revisions"}],"predecessor-version":[{"id":1326,"href":"https:\/\/aik.se\/petanque\/wp-json\/wp\/v2\/pages\/254\/revisions\/1326"}],"wp:attachment":[{"href":"https:\/\/aik.se\/petanque\/wp-json\/wp\/v2\/media?parent=254"}],"curies":[{"name":"wp","href":"https:\/\/api.w.org\/{rel}","templated":true}]}}