{"id":38,"date":"2022-10-26T09:27:56","date_gmt":"2022-10-26T07:27:56","guid":{"rendered":"https:\/\/aik.se\/boule\/?page_id=38"},"modified":"2025-10-17T09:47:02","modified_gmt":"2025-10-17T07:47:02","slug":"klubben","status":"publish","type":"page","link":"https:\/\/aik.se\/petanque\/klubben\/","title":{"rendered":"Klubben"},"content":{"rendered":"\n<h1 class=\"wp-block-heading\">Styrelse<\/h1>\n\n\n\n<ul class=\"wp-block-list\">\n<li>Ordf\u00f6rande: Olov Lindquist <a href=\"mailto:ordforande@aikpetanque.se\">ordforande@aikpetanque.se<\/a><\/li>\n\n\n\n<li>Vice ordf\u00f6rande och sekreterare: Krister Lindberg <a href=\"mailto:tavling@aikpetanque.se\">tavling@aikpetanque.se<\/a><\/li>\n\n\n\n<li>Kass\u00f6r: R\u00e9mi Vesvre <a href=\"mailto:kassor@aikpetanque.se\">kassor@aikpetanque.se<\/a><\/li>\n\n\n\n<li>Ledam\u00f6ter: Hans Liljecrantz, Robert H\u00fctten, Christer Lundqvist<\/li>\n<\/ul>\n\n\n<style>.wp-block-kadence-advancedheading.kt-adv-heading38_959b82-27, .wp-block-kadence-advancedheading.kt-adv-heading38_959b82-27[data-kb-block=\"kb-adv-heading38_959b82-27\"]{font-style:normal;}.wp-block-kadence-advancedheading.kt-adv-heading38_959b82-27 mark.kt-highlight, .wp-block-kadence-advancedheading.kt-adv-heading38_959b82-27[data-kb-block=\"kb-adv-heading38_959b82-27\"] mark.kt-highlight{font-style:normal;color:#f76a0c;-webkit-box-decoration-break:clone;box-decoration-break:clone;padding-top:0px;padding-right:0px;padding-bottom:0px;padding-left:0px;}.wp-block-kadence-advancedheading.kt-adv-heading38_959b82-27 img.kb-inline-image, .wp-block-kadence-advancedheading.kt-adv-heading38_959b82-27[data-kb-block=\"kb-adv-heading38_959b82-27\"] img.kb-inline-image{width:150px;vertical-align:baseline;}<\/style>\n<h2 class=\"kt-adv-heading38_959b82-27 wp-block-kadence-advancedheading\" data-kb-block=\"kb-adv-heading38_959b82-27\">Valberedning och revisor<\/h2>\n\n\n\n<ul class=\"wp-block-list\">\n<li>Valberedning: Bo Pettersson (sammankallande), Simon Johannesson , Marie Brand\u00e9n <\/li>\n\n\n\n<li>Revisor: Stefan Widenholm<\/li>\n\n\n\n<li>Revisor suppleant: G\u00f6ran Aspgren<\/li>\n<\/ul>\n\n\n<style>.wp-block-kadence-advancedheading.kt-adv-heading38_33295a-21, .wp-block-kadence-advancedheading.kt-adv-heading38_33295a-21[data-kb-block=\"kb-adv-heading38_33295a-21\"]{font-style:normal;}.wp-block-kadence-advancedheading.kt-adv-heading38_33295a-21 mark.kt-highlight, .wp-block-kadence-advancedheading.kt-adv-heading38_33295a-21[data-kb-block=\"kb-adv-heading38_33295a-21\"] mark.kt-highlight{font-style:normal;color:#f76a0c;-webkit-box-decoration-break:clone;box-decoration-break:clone;padding-top:0px;padding-right:0px;padding-bottom:0px;padding-left:0px;}.wp-block-kadence-advancedheading.kt-adv-heading38_33295a-21 img.kb-inline-image, .wp-block-kadence-advancedheading.kt-adv-heading38_33295a-21[data-kb-block=\"kb-adv-heading38_33295a-21\"] img.kb-inline-image{width:150px;vertical-align:baseline;}<\/style>\n<h2 class=\"kt-adv-heading38_33295a-21 wp-block-kadence-advancedheading\" data-kb-block=\"kb-adv-heading38_33295a-21\">Dokument<\/h2>\n\n\n\n<div class=\"wp-block-file\"><a id=\"wp-block-file--media-35d31851-1fa1-4a80-9a47-8c413a610b0b\" href=\"https:\/\/aik.se\/petanque\/wp-content\/uploads\/sites\/7\/2025\/01\/Stadgar-AIK-Petanque.docx\">Stadgar AIK P\u00c9TANQUE<\/a><a href=\"https:\/\/aik.se\/petanque\/wp-content\/uploads\/sites\/7\/2025\/01\/Stadgar-AIK-Petanque.docx\" class=\"wp-block-file__button wp-element-button\" download aria-describedby=\"wp-block-file--media-35d31851-1fa1-4a80-9a47-8c413a610b0b\">Ladda ner<\/a><\/div>\n\n\n\n<div class=\"wp-block-file\"><a id=\"wp-block-file--media-8d045e6b-00e0-4511-88a5-6b17173c8eee\" href=\"https:\/\/aik.se\/petanque\/wp-content\/uploads\/sites\/7\/2025\/06\/AIK-PETANQUE-RESEPOLICY.pdf\">AIK P\u00c9TANQUE Resepolicy<\/a><a href=\"https:\/\/aik.se\/petanque\/wp-content\/uploads\/sites\/7\/2025\/06\/AIK-PETANQUE-RESEPOLICY.pdf\" class=\"wp-block-file__button wp-element-button\" download aria-describedby=\"wp-block-file--media-8d045e6b-00e0-4511-88a5-6b17173c8eee\">Ladda ner<\/a><\/div>\n\n\n<style>.kadence-column38_c87de3-3d > .kt-inside-inner-col,.kadence-column38_c87de3-3d > .kt-inside-inner-col:before{border-top-left-radius:0px;border-top-right-radius:0px;border-bottom-right-radius:0px;border-bottom-left-radius:0px;}.kadence-column38_c87de3-3d > .kt-inside-inner-col{column-gap:var(--global-kb-gap-sm, 1rem);}.kadence-column38_c87de3-3d > .kt-inside-inner-col{flex-direction:column;}.kadence-column38_c87de3-3d > .kt-inside-inner-col > .aligncenter{width:100%;}.kadence-column38_c87de3-3d > .kt-inside-inner-col:before{opacity:0.3;}.kadence-column38_c87de3-3d{position:relative;}@media all and (max-width: 1024px){.kadence-column38_c87de3-3d > .kt-inside-inner-col{flex-direction:column;justify-content:center;}}@media all and (max-width: 767px){.kadence-column38_c87de3-3d > .kt-inside-inner-col{flex-direction:column;justify-content:center;}}<\/style>\n<div class=\"wp-block-kadence-column kadence-column38_c87de3-3d\"><div class=\"kt-inside-inner-col\"><\/div><\/div>\n\n\n\n<h2 class=\"wp-block-heading\" id=\"block-7825248c-4822-4cfa-a85c-5ef19b6dd30d\">Kontaktuppgifter<\/h2>\n\n\n\n<p><strong>Postadress:<\/strong>&nbsp;AIK P\u00e9tanquef\u00f6rening, Allm\u00e4nna Idrottsklubben, Ankdammsgatan 46, 171 67 Solna<\/p>\n\n\n\n<p><strong>Mejl:<\/strong>&nbsp;<a href=\"mailto:info@aikpetanque.se\">info@aikpetanque.se<\/a><br><strong>Organisationsnummer:<\/strong>&nbsp;802460-0374<br><strong>Plusgiro:<\/strong>&nbsp;60 06 35 \u2013 7<\/p>\n\n\n\n<div class=\"wp-block-buttons is-layout-flex wp-block-buttons-is-layout-flex\">\n<div class=\"wp-block-button\"><a class=\"wp-block-button__link wp-element-button\" href=\"https:\/\/aik.se\/petanque\/klubben\/bli-medlem\/\">bli medlem<\/a><\/div>\n<\/div>\n\n\n\n<p><\/p>\n","protected":false},"excerpt":{"rendered":"<p>Styrelse Valberedning och revisor Dokument Kontaktuppgifter Postadress:&nbsp;AIK P\u00e9tanquef\u00f6rening, Allm\u00e4nna Idrottsklubben, Ankdammsgatan 46, 171 67 Solna Mejl:&nbsp;info@aikpetanque.seOrganisationsnummer:&nbsp;802460-0374Plusgiro:&nbsp;60 06 35 \u2013 7<\/p>\n","protected":false},"author":73,"featured_media":117,"parent":0,"menu_order":0,"comment_status":"closed","ping_status":"closed","template":"","meta":{"_kad_blocks_custom_css":"","_kad_blocks_head_custom_js":"","_kad_blocks_body_custom_js":"","_kad_blocks_footer_custom_js":"","_EventAllDay":false,"_EventTimezone":"","_EventStartDate":"","_EventEndDate":"","_EventStartDateUTC":"","_EventEndDateUTC":"","_EventShowMap":false,"_EventShowMapLink":false,"_EventURL":"","_EventCost":"","_EventCostDescription":"","_EventCurrencySymbol":"","_EventCurrencyCode":"","_EventCurrencyPosition":"","_EventDateTimeSeparator":"","_EventTimeRangeSeparator":"","_EventOrganizerID":[],"_EventVenueID":[],"_OrganizerEmail":"","_OrganizerPhone":"","_OrganizerWebsite":"","_VenueAddress":"","_VenueCity":"","_VenueCountry":"","_VenueProvince":"","_VenueState":"","_VenueZip":"","_VenuePhone":"","_VenueURL":"","_VenueStateProvince":"","_VenueLat":"","_VenueLng":"","_VenueShowMap":false,"_VenueShowMapLink":false,"_vp_format_video_url":"","_vp_image_focal_point":[],"_vp_custom_popup_image":0,"_vp_format_audio_url":"","_vp_album_images":[],"_vp_custom_thumbnail":0,"_vp_custom_thumbnail_focal_point":[],"_vp_custom_thumbnail_cover":0,"_vp_hover_thumbnail":0,"_vp_hover_thumbnail_focal_point":[],"footnotes":""},"class_list":["post-38","page","type-page","status-publish","has-post-thumbnail","hentry"],"blocksy_meta":{"styles_descriptor":{"styles":{"desktop":"[data-prefix=\"single_page\"] {background-position:0% 0%;background-size:contain;background-attachment:fixed;background-color:#ffffff;background-image:linear-gradient(rgba(255, 255, 255, 0.64), rgba(255, 255, 255, 0.64)), url(https:\/\/aik.se\/boule\/wp-content\/uploads\/sites\/7\/2023\/04\/aik_monster_svart_1-utan-gul.png);}","tablet":"","mobile":""},"google_fonts":[],"version":6},"background":{"background_type":{"background_type":"image","background_pattern":"type-1","background_image":{"attachment_id":411,"x":0,"y":0,"url":"https:\/\/aik.se\/boule\/wp-content\/uploads\/sites\/7\/2023\/04\/aik_monster_svart_1-utan-gul-1920x2382.png"},"gradient":"linear-gradient(135deg,rgba(6,147,227,1) 0%,rgb(155,81,224) 100%)","background_repeat":"repeat","background_size":"contain","background_attachment":"fixed","patternColor":{"default":{"color":"#e5e7ea"}},"overlayColor":{"default":{"color":"rgba(255, 255, 255, 0.64)"}},"backgroundColor":{"default":{"color":"#ffffff"}}},"background_pattern":{"background_type":"image","background_pattern":"type-1","background_image":{"attachment_id":411,"x":0,"y":0,"url":"https:\/\/aik.se\/boule\/wp-content\/uploads\/sites\/7\/2023\/04\/aik_monster_svart_1-utan-gul-1920x2382.png"},"gradient":"linear-gradient(135deg,rgba(6,147,227,1) 0%,rgb(155,81,224) 100%)","background_repeat":"repeat","background_size":"contain","background_attachment":"fixed","patternColor":{"default":{"color":"#e5e7ea"}},"overlayColor":{"default":{"color":"rgba(255, 255, 255, 0.64)"}},"backgroundColor":{"default":{"color":"#ffffff"}}},"background_image":{"background_type":"image","background_pattern":"type-1","background_image":{"attachment_id":411,"x":0,"y":0,"url":"https:\/\/aik.se\/boule\/wp-content\/uploads\/sites\/7\/2023\/04\/aik_monster_svart_1-utan-gul-1920x2382.png"},"gradient":"linear-gradient(135deg,rgba(6,147,227,1) 0%,rgb(155,81,224) 100%)","background_repeat":"repeat","background_size":"contain","background_attachment":"fixed","patternColor":{"default":{"color":"#e5e7ea"}},"overlayColor":{"default":{"color":"rgba(255, 255, 255, 0.64)"}},"backgroundColor":{"default":{"color":"#ffffff"}}},"gradient":{"background_type":"image","background_pattern":"type-1","background_image":{"attachment_id":411,"x":0,"y":0,"url":"https:\/\/aik.se\/boule\/wp-content\/uploads\/sites\/7\/2023\/04\/aik_monster_svart_1-utan-gul-1920x2382.png"},"gradient":"linear-gradient(135deg,rgba(6,147,227,1) 0%,rgb(155,81,224) 100%)","background_repeat":"repeat","background_size":"contain","background_attachment":"fixed","patternColor":{"default":{"color":"#e5e7ea"}},"overlayColor":{"default":{"color":"rgba(255, 255, 255, 0.64)"}},"backgroundColor":{"default":{"color":"#ffffff"}}},"background_repeat":{"background_type":"image","background_pattern":"type-1","background_image":{"attachment_id":411,"x":0,"y":0,"url":"https:\/\/aik.se\/boule\/wp-content\/uploads\/sites\/7\/2023\/04\/aik_monster_svart_1-utan-gul-1920x2382.png"},"gradient":"linear-gradient(135deg,rgba(6,147,227,1) 0%,rgb(155,81,224) 100%)","background_repeat":"repeat","background_size":"contain","background_attachment":"fixed","patternColor":{"default":{"color":"#e5e7ea"}},"overlayColor":{"default":{"color":"rgba(255, 255, 255, 0.64)"}},"backgroundColor":{"default":{"color":"#ffffff"}}},"background_size":{"background_type":"image","background_pattern":"type-1","background_image":{"attachment_id":411,"x":0,"y":0,"url":"https:\/\/aik.se\/boule\/wp-content\/uploads\/sites\/7\/2023\/04\/aik_monster_svart_1-utan-gul-1920x2382.png"},"gradient":"linear-gradient(135deg,rgba(6,147,227,1) 0%,rgb(155,81,224) 100%)","background_repeat":"repeat","background_size":"contain","background_attachment":"fixed","patternColor":{"default":{"color":"#e5e7ea"}},"overlayColor":{"default":{"color":"rgba(255, 255, 255, 0.64)"}},"backgroundColor":{"default":{"color":"#ffffff"}}},"background_attachment":{"background_type":"image","background_pattern":"type-1","background_image":{"attachment_id":411,"x":0,"y":0,"url":"https:\/\/aik.se\/boule\/wp-content\/uploads\/sites\/7\/2023\/04\/aik_monster_svart_1-utan-gul-1920x2382.png"},"gradient":"linear-gradient(135deg,rgba(6,147,227,1) 0%,rgb(155,81,224) 100%)","background_repeat":"repeat","background_size":"contain","background_attachment":"fixed","patternColor":{"default":{"color":"#e5e7ea"}},"overlayColor":{"default":{"color":"rgba(255, 255, 255, 0.64)"}},"backgroundColor":{"default":{"color":"#ffffff"}}},"patternColor":{"background_type":"image","background_pattern":"type-1","background_image":{"attachment_id":411,"x":0,"y":0,"url":"https:\/\/aik.se\/boule\/wp-content\/uploads\/sites\/7\/2023\/04\/aik_monster_svart_1-utan-gul-1920x2382.png"},"gradient":"linear-gradient(135deg,rgba(6,147,227,1) 0%,rgb(155,81,224) 100%)","background_repeat":"repeat","background_size":"contain","background_attachment":"fixed","patternColor":{"default":{"color":"#e5e7ea"}},"overlayColor":{"default":{"color":"rgba(255, 255, 255, 0.64)"}},"backgroundColor":{"default":{"color":"#ffffff"}}},"overlayColor":{"background_type":"image","background_pattern":"type-1","background_image":{"attachment_id":411,"x":0,"y":0,"url":"https:\/\/aik.se\/boule\/wp-content\/uploads\/sites\/7\/2023\/04\/aik_monster_svart_1-utan-gul-1920x2382.png"},"gradient":"linear-gradient(135deg,rgba(6,147,227,1) 0%,rgb(155,81,224) 100%)","background_repeat":"repeat","background_size":"contain","background_attachment":"fixed","patternColor":{"default":{"color":"#e5e7ea"}},"overlayColor":{"default":{"color":"rgba(255, 255, 255, 0.64)"}},"backgroundColor":{"default":{"color":"#ffffff"}}},"backgroundColor":{"background_type":"image","background_pattern":"type-1","background_image":{"attachment_id":411,"x":0,"y":0,"url":"https:\/\/aik.se\/boule\/wp-content\/uploads\/sites\/7\/2023\/04\/aik_monster_svart_1-utan-gul-1920x2382.png"},"gradient":"linear-gradient(135deg,rgba(6,147,227,1) 0%,rgb(155,81,224) 100%)","background_repeat":"repeat","background_size":"contain","background_attachment":"fixed","patternColor":{"default":{"color":"#e5e7ea"}},"overlayColor":{"default":{"color":"rgba(255, 255, 255, 0.64)"}},"backgroundColor":{"default":{"color":"#ffffff"}}},"desktop":{"background_type":"image","background_pattern":"type-1","background_image":{"attachment_id":411,"x":0,"y":0,"url":"https:\/\/aik.se\/boule\/wp-content\/uploads\/sites\/7\/2023\/04\/aik_monster_svart_1-utan-gul-1920x2382.png"},"gradient":"linear-gradient(135deg,rgba(6,147,227,1) 0%,rgb(155,81,224) 100%)","background_repeat":"repeat","background_size":"contain","background_attachment":"fixed","patternColor":{"default":{"color":"#e5e7ea"}},"overlayColor":{"default":{"color":"rgba(255, 255, 255, 0.64)"}},"backgroundColor":{"default":{"color":"#ffffff"}}},"tablet":{"background_type":"image","background_pattern":"type-1","background_image":{"attachment_id":411,"x":0,"y":0,"url":"https:\/\/aik.se\/boule\/wp-content\/uploads\/sites\/7\/2023\/04\/aik_monster_svart_1-utan-gul-1920x2382.png"},"gradient":"linear-gradient(135deg,rgba(6,147,227,1) 0%,rgb(155,81,224) 100%)","background_repeat":"repeat","background_size":"contain","background_attachment":"fixed","patternColor":{"default":{"color":"#e5e7ea"}},"overlayColor":{"default":{"color":"rgba(255, 255, 255, 0.64)"}},"backgroundColor":{"default":{"color":"#ffffff"}}},"mobile":{"background_type":"image","background_pattern":"type-1","background_image":{"attachment_id":411,"x":0,"y":0,"url":"https:\/\/aik.se\/boule\/wp-content\/uploads\/sites\/7\/2023\/04\/aik_monster_svart_1-utan-gul-1920x2382.png"},"gradient":"linear-gradient(135deg,rgba(6,147,227,1) 0%,rgb(155,81,224) 100%)","background_repeat":"repeat","background_size":"contain","background_attachment":"fixed","patternColor":{"default":{"color":"#e5e7ea"}},"overlayColor":{"default":{"color":"rgba(255, 255, 255, 0.64)"}},"backgroundColor":{"default":{"color":"#ffffff"}}},"__changed":[]}},"taxonomy_info":[],"featured_image_src_large":["https:\/\/aik.se\/petanque\/wp-content\/uploads\/sites\/7\/2023\/01\/16_9_svart_2-3-1024x576.jpg",1024,576,true],"author_info":{"display_name":"remivesvre","author_link":"https:\/\/aik.se\/petanque\/author\/remivesvre\/"},"comment_info":0,"_links":{"self":[{"href":"https:\/\/aik.se\/petanque\/wp-json\/wp\/v2\/pages\/38","targetHints":{"allow":["GET"]}}],"collection":[{"href":"https:\/\/aik.se\/petanque\/wp-json\/wp\/v2\/pages"}],"about":[{"href":"https:\/\/aik.se\/petanque\/wp-json\/wp\/v2\/types\/page"}],"author":[{"embeddable":true,"href":"https:\/\/aik.se\/petanque\/wp-json\/wp\/v2\/users\/73"}],"replies":[{"embeddable":true,"href":"https:\/\/aik.se\/petanque\/wp-json\/wp\/v2\/comments?post=38"}],"version-history":[{"count":43,"href":"https:\/\/aik.se\/petanque\/wp-json\/wp\/v2\/pages\/38\/revisions"}],"predecessor-version":[{"id":1332,"href":"https:\/\/aik.se\/petanque\/wp-json\/wp\/v2\/pages\/38\/revisions\/1332"}],"wp:featuredmedia":[{"embeddable":true,"href":"https:\/\/aik.se\/petanque\/wp-json\/wp\/v2\/media\/117"}],"wp:attachment":[{"href":"https:\/\/aik.se\/petanque\/wp-json\/wp\/v2\/media?parent=38"}],"curies":[{"name":"wp","href":"https:\/\/api.w.org\/{rel}","templated":true}]}}