{"id":471,"date":"2023-04-26T09:07:35","date_gmt":"2023-04-26T07:07:35","guid":{"rendered":"https:\/\/aik.se\/boule\/?page_id=471"},"modified":"2023-04-26T11:01:12","modified_gmt":"2023-04-26T09:01:12","slug":"den-svarta-massan","status":"publish","type":"page","link":"https:\/\/aik.se\/petanque\/sponsring\/den-svarta-massan\/","title":{"rendered":"Den Svarta Massan"},"content":{"rendered":"\n<p>Den Svarta Massan (DSM) \u00e4r en ekonomisk f\u00f6rening som \u00e4r skapad av AIK:are f\u00f6r AIK som vill vara en del i det som bidrar till ett AIK i ekonomisk balans och med stora sportsliga framg\u00e5ngar. DSM ska finnas d\u00e4r f\u00f6r s\u00e5v\u00e4l de stora som de sm\u00e5 idrotterna i AIK, b\u00e5de n\u00e4r det bl\u00e5ser kallt och n\u00e4r solen skiner.<\/p>\n\n\n\n<figure class=\"wp-block-image size-full\"><a href=\"https:\/\/svartamassan.se\/\"><img decoding=\"async\" src=\"https:\/\/aik.se\/boule\/wp-content\/uploads\/sites\/7\/2023\/04\/sen-svarta-massan.jpg\" alt=\"\" class=\"wp-image-469\" \/><\/a><\/figure>\n","protected":false},"excerpt":{"rendered":"<p>Den Svarta Massan (DSM) \u00e4r en ekonomisk f\u00f6rening som \u00e4r skapad av AIK:are f\u00f6r AIK som vill vara en del i det som bidrar till ett AIK i ekonomisk balans [&hellip;]<\/p>\n","protected":false},"author":73,"featured_media":0,"parent":77,"menu_order":1,"comment_status":"closed","ping_status":"closed","template":"","meta":{"_kad_blocks_custom_css":"","_kad_blocks_head_custom_js":"","_kad_blocks_body_custom_js":"","_kad_blocks_footer_custom_js":"","_EventAllDay":false,"_EventTimezone":"","_EventStartDate":"","_EventEndDate":"","_EventStartDateUTC":"","_EventEndDateUTC":"","_EventShowMap":false,"_EventShowMapLink":false,"_EventURL":"","_EventCost":"","_EventCostDescription":"","_EventCurrencySymbol":"","_EventCurrencyCode":"","_EventCurrencyPosition":"","_EventDateTimeSeparator":"","_EventTimeRangeSeparator":"","_EventOrganizerID":[],"_EventVenueID":[],"_OrganizerEmail":"","_OrganizerPhone":"","_OrganizerWebsite":"","_VenueAddress":"","_VenueCity":"","_VenueCountry":"","_VenueProvince":"","_VenueState":"","_VenueZip":"","_VenuePhone":"","_VenueURL":"","_VenueStateProvince":"","_VenueLat":"","_VenueLng":"","_VenueShowMap":false,"_VenueShowMapLink":false,"_vp_format_video_url":"","_vp_image_focal_point":[],"_vp_custom_popup_image":0,"_vp_format_audio_url":"","_vp_album_images":[],"_vp_custom_thumbnail":0,"_vp_custom_thumbnail_focal_point":[],"_vp_custom_thumbnail_cover":0,"_vp_hover_thumbnail":0,"_vp_hover_thumbnail_focal_point":[],"footnotes":""},"class_list":["post-471","page","type-page","status-publish","hentry"],"blocksy_meta":[],"taxonomy_info":[],"featured_image_src_large":false,"author_info":{"display_name":"remivesvre","author_link":"https:\/\/aik.se\/petanque\/author\/remivesvre\/"},"comment_info":0,"_links":{"self":[{"href":"https:\/\/aik.se\/petanque\/wp-json\/wp\/v2\/pages\/471","targetHints":{"allow":["GET"]}}],"collection":[{"href":"https:\/\/aik.se\/petanque\/wp-json\/wp\/v2\/pages"}],"about":[{"href":"https:\/\/aik.se\/petanque\/wp-json\/wp\/v2\/types\/page"}],"author":[{"embeddable":true,"href":"https:\/\/aik.se\/petanque\/wp-json\/wp\/v2\/users\/73"}],"replies":[{"embeddable":true,"href":"https:\/\/aik.se\/petanque\/wp-json\/wp\/v2\/comments?post=471"}],"version-history":[{"count":2,"href":"https:\/\/aik.se\/petanque\/wp-json\/wp\/v2\/pages\/471\/revisions"}],"predecessor-version":[{"id":480,"href":"https:\/\/aik.se\/petanque\/wp-json\/wp\/v2\/pages\/471\/revisions\/480"}],"up":[{"embeddable":true,"href":"https:\/\/aik.se\/petanque\/wp-json\/wp\/v2\/pages\/77"}],"wp:attachment":[{"href":"https:\/\/aik.se\/petanque\/wp-json\/wp\/v2\/media?parent=471"}],"curies":[{"name":"wp","href":"https:\/\/api.w.org\/{rel}","templated":true}]}}