{"id":497,"date":"2023-04-26T14:31:08","date_gmt":"2023-04-26T12:31:08","guid":{"rendered":"https:\/\/aik.se\/boule\/?page_id=497"},"modified":"2025-07-29T10:14:12","modified_gmt":"2025-07-29T08:14:12","slug":"utmarkelser","status":"publish","type":"page","link":"https:\/\/aik.se\/petanque\/tavling\/utmarkelser\/","title":{"rendered":"Medaljer och Utm\u00e4rkelser"},"content":{"rendered":"\n<h2 class=\"wp-block-heading\">SM Medalj\u00f6rer fr\u00e5n 2011 tills idag<\/h2>\n\n\n\n<p><\/p>\n\n\n\n<figure class=\"wp-block-table is-style-stripes\"><table class=\"has-background\" style=\"background-color:#a18a5c\"><thead><tr><th>\u00c5r<\/th><th>V\u00e4rde<\/th><th>Klass<\/th><th>Kategori<\/th><th>Namn<\/th><\/tr><\/thead><tbody><tr><td>2025<\/td><td>Brons<\/td><td>V55<\/td><td>Dubbel<\/td><td>Simon Johannesson, Krister Lindberg<\/td><\/tr><tr><td>2024<\/td><td>Silver<\/td><td>Generation<\/td><td>Trippel<\/td><td>Joy Str\u00f6m, Krister Lindberg och R\u00e9mi Vesvre<\/td><\/tr><tr><td><\/td><td>Silver<\/td><td>Junior<\/td><td>Singel<\/td><td>Elliot Grandin<\/td><\/tr><tr><td><\/td><td>Brons<\/td><td>Junior<\/td><td>Dubbel<\/td><td>Elliot Grandin<\/td><\/tr><tr><td><\/td><td>Brons<\/td><td>Junior<\/td><td>Trippel<\/td><td>Joy Str\u00f6m<\/td><\/tr><tr><td><\/td><td>Brons<\/td><td>Junior<\/td><td>Skytte<\/td><td>Joy Str\u00f6m<\/td><\/tr><tr><td>2023<\/td><td>Silver<\/td><td>Dam<\/td><td>Singel<\/td><td>Lindali Andersson<\/td><\/tr><tr><td><\/td><td>Silver<\/td><td>Junior<\/td><td>Trippel<\/td><td>Joy Str\u00f6m, Charlie Grandin och Elliot Grandin<\/td><\/tr><tr><td><\/td><td>Silver<\/td><td>Junior<\/td><td>Skytte<\/td><td>Joy Str\u00f6m<\/td><\/tr><tr><td><\/td><td>Brons<\/td><td>V65<\/td><td>Mix Dubbel<\/td><td>Marie Brand\u00e9n och Hans Liljecrantz<\/td><\/tr><tr><td><\/td><td>Brons<\/td><td>Junior<\/td><td>Mix Dubbel<\/td><td>Joy Str\u00f6m och Elliot Grandin<\/td><\/tr><tr><td><\/td><td>Brons<\/td><td>Yngre Junior<\/td><td>Singel<\/td><td>Charlie Grandin<\/td><\/tr><tr><td>2022<\/td><td>Guld<\/td><td>Dam<\/td><td>Singel<\/td><td>Helene Palovaara Di Tella<\/td><\/tr><tr><td><\/td><td>Brons<\/td><td>V75<\/td><td>Singel<\/td><td>Hans Liljecrantz<\/td><\/tr><tr><td><\/td><td>Brons<\/td><td>V65<\/td><td>Trippel<\/td><td>Hans Liljecrantz, Peter Milefors och \u00c5ke Norin<\/td><\/tr><tr><td>2021<\/td><td>Brons<\/td><td>\u00d6ppen<\/td><td>Trippel<\/td><td>Krister Lindberg, Calle Strandberg och William Wahman<\/td><\/tr><tr><td><\/td><td>Brons<\/td><td>Dam<\/td><td>Trippel<\/td><td>Tanja Westin, Annelie Westin och Helene P. Di Tella<\/td><\/tr><tr><td>2020<\/td><td>Guld<\/td><td>Dam<\/td><td>Trippel<\/td><td>Annelie Westin, Tanja Westin och Helene P. Di Tella<\/td><\/tr><tr><td>2019<\/td><td>Guld<\/td><td>\u00d6ppen<\/td><td>Mix Dubbel<\/td><td>Calle Strandberg och Annelie Westin<\/td><\/tr><tr><td>2018<\/td><td>Brons<\/td><td>Dam<\/td><td>Trippel<\/td><td>Annelie Westin, Tanja Westin och Marie Brand\u00e9n<\/td><\/tr><tr><td>2014<\/td><td>Silver<\/td><td>Junior<\/td><td>Singel<\/td><td>Samuel Stubbendorff<\/td><\/tr><tr><td><\/td><td>Silver<\/td><td>Junior<\/td><td>Dubbel<\/td><td>Samuel Stubbendorff<\/td><\/tr><tr><td>2013<\/td><td>Brons<\/td><td>Junior<\/td><td>Singel<\/td><td>Samuel Stubbendorff<\/td><\/tr><tr><td><\/td><td>Brons<\/td><td>Junior<\/td><td>Dubbel<\/td><td>Samuel Stubbendorff<\/td><\/tr><tr><td><\/td><td>Brons<\/td><td>Junior<\/td><td>Trippel<\/td><td>Samuel Stubbendorff<\/td><\/tr><\/tbody><\/table><\/figure>\n\n\n<style>.wp-block-kadence-advancedheading.kt-adv-heading497_e1c942-71, .wp-block-kadence-advancedheading.kt-adv-heading497_e1c942-71[data-kb-block=\"kb-adv-heading497_e1c942-71\"]{font-style:normal;}.wp-block-kadence-advancedheading.kt-adv-heading497_e1c942-71 mark.kt-highlight, .wp-block-kadence-advancedheading.kt-adv-heading497_e1c942-71[data-kb-block=\"kb-adv-heading497_e1c942-71\"] mark.kt-highlight{font-style:normal;color:#f76a0c;-webkit-box-decoration-break:clone;box-decoration-break:clone;padding-top:0px;padding-right:0px;padding-bottom:0px;padding-left:0px;}.wp-block-kadence-advancedheading.kt-adv-heading497_e1c942-71 img.kb-inline-image, .wp-block-kadence-advancedheading.kt-adv-heading497_e1c942-71[data-kb-block=\"kb-adv-heading497_e1c942-71\"] img.kb-inline-image{width:150px;vertical-align:baseline;}<\/style>\n<h2 class=\"kt-adv-heading497_e1c942-71 wp-block-kadence-advancedheading\" data-kb-block=\"kb-adv-heading497_e1c942-71\">Distrikt M\u00e4sterskap (DM) , enbart guld utom \u00e5rets DM.<\/h2>\n\n\n\n<figure class=\"wp-block-table is-style-stripes\"><table class=\"has-background\" style=\"background-color:#a18a5c\"><thead><tr><th>\u00c5r<\/th><th>V\u00e4rde<\/th><th>Klass<\/th><th>Kategori<\/th><th>Namn<\/th><\/tr><\/thead><tbody><tr><td>2025<\/td><td>Guld<\/td><td>V55<\/td><td>Trippel<\/td><td>Simon<br>Johannesson, Krister Lindberg, Bo Pettersson<\/td><\/tr><tr><td>2024<\/td><td>Guld<\/td><td>Junior<\/td><td>Skytte<\/td><td>Joy Str\u00f6m<\/td><\/tr><tr><td>2023<\/td><td>Guld<\/td><td>Junior<\/td><td>Singel<\/td><td>Elliot Grandin<\/td><\/tr><tr><td><\/td><td>Guld<\/td><td>\u00d6ppen<\/td><td>Trippel<\/td><td>Krister Lindberg, Marcus Kn\u00f6sch, R\u00e9mi Vesvre<\/td><\/tr><tr><td>2022<\/td><td>Guld<\/td><td>\u00d6ppen<\/td><td>Trippel<\/td><td>Krister Lindberg, Calle Strandberg, Roger Andersson<\/td><\/tr><tr><td><\/td><td>Guld<\/td><td>Dam<\/td><td>Skytte<\/td><td>Annelie Westin<\/td><\/tr><tr><td><\/td><td>Guld<\/td><td>Dam<\/td><td>Trippel<\/td><td>Annelie Westin, Tanja Westin, Helene P. Di Tella<\/td><\/tr><tr><td>2021<\/td><td>Guld<\/td><td>\u00d6ppen<\/td><td>Trippel<\/td><td>Krister Lindberg, Calle Strandberg, William Wahman<\/td><\/tr><tr><td><\/td><td>Guld<\/td><td>Dam<\/td><td>Trippel<\/td><td>Annelie Westin, Tanja Westin, Helene P. Di Tella<\/td><\/tr><tr><td><\/td><td>Guld<\/td><td>Dam<\/td><td>Singel<\/td><td>Annelie Westin<\/td><\/tr><tr><td>2019<\/td><td>Guld<\/td><td>V65<\/td><td>Trippel<\/td><td>Jean-No\u00ebl Henri, Hans Liljecrantz, Ove Lindgren<\/td><\/tr><tr><td><\/td><td>Guld<\/td><td>Dam<\/td><td>Skytte<\/td><td>Annelie Westin<\/td><\/tr><tr><td>2018<\/td><td>Guld<\/td><td>\u00d6ppen<\/td><td>Singel<\/td><td>Robert Beijmo<\/td><\/tr><tr><td>2015<\/td><td>Guld<\/td><td>Dam<\/td><td>Singel <\/td><td>Annelie Westin<\/td><\/tr><\/tbody><\/table><\/figure>\n\n\n<style>.wp-block-kadence-advancedheading.kt-adv-heading497_1217bd-2e, .wp-block-kadence-advancedheading.kt-adv-heading497_1217bd-2e[data-kb-block=\"kb-adv-heading497_1217bd-2e\"]{font-style:normal;}.wp-block-kadence-advancedheading.kt-adv-heading497_1217bd-2e mark.kt-highlight, .wp-block-kadence-advancedheading.kt-adv-heading497_1217bd-2e[data-kb-block=\"kb-adv-heading497_1217bd-2e\"] mark.kt-highlight{font-style:normal;color:#f76a0c;-webkit-box-decoration-break:clone;box-decoration-break:clone;padding-top:0px;padding-right:0px;padding-bottom:0px;padding-left:0px;}.wp-block-kadence-advancedheading.kt-adv-heading497_1217bd-2e img.kb-inline-image, .wp-block-kadence-advancedheading.kt-adv-heading497_1217bd-2e[data-kb-block=\"kb-adv-heading497_1217bd-2e\"] img.kb-inline-image{width:150px;vertical-align:baseline;}<\/style>\n<h2 class=\"kt-adv-heading497_1217bd-2e wp-block-kadence-advancedheading\" data-kb-block=\"kb-adv-heading497_1217bd-2e\">Svenska Cupen och KM<\/h2>\n\n\n\n<figure class=\"wp-block-table alignleft is-style-stripes\"><table class=\"has-background\" style=\"background-color:#a18a5c\"><thead><tr><th>Svenska Cupen<\/th><th>Placering<\/th><\/tr><\/thead><tbody><tr><td>2022<\/td><td>5:a<\/td><\/tr><tr><td>2021<\/td><td>3:a<\/td><\/tr><tr><td>2018<\/td><td>5:a<\/td><\/tr><\/tbody><\/table><\/figure>\n\n\n\n<figure class=\"wp-block-table alignleft is-style-stripes\"><table class=\"has-background\" style=\"background-color:#a18a5c\"><thead><tr><th>Klubbm\u00e4sterskap<\/th><th>Namn<\/th><\/tr><\/thead><tbody><tr><td>2025<\/td><td>Simon Johannesson<\/td><\/tr><tr><td>2023<\/td><td>Yves Jo\u00ebl<\/td><\/tr><tr><td>2022<\/td><td>Erik Jonsson<\/td><\/tr><tr><td>2021<\/td><td>Krister Lindberg<\/td><\/tr><tr><td>2020<\/td><td>Krister Lindberg<\/td><\/tr><tr><td>2019<\/td><td>Krister Lindberg<\/td><\/tr><tr><td>2018<\/td><td>William Wahman<\/td><\/tr><tr><td>2017<\/td><td>Conny Carlsson<\/td><\/tr><tr><td>2016<\/td><td>Annelie Westin<\/td><\/tr><tr><td>2015<\/td><td>Calle Strandberg<\/td><\/tr><\/tbody><\/table><\/figure>\n\n\n\n<p><\/p>\n","protected":false},"excerpt":{"rendered":"<p>SM Medalj\u00f6rer fr\u00e5n 2011 tills idag \u00c5r V\u00e4rde Klass Kategori Namn 2025 Brons V55 Dubbel Simon Johannesson, Krister Lindberg 2024 Silver Generation Trippel Joy Str\u00f6m, Krister Lindberg och R\u00e9mi Vesvre [&hellip;]<\/p>\n","protected":false},"author":73,"featured_media":0,"parent":60,"menu_order":0,"comment_status":"closed","ping_status":"closed","template":"","meta":{"_kad_blocks_custom_css":"","_kad_blocks_head_custom_js":"","_kad_blocks_body_custom_js":"","_kad_blocks_footer_custom_js":"","_EventAllDay":false,"_EventTimezone":"","_EventStartDate":"","_EventEndDate":"","_EventStartDateUTC":"","_EventEndDateUTC":"","_EventShowMap":false,"_EventShowMapLink":false,"_EventURL":"","_EventCost":"","_EventCostDescription":"","_EventCurrencySymbol":"","_EventCurrencyCode":"","_EventCurrencyPosition":"","_EventDateTimeSeparator":"","_EventTimeRangeSeparator":"","_EventOrganizerID":[],"_EventVenueID":[0],"_OrganizerEmail":"","_OrganizerPhone":"","_OrganizerWebsite":"","_VenueAddress":"","_VenueCity":"","_VenueCountry":"","_VenueProvince":"","_VenueState":"","_VenueZip":"","_VenuePhone":"","_VenueURL":"","_VenueStateProvince":"","_VenueLat":"","_VenueLng":"","_VenueShowMap":false,"_VenueShowMapLink":false,"_vp_format_video_url":"","_vp_image_focal_point":[],"_vp_custom_popup_image":0,"_vp_format_audio_url":"","_vp_album_images":[],"_vp_custom_thumbnail":675,"_vp_custom_thumbnail_focal_point":[],"_vp_custom_thumbnail_cover":0,"_vp_hover_thumbnail":0,"_vp_hover_thumbnail_focal_point":[],"footnotes":""},"class_list":["post-497","page","type-page","status-publish","hentry"],"blocksy_meta":{"background":{"desktop":{"background_type":"image","background_pattern":"type-1","background_image":{"attachment_id":411,"x":0,"y":0,"url":"https:\/\/aik.se\/boule\/wp-content\/uploads\/sites\/7\/2023\/04\/aik_monster_svart_1-utan-gul-1920x2382.png"},"gradient":"linear-gradient(135deg,rgba(6,147,227,1) 0%,rgb(155,81,224) 100%)","background_repeat":"repeat","background_size":"contain","background_attachment":"fixed","patternColor":{"default":{"color":"#e5e7ea"}},"overlayColor":{"default":{"color":"rgba(255, 255, 255, 0.64)"}},"backgroundColor":{"default":{"color":"var(--theme-palette-color-8)"}}},"tablet":{"background_type":"image","background_pattern":"type-1","background_image":{"attachment_id":411,"x":0,"y":0,"url":"https:\/\/aik.se\/boule\/wp-content\/uploads\/sites\/7\/2023\/04\/aik_monster_svart_1-utan-gul-1920x2382.png"},"gradient":"linear-gradient(135deg,rgba(6,147,227,1) 0%,rgb(155,81,224) 100%)","background_repeat":"repeat","background_size":"contain","background_attachment":"fixed","patternColor":{"default":{"color":"#e5e7ea"}},"overlayColor":{"default":{"color":"rgba(255, 255, 255, 0.64)"}},"backgroundColor":{"default":{"color":"var(--theme-palette-color-8)"}}},"mobile":{"background_type":"image","background_pattern":"type-1","background_image":{"attachment_id":411,"x":0,"y":0,"url":"https:\/\/aik.se\/boule\/wp-content\/uploads\/sites\/7\/2023\/04\/aik_monster_svart_1-utan-gul-1920x2382.png"},"gradient":"linear-gradient(135deg,rgba(6,147,227,1) 0%,rgb(155,81,224) 100%)","background_repeat":"repeat","background_size":"contain","background_attachment":"fixed","patternColor":{"default":{"color":"#e5e7ea"}},"overlayColor":{"default":{"color":"rgba(255, 255, 255, 0.64)"}},"backgroundColor":{"default":{"color":"var(--theme-palette-color-8)"}}},"__changed":[]},"styles_descriptor":{"styles":{"desktop":"[data-prefix=\"single_page\"] {background-position:0% 0%;background-size:contain;background-attachment:fixed;background-color:var(--theme-palette-color-8);background-image:linear-gradient(rgba(255, 255, 255, 0.64), rgba(255, 255, 255, 0.64)), url(https:\/\/aik.se\/boule\/wp-content\/uploads\/sites\/7\/2023\/04\/aik_monster_svart_1-utan-gul.png);}","tablet":"","mobile":""},"google_fonts":[],"version":6}},"taxonomy_info":[],"featured_image_src_large":false,"author_info":{"display_name":"remivesvre","author_link":"https:\/\/aik.se\/petanque\/author\/remivesvre\/"},"comment_info":0,"_links":{"self":[{"href":"https:\/\/aik.se\/petanque\/wp-json\/wp\/v2\/pages\/497","targetHints":{"allow":["GET"]}}],"collection":[{"href":"https:\/\/aik.se\/petanque\/wp-json\/wp\/v2\/pages"}],"about":[{"href":"https:\/\/aik.se\/petanque\/wp-json\/wp\/v2\/types\/page"}],"author":[{"embeddable":true,"href":"https:\/\/aik.se\/petanque\/wp-json\/wp\/v2\/users\/73"}],"replies":[{"embeddable":true,"href":"https:\/\/aik.se\/petanque\/wp-json\/wp\/v2\/comments?post=497"}],"version-history":[{"count":38,"href":"https:\/\/aik.se\/petanque\/wp-json\/wp\/v2\/pages\/497\/revisions"}],"predecessor-version":[{"id":1311,"href":"https:\/\/aik.se\/petanque\/wp-json\/wp\/v2\/pages\/497\/revisions\/1311"}],"up":[{"embeddable":true,"href":"https:\/\/aik.se\/petanque\/wp-json\/wp\/v2\/pages\/60"}],"wp:attachment":[{"href":"https:\/\/aik.se\/petanque\/wp-json\/wp\/v2\/media?parent=497"}],"curies":[{"name":"wp","href":"https:\/\/api.w.org\/{rel}","templated":true}]}}