{"id":64,"date":"2023-01-19T09:06:19","date_gmt":"2023-01-19T08:06:19","guid":{"rendered":"https:\/\/aik.se\/boule\/?page_id=64"},"modified":"2025-05-26T13:36:25","modified_gmt":"2025-05-26T11:36:25","slug":"traning","status":"publish","type":"page","link":"https:\/\/aik.se\/petanque\/traning\/","title":{"rendered":"Tr\u00e4ning"},"content":{"rendered":"\n<h2 class=\"wp-block-heading\" id=\"ftoc-heading-4\">Sommartid, alla \u00e4r v\u00e4lkomna!<\/h2>\n\n\n\n<p>AIK P\u00e9tanque&nbsp;tr\u00e4ningsplan sommartid \u00e4r boulebanorna vid Byparkens Parklek,&nbsp;Huvudsta Centrum. Parkleken ligger 3-4 minuters promenad fr\u00e5n tunnelbanan.<\/p>\n\n\n\n<p>Under perioden maj till b\u00f6rjan av september, tr\u00e4nar vi tisdagar fr\u00e5n ca kl 16 och fram\u00e5t. <\/p>\n\n\n\n<p>Utomhustr\u00e4ningarna sommartid \u00e4r kostnadsfria. H\u00e4r finns tillg\u00e5ng till caf\u00e9 och toaletter.<\/p>\n\n\n\n<figure class=\"wp-block-gallery has-nested-images columns-default is-cropped wp-block-gallery-1 is-layout-flex wp-block-gallery-is-layout-flex\">\n<figure class=\"wp-block-image size-large\"><img loading=\"lazy\" decoding=\"async\" width=\"1024\" height=\"768\" data-id=\"610\" src=\"https:\/\/aik.se\/boule\/wp-content\/uploads\/sites\/7\/2023\/05\/IMG_2897-3-conv-1024x768.jpeg\" alt=\"\" class=\"wp-image-610\" srcset=\"https:\/\/aik.se\/petanque\/wp-content\/uploads\/sites\/7\/2023\/05\/IMG_2897-3-conv-1024x768.jpeg 1024w, https:\/\/aik.se\/petanque\/wp-content\/uploads\/sites\/7\/2023\/05\/IMG_2897-3-conv-300x225.jpeg 300w, https:\/\/aik.se\/petanque\/wp-content\/uploads\/sites\/7\/2023\/05\/IMG_2897-3-conv-768x576.jpeg 768w, https:\/\/aik.se\/petanque\/wp-content\/uploads\/sites\/7\/2023\/05\/IMG_2897-3-conv-1536x1152.jpeg 1536w, https:\/\/aik.se\/petanque\/wp-content\/uploads\/sites\/7\/2023\/05\/IMG_2897-3-conv-500x375.jpeg 500w, https:\/\/aik.se\/petanque\/wp-content\/uploads\/sites\/7\/2023\/05\/IMG_2897-3-conv-800x600.jpeg 800w, https:\/\/aik.se\/petanque\/wp-content\/uploads\/sites\/7\/2023\/05\/IMG_2897-3-conv-1280x960.jpeg 1280w, https:\/\/aik.se\/petanque\/wp-content\/uploads\/sites\/7\/2023\/05\/IMG_2897-3-conv-1920x1440.jpeg 1920w, https:\/\/aik.se\/petanque\/wp-content\/uploads\/sites\/7\/2023\/05\/IMG_2897-3-conv.jpeg 2016w\" sizes=\"auto, (max-width: 1024px) 100vw, 1024px\" \/><\/figure>\n\n\n\n<figure class=\"wp-block-image size-large\"><img loading=\"lazy\" decoding=\"async\" width=\"1024\" height=\"768\" data-id=\"458\" src=\"https:\/\/aik.se\/boule\/wp-content\/uploads\/sites\/7\/2023\/04\/69075572_2581408508577431_9118400343196041216_n-1024x768.jpg\" alt=\"\" class=\"wp-image-458\" srcset=\"https:\/\/aik.se\/petanque\/wp-content\/uploads\/sites\/7\/2023\/04\/69075572_2581408508577431_9118400343196041216_n-1024x768.jpg 1024w, https:\/\/aik.se\/petanque\/wp-content\/uploads\/sites\/7\/2023\/04\/69075572_2581408508577431_9118400343196041216_n-300x225.jpg 300w, https:\/\/aik.se\/petanque\/wp-content\/uploads\/sites\/7\/2023\/04\/69075572_2581408508577431_9118400343196041216_n-768x576.jpg 768w, https:\/\/aik.se\/petanque\/wp-content\/uploads\/sites\/7\/2023\/04\/69075572_2581408508577431_9118400343196041216_n-1536x1152.jpg 1536w, https:\/\/aik.se\/petanque\/wp-content\/uploads\/sites\/7\/2023\/04\/69075572_2581408508577431_9118400343196041216_n-500x375.jpg 500w, https:\/\/aik.se\/petanque\/wp-content\/uploads\/sites\/7\/2023\/04\/69075572_2581408508577431_9118400343196041216_n-800x600.jpg 800w, https:\/\/aik.se\/petanque\/wp-content\/uploads\/sites\/7\/2023\/04\/69075572_2581408508577431_9118400343196041216_n-1280x960.jpg 1280w, https:\/\/aik.se\/petanque\/wp-content\/uploads\/sites\/7\/2023\/04\/69075572_2581408508577431_9118400343196041216_n-1920x1440.jpg 1920w, https:\/\/aik.se\/petanque\/wp-content\/uploads\/sites\/7\/2023\/04\/69075572_2581408508577431_9118400343196041216_n.jpg 2048w\" sizes=\"auto, (max-width: 1024px) 100vw, 1024px\" \/><\/figure>\n<\/figure>\n\n\n\n<figure class=\"wp-block-image size-large\"><img loading=\"lazy\" decoding=\"async\" width=\"1024\" height=\"563\" src=\"https:\/\/aik.se\/boule\/wp-content\/uploads\/sites\/7\/2023\/04\/69075104_2581408321910783_2369357200335306752_n-1024x563.jpg\" alt=\"\" class=\"wp-image-457\" srcset=\"https:\/\/aik.se\/petanque\/wp-content\/uploads\/sites\/7\/2023\/04\/69075104_2581408321910783_2369357200335306752_n-1024x563.jpg 1024w, https:\/\/aik.se\/petanque\/wp-content\/uploads\/sites\/7\/2023\/04\/69075104_2581408321910783_2369357200335306752_n-300x165.jpg 300w, https:\/\/aik.se\/petanque\/wp-content\/uploads\/sites\/7\/2023\/04\/69075104_2581408321910783_2369357200335306752_n-768x422.jpg 768w, https:\/\/aik.se\/petanque\/wp-content\/uploads\/sites\/7\/2023\/04\/69075104_2581408321910783_2369357200335306752_n-1536x844.jpg 1536w, https:\/\/aik.se\/petanque\/wp-content\/uploads\/sites\/7\/2023\/04\/69075104_2581408321910783_2369357200335306752_n-500x275.jpg 500w, https:\/\/aik.se\/petanque\/wp-content\/uploads\/sites\/7\/2023\/04\/69075104_2581408321910783_2369357200335306752_n-800x439.jpg 800w, https:\/\/aik.se\/petanque\/wp-content\/uploads\/sites\/7\/2023\/04\/69075104_2581408321910783_2369357200335306752_n-1280x703.jpg 1280w, https:\/\/aik.se\/petanque\/wp-content\/uploads\/sites\/7\/2023\/04\/69075104_2581408321910783_2369357200335306752_n-1920x1055.jpg 1920w, https:\/\/aik.se\/petanque\/wp-content\/uploads\/sites\/7\/2023\/04\/69075104_2581408321910783_2369357200335306752_n.jpg 2048w\" sizes=\"auto, (max-width: 1024px) 100vw, 1024px\" \/><figcaption class=\"wp-element-caption\">Byparken<\/figcaption><\/figure>\n\n\n\n<div class=\"wp-block-buttons is-content-justification-center is-layout-flex wp-container-core-buttons-is-layout-a89b3969 wp-block-buttons-is-layout-flex\">\n<div class=\"wp-block-button\"><a class=\"wp-block-button__link wp-element-button\" href=\"https:\/\/goo.gl\/maps\/xTSzZL4NMTNcqn739\" target=\"_blank\" rel=\"noreferrer noopener\">Hitta till Byparkens parklek<\/a><\/div>\n<\/div>\n\n\n\n<h2 class=\"wp-block-heading\" id=\"ftoc-heading-6\">Vintertid<\/h2>\n\n\n\n<p>S\u00f6ndagar kl 13\u2013 17&nbsp;i Liljeholmshallen.&nbsp;Prioritet ges till medlemmar i AIK P\u00e9tanque som har betalat aktivitetsavgiften men \u00e4ven andra spelare  \u00e4r v\u00e4lkomna i m\u00e5n av plats.<\/p>\n\n\n\n<p>Vill du b\u00f6rja spela boule eller byta klubb till AIK, \u00e4r du v\u00e4lkommen att provtr\u00e4na. Kontakta\u00a0<a href=\"mailto:info@aikpetanque.se\">info@aikpetanque.se<\/a><\/p>\n\n\n\n<div class=\"wp-block-buttons is-content-justification-center is-layout-flex wp-container-core-buttons-is-layout-a89b3969 wp-block-buttons-is-layout-flex\">\n<div class=\"wp-block-button\"><a class=\"wp-block-button__link wp-element-button\" href=\"https:\/\/goo.gl\/maps\/1mDRUMbPiJEx5ebJ8\" target=\"_blank\" rel=\"noreferrer noopener\">Hitta till Liljeholmshallarna<\/a><\/div>\n<\/div>\n\n\n\n<p><\/p>\n","protected":false},"excerpt":{"rendered":"<p>Sommartid, alla \u00e4r v\u00e4lkomna! AIK P\u00e9tanque&nbsp;tr\u00e4ningsplan sommartid \u00e4r boulebanorna vid Byparkens Parklek,&nbsp;Huvudsta Centrum. Parkleken ligger 3-4 minuters promenad fr\u00e5n tunnelbanan. Under perioden maj till b\u00f6rjan av september, tr\u00e4nar vi tisdagar [&hellip;]<\/p>\n","protected":false},"author":73,"featured_media":0,"parent":0,"menu_order":0,"comment_status":"closed","ping_status":"closed","template":"","meta":{"_kad_blocks_custom_css":"","_kad_blocks_head_custom_js":"","_kad_blocks_body_custom_js":"","_kad_blocks_footer_custom_js":"","_EventAllDay":false,"_EventTimezone":"","_EventStartDate":"","_EventEndDate":"","_EventStartDateUTC":"","_EventEndDateUTC":"","_EventShowMap":false,"_EventShowMapLink":false,"_EventURL":"","_EventCost":"","_EventCostDescription":"","_EventCurrencySymbol":"","_EventCurrencyCode":"","_EventCurrencyPosition":"","_EventDateTimeSeparator":"","_EventTimeRangeSeparator":"","_EventOrganizerID":[],"_EventVenueID":[],"_OrganizerEmail":"","_OrganizerPhone":"","_OrganizerWebsite":"","_VenueAddress":"","_VenueCity":"","_VenueCountry":"","_VenueProvince":"","_VenueState":"","_VenueZip":"","_VenuePhone":"","_VenueURL":"","_VenueStateProvince":"","_VenueLat":"","_VenueLng":"","_VenueShowMap":false,"_VenueShowMapLink":false,"_vp_format_video_url":"","_vp_image_focal_point":[],"_vp_custom_popup_image":0,"_vp_format_audio_url":"","_vp_album_images":[],"_vp_custom_thumbnail":0,"_vp_custom_thumbnail_focal_point":[],"_vp_custom_thumbnail_cover":0,"_vp_hover_thumbnail":0,"_vp_hover_thumbnail_focal_point":[],"footnotes":""},"class_list":["post-64","page","type-page","status-publish","hentry"],"blocksy_meta":{"styles_descriptor":{"styles":{"desktop":"[data-prefix=\"single_page\"] {background-position:0% 0%;background-size:contain;background-attachment:fixed;background-color:#ffffff;background-image:linear-gradient(rgba(255, 255, 255, 0.61), rgba(255, 255, 255, 0.61)), url(https:\/\/aik.se\/boule\/wp-content\/uploads\/sites\/7\/2023\/04\/aik_monster_svart_1-utan-gul.png);}","tablet":"","mobile":""},"google_fonts":[],"version":6},"background":{"background_type":{"background_type":"image","background_pattern":"type-1","background_image":{"attachment_id":411,"x":0,"y":0,"url":"https:\/\/aik.se\/boule\/wp-content\/uploads\/sites\/7\/2023\/04\/aik_monster_svart_1-utan-gul-1920x2382.png"},"gradient":"linear-gradient(135deg,rgba(6,147,227,1) 0%,rgb(155,81,224) 100%)","background_repeat":"repeat","background_size":"contain","background_attachment":"fixed","patternColor":{"default":{"color":"#e5e7ea"}},"overlayColor":{"default":{"color":"rgba(255, 255, 255, 0.61)"}},"backgroundColor":{"default":{"color":"#ffffff"}}},"background_pattern":{"background_type":"image","background_pattern":"type-1","background_image":{"attachment_id":411,"x":0,"y":0,"url":"https:\/\/aik.se\/boule\/wp-content\/uploads\/sites\/7\/2023\/04\/aik_monster_svart_1-utan-gul-1920x2382.png"},"gradient":"linear-gradient(135deg,rgba(6,147,227,1) 0%,rgb(155,81,224) 100%)","background_repeat":"repeat","background_size":"contain","background_attachment":"fixed","patternColor":{"default":{"color":"#e5e7ea"}},"overlayColor":{"default":{"color":"rgba(255, 255, 255, 0.61)"}},"backgroundColor":{"default":{"color":"#ffffff"}}},"background_image":{"background_type":"image","background_pattern":"type-1","background_image":{"attachment_id":411,"x":0,"y":0,"url":"https:\/\/aik.se\/boule\/wp-content\/uploads\/sites\/7\/2023\/04\/aik_monster_svart_1-utan-gul-1920x2382.png"},"gradient":"linear-gradient(135deg,rgba(6,147,227,1) 0%,rgb(155,81,224) 100%)","background_repeat":"repeat","background_size":"contain","background_attachment":"fixed","patternColor":{"default":{"color":"#e5e7ea"}},"overlayColor":{"default":{"color":"rgba(255, 255, 255, 0.61)"}},"backgroundColor":{"default":{"color":"#ffffff"}}},"gradient":{"background_type":"image","background_pattern":"type-1","background_image":{"attachment_id":411,"x":0,"y":0,"url":"https:\/\/aik.se\/boule\/wp-content\/uploads\/sites\/7\/2023\/04\/aik_monster_svart_1-utan-gul-1920x2382.png"},"gradient":"linear-gradient(135deg,rgba(6,147,227,1) 0%,rgb(155,81,224) 100%)","background_repeat":"repeat","background_size":"contain","background_attachment":"fixed","patternColor":{"default":{"color":"#e5e7ea"}},"overlayColor":{"default":{"color":"rgba(255, 255, 255, 0.61)"}},"backgroundColor":{"default":{"color":"#ffffff"}}},"background_repeat":{"background_type":"image","background_pattern":"type-1","background_image":{"attachment_id":411,"x":0,"y":0,"url":"https:\/\/aik.se\/boule\/wp-content\/uploads\/sites\/7\/2023\/04\/aik_monster_svart_1-utan-gul-1920x2382.png"},"gradient":"linear-gradient(135deg,rgba(6,147,227,1) 0%,rgb(155,81,224) 100%)","background_repeat":"repeat","background_size":"contain","background_attachment":"fixed","patternColor":{"default":{"color":"#e5e7ea"}},"overlayColor":{"default":{"color":"rgba(255, 255, 255, 0.61)"}},"backgroundColor":{"default":{"color":"#ffffff"}}},"background_size":{"background_type":"image","background_pattern":"type-1","background_image":{"attachment_id":411,"x":0,"y":0,"url":"https:\/\/aik.se\/boule\/wp-content\/uploads\/sites\/7\/2023\/04\/aik_monster_svart_1-utan-gul-1920x2382.png"},"gradient":"linear-gradient(135deg,rgba(6,147,227,1) 0%,rgb(155,81,224) 100%)","background_repeat":"repeat","background_size":"contain","background_attachment":"fixed","patternColor":{"default":{"color":"#e5e7ea"}},"overlayColor":{"default":{"color":"rgba(255, 255, 255, 0.61)"}},"backgroundColor":{"default":{"color":"#ffffff"}}},"background_attachment":{"background_type":"image","background_pattern":"type-1","background_image":{"attachment_id":411,"x":0,"y":0,"url":"https:\/\/aik.se\/boule\/wp-content\/uploads\/sites\/7\/2023\/04\/aik_monster_svart_1-utan-gul-1920x2382.png"},"gradient":"linear-gradient(135deg,rgba(6,147,227,1) 0%,rgb(155,81,224) 100%)","background_repeat":"repeat","background_size":"contain","background_attachment":"fixed","patternColor":{"default":{"color":"#e5e7ea"}},"overlayColor":{"default":{"color":"rgba(255, 255, 255, 0.61)"}},"backgroundColor":{"default":{"color":"#ffffff"}}},"patternColor":{"background_type":"image","background_pattern":"type-1","background_image":{"attachment_id":411,"x":0,"y":0,"url":"https:\/\/aik.se\/boule\/wp-content\/uploads\/sites\/7\/2023\/04\/aik_monster_svart_1-utan-gul-1920x2382.png"},"gradient":"linear-gradient(135deg,rgba(6,147,227,1) 0%,rgb(155,81,224) 100%)","background_repeat":"repeat","background_size":"contain","background_attachment":"fixed","patternColor":{"default":{"color":"#e5e7ea"}},"overlayColor":{"default":{"color":"rgba(255, 255, 255, 0.61)"}},"backgroundColor":{"default":{"color":"#ffffff"}}},"overlayColor":{"background_type":"image","background_pattern":"type-1","background_image":{"attachment_id":411,"x":0,"y":0,"url":"https:\/\/aik.se\/boule\/wp-content\/uploads\/sites\/7\/2023\/04\/aik_monster_svart_1-utan-gul-1920x2382.png"},"gradient":"linear-gradient(135deg,rgba(6,147,227,1) 0%,rgb(155,81,224) 100%)","background_repeat":"repeat","background_size":"contain","background_attachment":"fixed","patternColor":{"default":{"color":"#e5e7ea"}},"overlayColor":{"default":{"color":"rgba(255, 255, 255, 0.61)"}},"backgroundColor":{"default":{"color":"#ffffff"}}},"backgroundColor":{"background_type":"image","background_pattern":"type-1","background_image":{"attachment_id":411,"x":0,"y":0,"url":"https:\/\/aik.se\/boule\/wp-content\/uploads\/sites\/7\/2023\/04\/aik_monster_svart_1-utan-gul-1920x2382.png"},"gradient":"linear-gradient(135deg,rgba(6,147,227,1) 0%,rgb(155,81,224) 100%)","background_repeat":"repeat","background_size":"contain","background_attachment":"fixed","patternColor":{"default":{"color":"#e5e7ea"}},"overlayColor":{"default":{"color":"rgba(255, 255, 255, 0.61)"}},"backgroundColor":{"default":{"color":"#ffffff"}}},"desktop":{"background_type":"image","background_pattern":"type-1","background_image":{"attachment_id":411,"x":0,"y":0,"url":"https:\/\/aik.se\/boule\/wp-content\/uploads\/sites\/7\/2023\/04\/aik_monster_svart_1-utan-gul-1920x2382.png"},"gradient":"linear-gradient(135deg,rgba(6,147,227,1) 0%,rgb(155,81,224) 100%)","background_repeat":"repeat","background_size":"contain","background_attachment":"fixed","patternColor":{"default":{"color":"#e5e7ea"}},"overlayColor":{"default":{"color":"rgba(255, 255, 255, 0.61)"}},"backgroundColor":{"default":{"color":"#ffffff"}}},"tablet":{"background_type":"image","background_pattern":"type-1","background_image":{"attachment_id":411,"x":0,"y":0,"url":"https:\/\/aik.se\/boule\/wp-content\/uploads\/sites\/7\/2023\/04\/aik_monster_svart_1-utan-gul-1920x2382.png"},"gradient":"linear-gradient(135deg,rgba(6,147,227,1) 0%,rgb(155,81,224) 100%)","background_repeat":"repeat","background_size":"contain","background_attachment":"fixed","patternColor":{"default":{"color":"#e5e7ea"}},"overlayColor":{"default":{"color":"rgba(255, 255, 255, 0.61)"}},"backgroundColor":{"default":{"color":"#ffffff"}}},"mobile":{"background_type":"image","background_pattern":"type-1","background_image":{"attachment_id":411,"x":0,"y":0,"url":"https:\/\/aik.se\/boule\/wp-content\/uploads\/sites\/7\/2023\/04\/aik_monster_svart_1-utan-gul-1920x2382.png"},"gradient":"linear-gradient(135deg,rgba(6,147,227,1) 0%,rgb(155,81,224) 100%)","background_repeat":"repeat","background_size":"contain","background_attachment":"fixed","patternColor":{"default":{"color":"#e5e7ea"}},"overlayColor":{"default":{"color":"rgba(255, 255, 255, 0.61)"}},"backgroundColor":{"default":{"color":"#ffffff"}}},"__changed":[]}},"taxonomy_info":[],"featured_image_src_large":false,"author_info":{"display_name":"remivesvre","author_link":"https:\/\/aik.se\/petanque\/author\/remivesvre\/"},"comment_info":0,"_links":{"self":[{"href":"https:\/\/aik.se\/petanque\/wp-json\/wp\/v2\/pages\/64","targetHints":{"allow":["GET"]}}],"collection":[{"href":"https:\/\/aik.se\/petanque\/wp-json\/wp\/v2\/pages"}],"about":[{"href":"https:\/\/aik.se\/petanque\/wp-json\/wp\/v2\/types\/page"}],"author":[{"embeddable":true,"href":"https:\/\/aik.se\/petanque\/wp-json\/wp\/v2\/users\/73"}],"replies":[{"embeddable":true,"href":"https:\/\/aik.se\/petanque\/wp-json\/wp\/v2\/comments?post=64"}],"version-history":[{"count":22,"href":"https:\/\/aik.se\/petanque\/wp-json\/wp\/v2\/pages\/64\/revisions"}],"predecessor-version":[{"id":1274,"href":"https:\/\/aik.se\/petanque\/wp-json\/wp\/v2\/pages\/64\/revisions\/1274"}],"wp:attachment":[{"href":"https:\/\/aik.se\/petanque\/wp-json\/wp\/v2\/media?parent=64"}],"curies":[{"name":"wp","href":"https:\/\/api.w.org\/{rel}","templated":true}]}}