{"id":70,"date":"2023-01-19T09:07:43","date_gmt":"2023-01-19T08:07:43","guid":{"rendered":"https:\/\/aik.se\/boule\/?page_id=70"},"modified":"2025-11-03T10:34:17","modified_gmt":"2025-11-03T09:34:17","slug":"bli-medlem","status":"publish","type":"page","link":"https:\/\/aik.se\/petanque\/klubben\/bli-medlem\/","title":{"rendered":"Bli medlem"},"content":{"rendered":"\n<p>Medlemskap i AIK P\u00e9tanque best\u00e5r av 2 olika delar, dels medlemskap i AIK huvudf\u00f6reningen som \u00e4r obligatorisk och dels aktivitetsavgift AIK P\u00e9tanque<\/p>\n\n\n<style>.wp-block-kadence-advancedbtn.kb-btns70_406104-3a{gap:var(--global-kb-gap-xs, 0.5rem );justify-content:center;align-items:center;}.kt-btns70_406104-3a .kt-button{font-weight:normal;font-style:normal;}.kt-btns70_406104-3a .kt-btn-wrap-0{margin-right:5px;}.wp-block-kadence-advancedbtn.kt-btns70_406104-3a .kt-btn-wrap-0 .kt-button{color:#555555;border-color:#555555;}.wp-block-kadence-advancedbtn.kt-btns70_406104-3a .kt-btn-wrap-0 .kt-button:hover, .wp-block-kadence-advancedbtn.kt-btns70_406104-3a .kt-btn-wrap-0 .kt-button:focus{color:#ffffff;border-color:#444444;}.wp-block-kadence-advancedbtn.kt-btns70_406104-3a .kt-btn-wrap-0 .kt-button::before{display:none;}.wp-block-kadence-advancedbtn.kt-btns70_406104-3a .kt-btn-wrap-0 .kt-button:hover, .wp-block-kadence-advancedbtn.kt-btns70_406104-3a .kt-btn-wrap-0 .kt-button:focus{background:#444444;}<\/style>\n<div class=\"wp-block-kadence-advancedbtn kb-buttons-wrap kb-btns70_406104-3a\"><style>ul.menu .wp-block-kadence-advancedbtn .kb-btn70_88d7f1-64.kb-button{width:initial;}.wp-block-kadence-advancedbtn .kb-btn70_88d7f1-64.kb-button{color:var(--theme-palette-color-5, #ffffff);background:rgba(160,125,91,0.97);}<\/style><a class=\"kb-button kt-button button kb-btn70_88d7f1-64 kt-btn-size-large kt-btn-width-type-auto kb-btn-global-fill  kt-btn-has-text-true kt-btn-has-svg-false  wp-block-kadence-singlebtn\" href=\"https:\/\/member.myclub.se\/public\/forms\/16494\/bYkj8c9v0F\/\"><span class=\"kt-btn-inner-text\">Ans\u00f6k om medlemskap<\/span><\/a><\/div>\n\n\n\n<h2 class=\"wp-block-heading\">1- Medlemskap i AIK huvudf\u00f6rening.<\/h2>\n\n\n\n<p>Obligatoriskt f\u00f6r alla. Ans\u00f6kan om medlemskap g\u00f6rs <a href=\"https:\/\/member.myclub.se\/public\/forms\/13459\/k03lfOEXsy\/\" data-type=\"URL\" data-id=\"https:\/\/sportadmin.se\/book\/?F=8c5cbc68-ac3d-4da1-8a3e-e328d60af8d0\" target=\"_blank\" rel=\"noreferrer noopener\">h\u00e4r<\/a> och vid fr\u00e5gor mejla <a href=\"mailto:medlem@aik.se\" target=\"_blank\" rel=\"noreferrer noopener\">medlem@aik.se<\/a><\/p>\n\n\n\n<p>Allm\u00e4nna Idrottsklubben AIK har f\u00f6ljande medlemsavgifter och \u00e5ldersgr\u00e4nser f\u00f6r medlemsperioden 2025-10-01 \u2013 2026-12-31. Betalas till AIK <strong>Bankgiro:<\/strong>&nbsp;620 \u2013 7021<br><br><strong>Gnagismedlem&nbsp;<\/strong>0-12 \u00e5r: 150 kr<br><strong>Ungdomsmedlem&nbsp;<\/strong>13-24 \u00e5r: 200 kr<br><strong>Vuxenmedlem&nbsp;<\/strong>25-64 \u00e5r: 600 kr<br><strong>Pension\u00e4rsmedlem&nbsp;<\/strong>65 \u00e5r och \u00e4ldre: 400 kr<br><strong>Familjeavgift*<\/strong>: 900 kr&nbsp;<br><strong>St\u00e4ndig medlem:&nbsp;<\/strong>eng\u00e5ngsavgift 8 000 kr<\/p>\n\n\n<style>.wp-block-kadence-advancedheading.kt-adv-heading70_7324c0-3c, .wp-block-kadence-advancedheading.kt-adv-heading70_7324c0-3c[data-kb-block=\"kb-adv-heading70_7324c0-3c\"]{font-style:normal;}.wp-block-kadence-advancedheading.kt-adv-heading70_7324c0-3c mark.kt-highlight, .wp-block-kadence-advancedheading.kt-adv-heading70_7324c0-3c[data-kb-block=\"kb-adv-heading70_7324c0-3c\"] mark.kt-highlight{font-style:normal;color:#f76a0c;-webkit-box-decoration-break:clone;box-decoration-break:clone;padding-top:0px;padding-right:0px;padding-bottom:0px;padding-left:0px;}.wp-block-kadence-advancedheading.kt-adv-heading70_7324c0-3c img.kb-inline-image, .wp-block-kadence-advancedheading.kt-adv-heading70_7324c0-3c[data-kb-block=\"kb-adv-heading70_7324c0-3c\"] img.kb-inline-image{width:150px;vertical-align:baseline;}<\/style>\n<h2 class=\"kt-adv-heading70_7324c0-3c wp-block-kadence-advancedheading\" data-kb-block=\"kb-adv-heading70_7324c0-3c\">2- Medlemskap i AIK P\u00e9tanquef\u00f6rening.<\/h2>\n\n\n\n<ul class=\"wp-block-list\">\n<li>Ans\u00f6k via <a href=\"mailto:info@aikpetanque.se\">info@aikpetanque.se<\/a> , Gratis 0 kr<\/li>\n<\/ul>\n\n\n<style>.wp-block-kadence-advancedheading.kt-adv-heading70_bf19e0-66, .wp-block-kadence-advancedheading.kt-adv-heading70_bf19e0-66[data-kb-block=\"kb-adv-heading70_bf19e0-66\"]{font-style:normal;}.wp-block-kadence-advancedheading.kt-adv-heading70_bf19e0-66 mark.kt-highlight, .wp-block-kadence-advancedheading.kt-adv-heading70_bf19e0-66[data-kb-block=\"kb-adv-heading70_bf19e0-66\"] mark.kt-highlight{font-style:normal;color:#f76a0c;-webkit-box-decoration-break:clone;box-decoration-break:clone;padding-top:0px;padding-right:0px;padding-bottom:0px;padding-left:0px;}.wp-block-kadence-advancedheading.kt-adv-heading70_bf19e0-66 img.kb-inline-image, .wp-block-kadence-advancedheading.kt-adv-heading70_bf19e0-66[data-kb-block=\"kb-adv-heading70_bf19e0-66\"] img.kb-inline-image{width:150px;vertical-align:baseline;}<\/style>\n<h2 class=\"kt-adv-heading70_bf19e0-66 wp-block-kadence-advancedheading\" data-kb-block=\"kb-adv-heading70_bf19e0-66\">3- Aktivitetsavgift . <\/h2>\n\n\n\n<ul class=\"wp-block-list\">\n<li>Senior (fr\u00e5n 18 \u00e5r): 500 kr.  <\/li>\n\n\n\n<li>Barn\/Ungdom (t o m 17 \u00e5r) inkl f\u00f6rs\u00e4kring\/RF: Gratis om du \u00e4r medlem i AIK.<\/li>\n\n\n\n<li>Kontakta <a href=\"mailto:info@aikpetanque.se\">info@aikpetanque.se<\/a><\/li>\n\n\n\n<li>Betalas till AIK P\u00e9tanque <strong>Plusgiro:<\/strong>&nbsp;60 06 35 \u2013 7<\/li>\n<\/ul>\n\n\n\n<h2 class=\"wp-block-heading\">4- T\u00e4vlingslicens (f\u00f6r t\u00e4vlande spelare)<\/h2>\n\n\n\n<ul class=\"wp-block-list\">\n<li>T\u00e4vlingslicens omfattar f\u00f6rs\u00e4kring\/RF, Senior (18 \u00e5r): 300 kr.<\/li>\n\n\n\n<li>Ungdom (upp till 17 \u00e5r) 100 kr<\/li>\n\n\n\n<li>Kontakta <a href=\"mailto:info@aikpetanque.se\">info@aikpetanque.se<\/a><\/li>\n\n\n\n<li>Betalas till AIK Petanque <strong>Plusgiro:<\/strong>&nbsp;60 06 35 \u2013 7<\/li>\n<\/ul>\n","protected":false},"excerpt":{"rendered":"<p>Medlemskap i AIK P\u00e9tanque best\u00e5r av 2 olika delar, dels medlemskap i AIK huvudf\u00f6reningen som \u00e4r obligatorisk och dels aktivitetsavgift AIK P\u00e9tanque 1- Medlemskap i AIK huvudf\u00f6rening. Obligatoriskt f\u00f6r alla. [&hellip;]<\/p>\n","protected":false},"author":73,"featured_media":0,"parent":38,"menu_order":0,"comment_status":"closed","ping_status":"closed","template":"","meta":{"_kad_blocks_custom_css":"","_kad_blocks_head_custom_js":"","_kad_blocks_body_custom_js":"","_kad_blocks_footer_custom_js":"","_EventAllDay":false,"_EventTimezone":"","_EventStartDate":"","_EventEndDate":"","_EventStartDateUTC":"","_EventEndDateUTC":"","_EventShowMap":false,"_EventShowMapLink":false,"_EventURL":"","_EventCost":"","_EventCostDescription":"","_EventCurrencySymbol":"","_EventCurrencyCode":"","_EventCurrencyPosition":"","_EventDateTimeSeparator":"","_EventTimeRangeSeparator":"","_EventOrganizerID":[],"_EventVenueID":[],"_OrganizerEmail":"","_OrganizerPhone":"","_OrganizerWebsite":"","_VenueAddress":"","_VenueCity":"","_VenueCountry":"","_VenueProvince":"","_VenueState":"","_VenueZip":"","_VenuePhone":"","_VenueURL":"","_VenueStateProvince":"","_VenueLat":"","_VenueLng":"","_VenueShowMap":false,"_VenueShowMapLink":false,"_vp_format_video_url":"","_vp_image_focal_point":[],"_vp_custom_popup_image":0,"_vp_format_audio_url":"","_vp_album_images":[],"_vp_custom_thumbnail":0,"_vp_custom_thumbnail_focal_point":[],"_vp_custom_thumbnail_cover":0,"_vp_hover_thumbnail":0,"_vp_hover_thumbnail_focal_point":[],"footnotes":""},"class_list":["post-70","page","type-page","status-publish","hentry"],"blocksy_meta":{"styles_descriptor":{"styles":{"desktop":"[data-prefix=\"single_page\"] {background-position:0% 0%;background-size:contain;background-attachment:fixed;background-color:#ffffff;background-image:linear-gradient(rgba(255, 255, 255, 0.66), rgba(255, 255, 255, 0.66)), url(https:\/\/aik.se\/boule\/wp-content\/uploads\/sites\/7\/2023\/04\/aik_monster_svart_1-utan-gul.png);}","tablet":"","mobile":""},"google_fonts":[],"version":6},"background":{"background_type":{"background_type":"image","background_pattern":"type-1","background_image":{"attachment_id":411,"x":0,"y":0,"url":"https:\/\/aik.se\/boule\/wp-content\/uploads\/sites\/7\/2023\/04\/aik_monster_svart_1-utan-gul-1920x2382.png"},"gradient":"linear-gradient(135deg,rgba(6,147,227,1) 0%,rgb(155,81,224) 100%)","background_repeat":"repeat","background_size":"contain","background_attachment":"fixed","patternColor":{"default":{"color":"#e5e7ea"}},"overlayColor":{"default":{"color":"rgba(255, 255, 255, 0.66)"}},"backgroundColor":{"default":{"color":"#ffffff"}}},"background_pattern":{"background_type":"image","background_pattern":"type-1","background_image":{"attachment_id":411,"x":0,"y":0,"url":"https:\/\/aik.se\/boule\/wp-content\/uploads\/sites\/7\/2023\/04\/aik_monster_svart_1-utan-gul-1920x2382.png"},"gradient":"linear-gradient(135deg,rgba(6,147,227,1) 0%,rgb(155,81,224) 100%)","background_repeat":"repeat","background_size":"contain","background_attachment":"fixed","patternColor":{"default":{"color":"#e5e7ea"}},"overlayColor":{"default":{"color":"rgba(255, 255, 255, 0.66)"}},"backgroundColor":{"default":{"color":"#ffffff"}}},"background_image":{"background_type":"image","background_pattern":"type-1","background_image":{"attachment_id":411,"x":0,"y":0,"url":"https:\/\/aik.se\/boule\/wp-content\/uploads\/sites\/7\/2023\/04\/aik_monster_svart_1-utan-gul-1920x2382.png"},"gradient":"linear-gradient(135deg,rgba(6,147,227,1) 0%,rgb(155,81,224) 100%)","background_repeat":"repeat","background_size":"contain","background_attachment":"fixed","patternColor":{"default":{"color":"#e5e7ea"}},"overlayColor":{"default":{"color":"rgba(255, 255, 255, 0.66)"}},"backgroundColor":{"default":{"color":"#ffffff"}}},"gradient":{"background_type":"image","background_pattern":"type-1","background_image":{"attachment_id":411,"x":0,"y":0,"url":"https:\/\/aik.se\/boule\/wp-content\/uploads\/sites\/7\/2023\/04\/aik_monster_svart_1-utan-gul-1920x2382.png"},"gradient":"linear-gradient(135deg,rgba(6,147,227,1) 0%,rgb(155,81,224) 100%)","background_repeat":"repeat","background_size":"contain","background_attachment":"fixed","patternColor":{"default":{"color":"#e5e7ea"}},"overlayColor":{"default":{"color":"rgba(255, 255, 255, 0.66)"}},"backgroundColor":{"default":{"color":"#ffffff"}}},"background_repeat":{"background_type":"image","background_pattern":"type-1","background_image":{"attachment_id":411,"x":0,"y":0,"url":"https:\/\/aik.se\/boule\/wp-content\/uploads\/sites\/7\/2023\/04\/aik_monster_svart_1-utan-gul-1920x2382.png"},"gradient":"linear-gradient(135deg,rgba(6,147,227,1) 0%,rgb(155,81,224) 100%)","background_repeat":"repeat","background_size":"contain","background_attachment":"fixed","patternColor":{"default":{"color":"#e5e7ea"}},"overlayColor":{"default":{"color":"rgba(255, 255, 255, 0.66)"}},"backgroundColor":{"default":{"color":"#ffffff"}}},"background_size":{"background_type":"image","background_pattern":"type-1","background_image":{"attachment_id":411,"x":0,"y":0,"url":"https:\/\/aik.se\/boule\/wp-content\/uploads\/sites\/7\/2023\/04\/aik_monster_svart_1-utan-gul-1920x2382.png"},"gradient":"linear-gradient(135deg,rgba(6,147,227,1) 0%,rgb(155,81,224) 100%)","background_repeat":"repeat","background_size":"contain","background_attachment":"fixed","patternColor":{"default":{"color":"#e5e7ea"}},"overlayColor":{"default":{"color":"rgba(255, 255, 255, 0.66)"}},"backgroundColor":{"default":{"color":"#ffffff"}}},"background_attachment":{"background_type":"image","background_pattern":"type-1","background_image":{"attachment_id":411,"x":0,"y":0,"url":"https:\/\/aik.se\/boule\/wp-content\/uploads\/sites\/7\/2023\/04\/aik_monster_svart_1-utan-gul-1920x2382.png"},"gradient":"linear-gradient(135deg,rgba(6,147,227,1) 0%,rgb(155,81,224) 100%)","background_repeat":"repeat","background_size":"contain","background_attachment":"fixed","patternColor":{"default":{"color":"#e5e7ea"}},"overlayColor":{"default":{"color":"rgba(255, 255, 255, 0.66)"}},"backgroundColor":{"default":{"color":"#ffffff"}}},"patternColor":{"background_type":"image","background_pattern":"type-1","background_image":{"attachment_id":411,"x":0,"y":0,"url":"https:\/\/aik.se\/boule\/wp-content\/uploads\/sites\/7\/2023\/04\/aik_monster_svart_1-utan-gul-1920x2382.png"},"gradient":"linear-gradient(135deg,rgba(6,147,227,1) 0%,rgb(155,81,224) 100%)","background_repeat":"repeat","background_size":"contain","background_attachment":"fixed","patternColor":{"default":{"color":"#e5e7ea"}},"overlayColor":{"default":{"color":"rgba(255, 255, 255, 0.66)"}},"backgroundColor":{"default":{"color":"#ffffff"}}},"overlayColor":{"background_type":"image","background_pattern":"type-1","background_image":{"attachment_id":411,"x":0,"y":0,"url":"https:\/\/aik.se\/boule\/wp-content\/uploads\/sites\/7\/2023\/04\/aik_monster_svart_1-utan-gul-1920x2382.png"},"gradient":"linear-gradient(135deg,rgba(6,147,227,1) 0%,rgb(155,81,224) 100%)","background_repeat":"repeat","background_size":"contain","background_attachment":"fixed","patternColor":{"default":{"color":"#e5e7ea"}},"overlayColor":{"default":{"color":"rgba(255, 255, 255, 0.66)"}},"backgroundColor":{"default":{"color":"#ffffff"}}},"backgroundColor":{"background_type":"image","background_pattern":"type-1","background_image":{"attachment_id":411,"x":0,"y":0,"url":"https:\/\/aik.se\/boule\/wp-content\/uploads\/sites\/7\/2023\/04\/aik_monster_svart_1-utan-gul-1920x2382.png"},"gradient":"linear-gradient(135deg,rgba(6,147,227,1) 0%,rgb(155,81,224) 100%)","background_repeat":"repeat","background_size":"contain","background_attachment":"fixed","patternColor":{"default":{"color":"#e5e7ea"}},"overlayColor":{"default":{"color":"rgba(255, 255, 255, 0.66)"}},"backgroundColor":{"default":{"color":"#ffffff"}}},"desktop":{"background_type":"image","background_pattern":"type-1","background_image":{"attachment_id":411,"x":0,"y":0,"url":"https:\/\/aik.se\/boule\/wp-content\/uploads\/sites\/7\/2023\/04\/aik_monster_svart_1-utan-gul-1920x2382.png"},"gradient":"linear-gradient(135deg,rgba(6,147,227,1) 0%,rgb(155,81,224) 100%)","background_repeat":"repeat","background_size":"contain","background_attachment":"fixed","patternColor":{"default":{"color":"#e5e7ea"}},"overlayColor":{"default":{"color":"rgba(255, 255, 255, 0.66)"}},"backgroundColor":{"default":{"color":"#ffffff"}}},"tablet":{"background_type":"image","background_pattern":"type-1","background_image":{"attachment_id":411,"x":0,"y":0,"url":"https:\/\/aik.se\/boule\/wp-content\/uploads\/sites\/7\/2023\/04\/aik_monster_svart_1-utan-gul-1920x2382.png"},"gradient":"linear-gradient(135deg,rgba(6,147,227,1) 0%,rgb(155,81,224) 100%)","background_repeat":"repeat","background_size":"contain","background_attachment":"fixed","patternColor":{"default":{"color":"#e5e7ea"}},"overlayColor":{"default":{"color":"rgba(255, 255, 255, 0.66)"}},"backgroundColor":{"default":{"color":"#ffffff"}}},"mobile":{"background_type":"image","background_pattern":"type-1","background_image":{"attachment_id":411,"x":0,"y":0,"url":"https:\/\/aik.se\/boule\/wp-content\/uploads\/sites\/7\/2023\/04\/aik_monster_svart_1-utan-gul-1920x2382.png"},"gradient":"linear-gradient(135deg,rgba(6,147,227,1) 0%,rgb(155,81,224) 100%)","background_repeat":"repeat","background_size":"contain","background_attachment":"fixed","patternColor":{"default":{"color":"#e5e7ea"}},"overlayColor":{"default":{"color":"rgba(255, 255, 255, 0.66)"}},"backgroundColor":{"default":{"color":"#ffffff"}}},"__changed":[]}},"taxonomy_info":[],"featured_image_src_large":false,"author_info":{"display_name":"remivesvre","author_link":"https:\/\/aik.se\/petanque\/author\/remivesvre\/"},"comment_info":0,"_links":{"self":[{"href":"https:\/\/aik.se\/petanque\/wp-json\/wp\/v2\/pages\/70","targetHints":{"allow":["GET"]}}],"collection":[{"href":"https:\/\/aik.se\/petanque\/wp-json\/wp\/v2\/pages"}],"about":[{"href":"https:\/\/aik.se\/petanque\/wp-json\/wp\/v2\/types\/page"}],"author":[{"embeddable":true,"href":"https:\/\/aik.se\/petanque\/wp-json\/wp\/v2\/users\/73"}],"replies":[{"embeddable":true,"href":"https:\/\/aik.se\/petanque\/wp-json\/wp\/v2\/comments?post=70"}],"version-history":[{"count":30,"href":"https:\/\/aik.se\/petanque\/wp-json\/wp\/v2\/pages\/70\/revisions"}],"predecessor-version":[{"id":1342,"href":"https:\/\/aik.se\/petanque\/wp-json\/wp\/v2\/pages\/70\/revisions\/1342"}],"up":[{"embeddable":true,"href":"https:\/\/aik.se\/petanque\/wp-json\/wp\/v2\/pages\/38"}],"wp:attachment":[{"href":"https:\/\/aik.se\/petanque\/wp-json\/wp\/v2\/media?parent=70"}],"curies":[{"name":"wp","href":"https:\/\/api.w.org\/{rel}","templated":true}]}}