{"id":77,"date":"2023-01-19T09:14:30","date_gmt":"2023-01-19T08:14:30","guid":{"rendered":"https:\/\/aik.se\/boule\/?page_id=77"},"modified":"2023-04-24T17:21:39","modified_gmt":"2023-04-24T15:21:39","slug":"sponsring","status":"publish","type":"page","link":"https:\/\/aik.se\/petanque\/sponsring\/","title":{"rendered":"Sponsring"},"content":{"rendered":"\n<h2 class=\"wp-block-heading\" id=\"ftoc-heading-7\">Samarbeta med AIK Boule<\/h2>\n\n\n\n<p>Vill du synas i samband med v\u00e5ra tr\u00e4ningar, matcher eller arrangemang? Eller vill du att AIK Boule ska hj\u00e4lpa dig att anordna en uppskattad kund- eller personaltr\u00e4ff med instrukt\u00f6r, boulespel och en matbit med svartgul inramning?<\/p>\n\n\n\n<p>Kanske vill du st\u00f6tta v\u00e5r unika barn- och ungdomsverksamhet \u2013 den enda helt avgiftsfria ungdomsidrotten i Stockholmsregionen \u2013 f\u00f6r alla barns r\u00e4tt och m\u00f6jlighet till idrott p\u00e5 sina villkor och utifr\u00e5n sina f\u00f6ruts\u00e4ttningar? AIK Ungdomsboule samarbetar med allt fr\u00e5n Solna Stad till AIK Ungdomsfotboll och Norrbacka Handikapp IF. Att driva en kostnadsfri barn- och ungdomsidrottsverksamhet kostar pengar. Material, utrustning, tr\u00e4ningstider \u2013 allt kostar pengar. Ditt st\u00f6d g\u00f6r det m\u00f6jligt, samtidigt som ditt f\u00f6retag kopplas ihop med positiva v\u00e4rden som st\u00e4rker ert varum\u00e4rke. Tillsammans g\u00f6r vi skillnad!<\/p>\n\n\n\n<h3 class=\"wp-block-heading\" id=\"block-3bad82f9-bea6-4c93-ba9f-c46b5adad580\">Hur vill ditt f\u00f6retag synas?<\/h3>\n\n\n\n<p>AIK Boule erbjuder dig och ditt f\u00f6retag att synas p\u00e5 v\u00e5ra matchtr\u00f6jor, jackor och annat i samband med tr\u00e4ning och match. Visa att du st\u00f6djer AIK Boule \u2013 bli&nbsp;<strong>AIK Boule Petanque Partner<\/strong>.<\/p>\n","protected":false},"excerpt":{"rendered":"<p>Samarbeta med AIK Boule Vill du synas i samband med v\u00e5ra tr\u00e4ningar, matcher eller arrangemang? Eller vill du att AIK Boule ska hj\u00e4lpa dig att anordna en uppskattad kund- eller [&hellip;]<\/p>\n","protected":false},"author":73,"featured_media":0,"parent":0,"menu_order":0,"comment_status":"closed","ping_status":"closed","template":"","meta":{"_kad_blocks_custom_css":"","_kad_blocks_head_custom_js":"","_kad_blocks_body_custom_js":"","_kad_blocks_footer_custom_js":"","_EventAllDay":false,"_EventTimezone":"","_EventStartDate":"","_EventEndDate":"","_EventStartDateUTC":"","_EventEndDateUTC":"","_EventShowMap":false,"_EventShowMapLink":false,"_EventURL":"","_EventCost":"","_EventCostDescription":"","_EventCurrencySymbol":"","_EventCurrencyCode":"","_EventCurrencyPosition":"","_EventDateTimeSeparator":"","_EventTimeRangeSeparator":"","_EventOrganizerID":[],"_EventVenueID":[],"_OrganizerEmail":"","_OrganizerPhone":"","_OrganizerWebsite":"","_VenueAddress":"","_VenueCity":"","_VenueCountry":"","_VenueProvince":"","_VenueState":"","_VenueZip":"","_VenuePhone":"","_VenueURL":"","_VenueStateProvince":"","_VenueLat":"","_VenueLng":"","_VenueShowMap":false,"_VenueShowMapLink":false,"_vp_format_video_url":"","_vp_image_focal_point":[],"_vp_custom_popup_image":0,"_vp_format_audio_url":"","_vp_album_images":[],"_vp_custom_thumbnail":0,"_vp_custom_thumbnail_focal_point":[],"_vp_custom_thumbnail_cover":0,"_vp_hover_thumbnail":0,"_vp_hover_thumbnail_focal_point":[],"footnotes":""},"class_list":["post-77","page","type-page","status-publish","hentry"],"blocksy_meta":{"styles_descriptor":{"styles":{"desktop":"[data-prefix=\"single_page\"] {background-position:0% 0%;background-size:contain;background-attachment:fixed;background-color:#ffffff;background-image:linear-gradient(rgba(255, 255, 255, 0.65), rgba(255, 255, 255, 0.65)), url(https:\/\/aik.se\/boule\/wp-content\/uploads\/sites\/7\/2023\/04\/aik_monster_svart_1-utan-gul.png);}","tablet":"","mobile":""},"google_fonts":[],"version":6},"background":{"background_type":{"background_type":"image","background_pattern":"type-1","background_image":{"attachment_id":411,"x":0,"y":0,"url":"https:\/\/aik.se\/boule\/wp-content\/uploads\/sites\/7\/2023\/04\/aik_monster_svart_1-utan-gul-1920x2382.png"},"gradient":"linear-gradient(135deg,rgba(6,147,227,1) 0%,rgb(155,81,224) 100%)","background_repeat":"repeat","background_size":"contain","background_attachment":"fixed","patternColor":{"default":{"color":"#e5e7ea"}},"overlayColor":{"default":{"color":"rgba(255, 255, 255, 0.65)"}},"backgroundColor":{"default":{"color":"#ffffff"}}},"background_pattern":{"background_type":"image","background_pattern":"type-1","background_image":{"attachment_id":411,"x":0,"y":0,"url":"https:\/\/aik.se\/boule\/wp-content\/uploads\/sites\/7\/2023\/04\/aik_monster_svart_1-utan-gul-1920x2382.png"},"gradient":"linear-gradient(135deg,rgba(6,147,227,1) 0%,rgb(155,81,224) 100%)","background_repeat":"repeat","background_size":"contain","background_attachment":"fixed","patternColor":{"default":{"color":"#e5e7ea"}},"overlayColor":{"default":{"color":"rgba(255, 255, 255, 0.65)"}},"backgroundColor":{"default":{"color":"#ffffff"}}},"background_image":{"background_type":"image","background_pattern":"type-1","background_image":{"attachment_id":411,"x":0,"y":0,"url":"https:\/\/aik.se\/boule\/wp-content\/uploads\/sites\/7\/2023\/04\/aik_monster_svart_1-utan-gul-1920x2382.png"},"gradient":"linear-gradient(135deg,rgba(6,147,227,1) 0%,rgb(155,81,224) 100%)","background_repeat":"repeat","background_size":"contain","background_attachment":"fixed","patternColor":{"default":{"color":"#e5e7ea"}},"overlayColor":{"default":{"color":"rgba(255, 255, 255, 0.65)"}},"backgroundColor":{"default":{"color":"#ffffff"}}},"gradient":{"background_type":"image","background_pattern":"type-1","background_image":{"attachment_id":411,"x":0,"y":0,"url":"https:\/\/aik.se\/boule\/wp-content\/uploads\/sites\/7\/2023\/04\/aik_monster_svart_1-utan-gul-1920x2382.png"},"gradient":"linear-gradient(135deg,rgba(6,147,227,1) 0%,rgb(155,81,224) 100%)","background_repeat":"repeat","background_size":"contain","background_attachment":"fixed","patternColor":{"default":{"color":"#e5e7ea"}},"overlayColor":{"default":{"color":"rgba(255, 255, 255, 0.65)"}},"backgroundColor":{"default":{"color":"#ffffff"}}},"background_repeat":{"background_type":"image","background_pattern":"type-1","background_image":{"attachment_id":411,"x":0,"y":0,"url":"https:\/\/aik.se\/boule\/wp-content\/uploads\/sites\/7\/2023\/04\/aik_monster_svart_1-utan-gul-1920x2382.png"},"gradient":"linear-gradient(135deg,rgba(6,147,227,1) 0%,rgb(155,81,224) 100%)","background_repeat":"repeat","background_size":"contain","background_attachment":"fixed","patternColor":{"default":{"color":"#e5e7ea"}},"overlayColor":{"default":{"color":"rgba(255, 255, 255, 0.65)"}},"backgroundColor":{"default":{"color":"#ffffff"}}},"background_size":{"background_type":"image","background_pattern":"type-1","background_image":{"attachment_id":411,"x":0,"y":0,"url":"https:\/\/aik.se\/boule\/wp-content\/uploads\/sites\/7\/2023\/04\/aik_monster_svart_1-utan-gul-1920x2382.png"},"gradient":"linear-gradient(135deg,rgba(6,147,227,1) 0%,rgb(155,81,224) 100%)","background_repeat":"repeat","background_size":"contain","background_attachment":"fixed","patternColor":{"default":{"color":"#e5e7ea"}},"overlayColor":{"default":{"color":"rgba(255, 255, 255, 0.65)"}},"backgroundColor":{"default":{"color":"#ffffff"}}},"background_attachment":{"background_type":"image","background_pattern":"type-1","background_image":{"attachment_id":411,"x":0,"y":0,"url":"https:\/\/aik.se\/boule\/wp-content\/uploads\/sites\/7\/2023\/04\/aik_monster_svart_1-utan-gul-1920x2382.png"},"gradient":"linear-gradient(135deg,rgba(6,147,227,1) 0%,rgb(155,81,224) 100%)","background_repeat":"repeat","background_size":"contain","background_attachment":"fixed","patternColor":{"default":{"color":"#e5e7ea"}},"overlayColor":{"default":{"color":"rgba(255, 255, 255, 0.65)"}},"backgroundColor":{"default":{"color":"#ffffff"}}},"patternColor":{"background_type":"image","background_pattern":"type-1","background_image":{"attachment_id":411,"x":0,"y":0,"url":"https:\/\/aik.se\/boule\/wp-content\/uploads\/sites\/7\/2023\/04\/aik_monster_svart_1-utan-gul-1920x2382.png"},"gradient":"linear-gradient(135deg,rgba(6,147,227,1) 0%,rgb(155,81,224) 100%)","background_repeat":"repeat","background_size":"contain","background_attachment":"fixed","patternColor":{"default":{"color":"#e5e7ea"}},"overlayColor":{"default":{"color":"rgba(255, 255, 255, 0.65)"}},"backgroundColor":{"default":{"color":"#ffffff"}}},"overlayColor":{"background_type":"image","background_pattern":"type-1","background_image":{"attachment_id":411,"x":0,"y":0,"url":"https:\/\/aik.se\/boule\/wp-content\/uploads\/sites\/7\/2023\/04\/aik_monster_svart_1-utan-gul-1920x2382.png"},"gradient":"linear-gradient(135deg,rgba(6,147,227,1) 0%,rgb(155,81,224) 100%)","background_repeat":"repeat","background_size":"contain","background_attachment":"fixed","patternColor":{"default":{"color":"#e5e7ea"}},"overlayColor":{"default":{"color":"rgba(255, 255, 255, 0.65)"}},"backgroundColor":{"default":{"color":"#ffffff"}}},"backgroundColor":{"background_type":"image","background_pattern":"type-1","background_image":{"attachment_id":411,"x":0,"y":0,"url":"https:\/\/aik.se\/boule\/wp-content\/uploads\/sites\/7\/2023\/04\/aik_monster_svart_1-utan-gul-1920x2382.png"},"gradient":"linear-gradient(135deg,rgba(6,147,227,1) 0%,rgb(155,81,224) 100%)","background_repeat":"repeat","background_size":"contain","background_attachment":"fixed","patternColor":{"default":{"color":"#e5e7ea"}},"overlayColor":{"default":{"color":"rgba(255, 255, 255, 0.65)"}},"backgroundColor":{"default":{"color":"#ffffff"}}},"desktop":{"background_type":"image","background_pattern":"type-1","background_image":{"attachment_id":411,"x":0,"y":0,"url":"https:\/\/aik.se\/boule\/wp-content\/uploads\/sites\/7\/2023\/04\/aik_monster_svart_1-utan-gul-1920x2382.png"},"gradient":"linear-gradient(135deg,rgba(6,147,227,1) 0%,rgb(155,81,224) 100%)","background_repeat":"repeat","background_size":"contain","background_attachment":"fixed","patternColor":{"default":{"color":"#e5e7ea"}},"overlayColor":{"default":{"color":"rgba(255, 255, 255, 0.65)"}},"backgroundColor":{"default":{"color":"#ffffff"}}},"tablet":{"background_type":"image","background_pattern":"type-1","background_image":{"attachment_id":411,"x":0,"y":0,"url":"https:\/\/aik.se\/boule\/wp-content\/uploads\/sites\/7\/2023\/04\/aik_monster_svart_1-utan-gul-1920x2382.png"},"gradient":"linear-gradient(135deg,rgba(6,147,227,1) 0%,rgb(155,81,224) 100%)","background_repeat":"repeat","background_size":"contain","background_attachment":"fixed","patternColor":{"default":{"color":"#e5e7ea"}},"overlayColor":{"default":{"color":"rgba(255, 255, 255, 0.65)"}},"backgroundColor":{"default":{"color":"#ffffff"}}},"mobile":{"background_type":"image","background_pattern":"type-1","background_image":{"attachment_id":411,"x":0,"y":0,"url":"https:\/\/aik.se\/boule\/wp-content\/uploads\/sites\/7\/2023\/04\/aik_monster_svart_1-utan-gul-1920x2382.png"},"gradient":"linear-gradient(135deg,rgba(6,147,227,1) 0%,rgb(155,81,224) 100%)","background_repeat":"repeat","background_size":"contain","background_attachment":"fixed","patternColor":{"default":{"color":"#e5e7ea"}},"overlayColor":{"default":{"color":"rgba(255, 255, 255, 0.65)"}},"backgroundColor":{"default":{"color":"#ffffff"}}},"__changed":[]}},"taxonomy_info":[],"featured_image_src_large":false,"author_info":{"display_name":"remivesvre","author_link":"https:\/\/aik.se\/petanque\/author\/remivesvre\/"},"comment_info":0,"_links":{"self":[{"href":"https:\/\/aik.se\/petanque\/wp-json\/wp\/v2\/pages\/77","targetHints":{"allow":["GET"]}}],"collection":[{"href":"https:\/\/aik.se\/petanque\/wp-json\/wp\/v2\/pages"}],"about":[{"href":"https:\/\/aik.se\/petanque\/wp-json\/wp\/v2\/types\/page"}],"author":[{"embeddable":true,"href":"https:\/\/aik.se\/petanque\/wp-json\/wp\/v2\/users\/73"}],"replies":[{"embeddable":true,"href":"https:\/\/aik.se\/petanque\/wp-json\/wp\/v2\/comments?post=77"}],"version-history":[{"count":4,"href":"https:\/\/aik.se\/petanque\/wp-json\/wp\/v2\/pages\/77\/revisions"}],"predecessor-version":[{"id":473,"href":"https:\/\/aik.se\/petanque\/wp-json\/wp\/v2\/pages\/77\/revisions\/473"}],"wp:attachment":[{"href":"https:\/\/aik.se\/petanque\/wp-json\/wp\/v2\/media?parent=77"}],"curies":[{"name":"wp","href":"https:\/\/api.w.org\/{rel}","templated":true}]}}